{"id":4390,"date":"2025-10-24T09:14:30","date_gmt":"2025-10-24T07:14:30","guid":{"rendered":"https:\/\/redesignwithjulia.com\/?post_type=product&#038;p=4390"},"modified":"2025-10-24T09:38:58","modified_gmt":"2025-10-24T07:38:58","slug":"falling-leaves-fantasy-matrita-silicon-redesign-with-prima","status":"publish","type":"product","link":"https:\/\/redesignwithjulia.com\/hu\/termek\/falling-leaves-fantasy-matrita-silicon-redesign-with-prima\/","title":{"rendered":"Falling Leaves Fantasy \u2013 Matri\u021b\u0103 silicon Redesign with Prima"},"content":{"rendered":"<p>Matri\u021ba decorativ\u0103 \u201eFalling Leaves Fantasy\u201d de la Redesign with Prima prezint\u0103 o gam\u0103 captivant\u0103 de frunze cu detalii complexe, oferind versatilitate \u0219i farmec at\u00e2t pentru proiectele artistice, c\u00e2t \u0219i pentru cele culinare.<\/p>\n<p>Cu dimensiunile de 12,7 x 20,32 cm \u0219i o ad\u00e2ncime de 8 mm, aceast\u0103 matri\u021b\u0103 dintr-o singur\u0103 bucat\u0103 ofer\u0103 spa\u021biu suficient pentru a crea modele de frunze fin detaliate \u00een trei dimensiuni.<\/p>\n<p>Frunzele sunt realizate meticulos, captur\u00e2nd esen\u021ba toamnei cu frumuse\u021bea lor natural\u0103 \u0219i nervurile delicate.<\/p>\n<p>Matri\u021ba decorativ\u0103 \u201eFalling Leaves Fantasy\u201d\u00a0 nu este doar un instrument versatil pentru proiecte de artizanat, ci este \u0219i sigur\u0103 pentru alimente \u0219i poate fi folosit\u0103 \u00een cuptor.<\/p>\n<p>Aceasta \u00eenseamn\u0103 c\u0103 poate fi utilizat\u0103 cu o varietate de materiale, inclusiv r\u0103\u0219in\u0103, past\u0103 elastic\u0103, lipici fierbinte, material de modelare, fondant, ciocolat\u0103 \u0219i multe altele. Fie c\u0103 crea\u021bi elemente decorative pentru renovarea mobilierului, proiecte de decorare a casei sau piese de art\u0103 mixt\u0103, fie c\u0103 ad\u0103uga\u021bi detalii complexe la torturi, deserturi sau dulciuri, aceast\u0103 matri\u021b\u0103 ofer\u0103 posibilit\u0103\u021bi creative nelimitate.<\/p>\n<p>Dimensiune: 12,7 x 20,32 cm<\/p>","protected":false},"excerpt":{"rendered":"<p>Matri\u021ba decorativ\u0103 \u201eFalling Leaves Fantasy\u201d de la Redesign with Prima prezint\u0103 o gam\u0103 captivant\u0103 de frunze cu detalii complexe, oferind versatilitate \u0219i farmec at\u00e2t pentru proiectele artistice, c\u00e2t \u0219i pentru cele culinare. Cu dimensiunile de 12,7 x 20,32 cm \u0219i o ad\u00e2ncime de 8 mm, aceast\u0103 matri\u021b\u0103 dintr-o singur\u0103 bucat\u0103 ofer\u0103 spa\u021biu suficient pentru a [&hellip;]<\/p>","protected":false},"featured_media":4391,"comment_status":"open","ping_status":"closed","template":"","meta":{"_et_pb_use_builder":"","_et_pb_old_content":"","_et_gb_content_width":""},"product_cat":[78,21],"product_tag":[],"_links":{"self":[{"href":"https:\/\/redesignwithjulia.com\/hu\/wp-json\/wp\/v2\/product\/4390"}],"collection":[{"href":"https:\/\/redesignwithjulia.com\/hu\/wp-json\/wp\/v2\/product"}],"about":[{"href":"https:\/\/redesignwithjulia.com\/hu\/wp-json\/wp\/v2\/types\/product"}],"replies":[{"embeddable":true,"href":"https:\/\/redesignwithjulia.com\/hu\/wp-json\/wp\/v2\/comments?post=4390"}],"wp:featuredmedia":[{"embeddable":true,"href":"https:\/\/redesignwithjulia.com\/hu\/wp-json\/wp\/v2\/media\/4391"}],"wp:attachment":[{"href":"https:\/\/redesignwithjulia.com\/hu\/wp-json\/wp\/v2\/media?parent=4390"}],"wp:term":[{"taxonomy":"product_cat","embeddable":true,"href":"https:\/\/redesignwithjulia.com\/hu\/wp-json\/wp\/v2\/product_cat?post=4390"},{"taxonomy":"product_tag","embeddable":true,"href":"https:\/\/redesignwithjulia.com\/hu\/wp-json\/wp\/v2\/product_tag?post=4390"}],"curies":[{"name":"wp","href":"https:\/\/api.w.org\/{rel}","templated":true}]}}