{"id":4397,"date":"2025-10-24T11:42:50","date_gmt":"2025-10-24T09:42:50","guid":{"rendered":"https:\/\/redesignwithjulia.com\/?post_type=product&#038;p=4397"},"modified":"2025-10-24T20:26:17","modified_gmt":"2025-10-24T18:26:17","slug":"frosted-snowflake-wonders-matrita-silicon-redesign-with-prima","status":"publish","type":"product","link":"https:\/\/redesignwithjulia.com\/hu\/termek\/frosted-snowflake-wonders-matrita-silicon-redesign-with-prima\/","title":{"rendered":"Frosted Snowflake Wonders \u2013 Matri\u021b\u0103 silicon Redesign with Prima"},"content":{"rendered":"<p>V-au pl\u0103cut formele noastre pentru fulgi de z\u0103pad\u0103 \u0219i acum ave\u021bi \u0219i mai multe de colec\u021bionat! Forma Frosted Snowflake Wonders include \u0219ase modele noi, extrem de detaliate, perfecte pentru a crea accente elegante de s\u0103rb\u0103tori. De la ornamente delicate la modele \u00eendr\u0103zne\u021be, stratificate, fiecare fulg de z\u0103pad\u0103 aduce ceva special ornamentelor, etichetelor pentru cadouri, t\u0103vilor \u0219i multor altor obiecte.<\/p>\n<p>Concepute pentru r\u0103\u0219in\u0103, lut uscat la aer, fondant, ciocolat\u0103 \u0219i multe altele, fiecare turnare surprinde detaliile fine care fac ca o pies\u0103 s\u0103 fie cu adev\u0103rat special\u0103. Sigure pentru alimente, potrivite pentru cuptor \u0219i gata s\u0103 transforme orice suprafa\u021b\u0103 \u00een ceva extraordinar.<\/p>\n<p>Dimensiune: 12,7 x 25,4 cm<\/p>","protected":false},"excerpt":{"rendered":"<p>V-au pl\u0103cut formele noastre pentru fulgi de z\u0103pad\u0103 \u0219i acum ave\u021bi \u0219i mai multe de colec\u021bionat! Forma Frosted Snowflake Wonders include \u0219ase modele noi, extrem de detaliate, perfecte pentru a crea accente elegante de s\u0103rb\u0103tori. De la ornamente delicate la modele \u00eendr\u0103zne\u021be, stratificate, fiecare fulg de z\u0103pad\u0103 aduce ceva special ornamentelor, etichetelor pentru cadouri, t\u0103vilor [&hellip;]<\/p>","protected":false},"featured_media":4398,"comment_status":"open","ping_status":"closed","template":"","meta":{"_et_pb_use_builder":"","_et_pb_old_content":"","_et_gb_content_width":""},"product_cat":[78,21],"product_tag":[],"_links":{"self":[{"href":"https:\/\/redesignwithjulia.com\/hu\/wp-json\/wp\/v2\/product\/4397"}],"collection":[{"href":"https:\/\/redesignwithjulia.com\/hu\/wp-json\/wp\/v2\/product"}],"about":[{"href":"https:\/\/redesignwithjulia.com\/hu\/wp-json\/wp\/v2\/types\/product"}],"replies":[{"embeddable":true,"href":"https:\/\/redesignwithjulia.com\/hu\/wp-json\/wp\/v2\/comments?post=4397"}],"wp:featuredmedia":[{"embeddable":true,"href":"https:\/\/redesignwithjulia.com\/hu\/wp-json\/wp\/v2\/media\/4398"}],"wp:attachment":[{"href":"https:\/\/redesignwithjulia.com\/hu\/wp-json\/wp\/v2\/media?parent=4397"}],"wp:term":[{"taxonomy":"product_cat","embeddable":true,"href":"https:\/\/redesignwithjulia.com\/hu\/wp-json\/wp\/v2\/product_cat?post=4397"},{"taxonomy":"product_tag","embeddable":true,"href":"https:\/\/redesignwithjulia.com\/hu\/wp-json\/wp\/v2\/product_tag?post=4397"}],"curies":[{"name":"wp","href":"https:\/\/api.w.org\/{rel}","templated":true}]}}