{"id":4501,"date":"2025-11-04T12:44:52","date_gmt":"2025-11-04T10:44:52","guid":{"rendered":"https:\/\/redesignwithjulia.com\/?post_type=product&#038;p=4501"},"modified":"2025-11-04T14:22:10","modified_gmt":"2025-11-04T12:22:10","slug":"ghiveci-ceramica-decorat-cu-transfer-redesign-with-prima","status":"publish","type":"product","link":"https:\/\/redesignwithjulia.com\/hu\/termek\/ghiveci-ceramica-decorat-cu-transfer-redesign-with-prima\/","title":{"rendered":"Ghiveci ceramic\u0103 decorat cu transfer Redesign with Prima"},"content":{"rendered":"<p>Diametru 13 cm. \u00cen\u0103l\u021bime 12 cm.<\/p>","protected":false},"excerpt":{"rendered":"<p>Diametru 13 cm. \u00cen\u0103l\u021bime 12 cm.<\/p>","protected":false},"featured_media":4502,"comment_status":"open","ping_status":"closed","template":"","meta":{"_et_pb_use_builder":"","_et_pb_old_content":"","_et_gb_content_width":""},"product_cat":[80],"product_tag":[],"_links":{"self":[{"href":"https:\/\/redesignwithjulia.com\/hu\/wp-json\/wp\/v2\/product\/4501"}],"collection":[{"href":"https:\/\/redesignwithjulia.com\/hu\/wp-json\/wp\/v2\/product"}],"about":[{"href":"https:\/\/redesignwithjulia.com\/hu\/wp-json\/wp\/v2\/types\/product"}],"replies":[{"embeddable":true,"href":"https:\/\/redesignwithjulia.com\/hu\/wp-json\/wp\/v2\/comments?post=4501"}],"wp:featuredmedia":[{"embeddable":true,"href":"https:\/\/redesignwithjulia.com\/hu\/wp-json\/wp\/v2\/media\/4502"}],"wp:attachment":[{"href":"https:\/\/redesignwithjulia.com\/hu\/wp-json\/wp\/v2\/media?parent=4501"}],"wp:term":[{"taxonomy":"product_cat","embeddable":true,"href":"https:\/\/redesignwithjulia.com\/hu\/wp-json\/wp\/v2\/product_cat?post=4501"},{"taxonomy":"product_tag","embeddable":true,"href":"https:\/\/redesignwithjulia.com\/hu\/wp-json\/wp\/v2\/product_tag?post=4501"}],"curies":[{"name":"wp","href":"https:\/\/api.w.org\/{rel}","templated":true}]}}