{"id":4525,"date":"2025-11-04T14:04:29","date_gmt":"2025-11-04T12:04:29","guid":{"rendered":"https:\/\/redesignwithjulia.com\/?post_type=product&#038;p=4525"},"modified":"2026-03-09T13:45:57","modified_gmt":"2026-03-09T11:45:57","slug":"vaza-decorata-cu-trandafiri","status":"publish","type":"product","link":"https:\/\/redesignwithjulia.com\/hu\/termek\/vaza-decorata-cu-trandafiri\/","title":{"rendered":"Vaz\u0103 decorat\u0103 cu trandafiri"},"content":{"rendered":"<p>Diametru 10 cm. \u00cen\u0103l\u021bime 10 cm.<\/p>","protected":false},"excerpt":{"rendered":"<p>Diametru 10 cm. \u00cen\u0103l\u021bime 10 cm.<\/p>","protected":false},"featured_media":4526,"comment_status":"open","ping_status":"closed","template":"","meta":{"_et_pb_use_builder":"","_et_pb_old_content":"","_et_gb_content_width":""},"product_cat":[80],"product_tag":[],"_links":{"self":[{"href":"https:\/\/redesignwithjulia.com\/hu\/wp-json\/wp\/v2\/product\/4525"}],"collection":[{"href":"https:\/\/redesignwithjulia.com\/hu\/wp-json\/wp\/v2\/product"}],"about":[{"href":"https:\/\/redesignwithjulia.com\/hu\/wp-json\/wp\/v2\/types\/product"}],"replies":[{"embeddable":true,"href":"https:\/\/redesignwithjulia.com\/hu\/wp-json\/wp\/v2\/comments?post=4525"}],"wp:featuredmedia":[{"embeddable":true,"href":"https:\/\/redesignwithjulia.com\/hu\/wp-json\/wp\/v2\/media\/4526"}],"wp:attachment":[{"href":"https:\/\/redesignwithjulia.com\/hu\/wp-json\/wp\/v2\/media?parent=4525"}],"wp:term":[{"taxonomy":"product_cat","embeddable":true,"href":"https:\/\/redesignwithjulia.com\/hu\/wp-json\/wp\/v2\/product_cat?post=4525"},{"taxonomy":"product_tag","embeddable":true,"href":"https:\/\/redesignwithjulia.com\/hu\/wp-json\/wp\/v2\/product_tag?post=4525"}],"curies":[{"name":"wp","href":"https:\/\/api.w.org\/{rel}","templated":true}]}}