{"id":4545,"date":"2025-11-04T18:13:49","date_gmt":"2025-11-04T16:13:49","guid":{"rendered":"https:\/\/redesignwithjulia.com\/?post_type=product&#038;p=4545"},"modified":"2025-11-05T09:04:39","modified_gmt":"2025-11-05T07:04:39","slug":"cosulet-de-sarbatori","status":"publish","type":"product","link":"https:\/\/redesignwithjulia.com\/hu\/termek\/cosulet-de-sarbatori\/","title":{"rendered":"Co\u0219ule\u021b de S\u0103rb\u0103tori"},"content":{"rendered":"<p>\u00cen\u0103l\u021bime 8 cm, l\u0103\u021bime 13 cm. MAterial lemn reciclat.<\/p>","protected":false},"excerpt":{"rendered":"<p>\u00cen\u0103l\u021bime 8 cm, l\u0103\u021bime 13 cm. MAterial lemn reciclat.<\/p>","protected":false},"featured_media":4547,"comment_status":"open","ping_status":"closed","template":"","meta":{"_et_pb_use_builder":"","_et_pb_old_content":"","_et_gb_content_width":""},"product_cat":[80],"product_tag":[],"_links":{"self":[{"href":"https:\/\/redesignwithjulia.com\/hu\/wp-json\/wp\/v2\/product\/4545"}],"collection":[{"href":"https:\/\/redesignwithjulia.com\/hu\/wp-json\/wp\/v2\/product"}],"about":[{"href":"https:\/\/redesignwithjulia.com\/hu\/wp-json\/wp\/v2\/types\/product"}],"replies":[{"embeddable":true,"href":"https:\/\/redesignwithjulia.com\/hu\/wp-json\/wp\/v2\/comments?post=4545"}],"wp:featuredmedia":[{"embeddable":true,"href":"https:\/\/redesignwithjulia.com\/hu\/wp-json\/wp\/v2\/media\/4547"}],"wp:attachment":[{"href":"https:\/\/redesignwithjulia.com\/hu\/wp-json\/wp\/v2\/media?parent=4545"}],"wp:term":[{"taxonomy":"product_cat","embeddable":true,"href":"https:\/\/redesignwithjulia.com\/hu\/wp-json\/wp\/v2\/product_cat?post=4545"},{"taxonomy":"product_tag","embeddable":true,"href":"https:\/\/redesignwithjulia.com\/hu\/wp-json\/wp\/v2\/product_tag?post=4545"}],"curies":[{"name":"wp","href":"https:\/\/api.w.org\/{rel}","templated":true}]}}