{"id":4580,"date":"2025-11-04T23:55:42","date_gmt":"2025-11-04T21:55:42","guid":{"rendered":"https:\/\/redesignwithjulia.com\/?post_type=product&#038;p=4580"},"modified":"2025-11-05T08:55:36","modified_gmt":"2025-11-05T06:55:36","slug":"decor-masa-farfurie-patrata","status":"publish","type":"product","link":"https:\/\/redesignwithjulia.com\/hu\/termek\/decor-masa-farfurie-patrata\/","title":{"rendered":"Decor mas\u0103 &#8211; farfurie p\u0103trat\u0103"},"content":{"rendered":"<p>Dimensiune &#8211; 15 x 15 cm.<\/p>\n<p>Material &#8211; sticl\u0103 groas\u0103.<\/p>\n<p>Casant\u0103<\/p>","protected":false},"excerpt":{"rendered":"<p>Dimensiune &#8211; 15 x 15 cm. Material &#8211; sticl\u0103 groas\u0103. Casant\u0103<\/p>","protected":false},"featured_media":4581,"comment_status":"open","ping_status":"closed","template":"","meta":{"_et_pb_use_builder":"","_et_pb_old_content":"","_et_gb_content_width":""},"product_cat":[80],"product_tag":[],"_links":{"self":[{"href":"https:\/\/redesignwithjulia.com\/hu\/wp-json\/wp\/v2\/product\/4580"}],"collection":[{"href":"https:\/\/redesignwithjulia.com\/hu\/wp-json\/wp\/v2\/product"}],"about":[{"href":"https:\/\/redesignwithjulia.com\/hu\/wp-json\/wp\/v2\/types\/product"}],"replies":[{"embeddable":true,"href":"https:\/\/redesignwithjulia.com\/hu\/wp-json\/wp\/v2\/comments?post=4580"}],"wp:featuredmedia":[{"embeddable":true,"href":"https:\/\/redesignwithjulia.com\/hu\/wp-json\/wp\/v2\/media\/4581"}],"wp:attachment":[{"href":"https:\/\/redesignwithjulia.com\/hu\/wp-json\/wp\/v2\/media?parent=4580"}],"wp:term":[{"taxonomy":"product_cat","embeddable":true,"href":"https:\/\/redesignwithjulia.com\/hu\/wp-json\/wp\/v2\/product_cat?post=4580"},{"taxonomy":"product_tag","embeddable":true,"href":"https:\/\/redesignwithjulia.com\/hu\/wp-json\/wp\/v2\/product_tag?post=4580"}],"curies":[{"name":"wp","href":"https:\/\/api.w.org\/{rel}","templated":true}]}}