{"id":4818,"date":"2026-01-16T11:16:48","date_gmt":"2026-01-16T09:16:48","guid":{"rendered":"https:\/\/redesignwithjulia.com\/?post_type=product&#038;p=4818"},"modified":"2026-03-10T09:32:24","modified_gmt":"2026-03-10T07:32:24","slug":"farfurie-decorativa","status":"publish","type":"product","link":"https:\/\/redesignwithjulia.com\/hu\/termek\/farfurie-decorativa\/","title":{"rendered":"Farfurie decorativ\u0103"},"content":{"rendered":"<p>Farfurie decorativ\u0103 din plastic, reciclat\u0103 si decorat\u0103 cu transfer de la Dadarkararts.<\/p>","protected":false},"excerpt":{"rendered":"<p>Farfurie decorativ\u0103 din plastic, reciclat\u0103 si decorat\u0103 cu transfer de la Dadarkararts.<\/p>","protected":false},"featured_media":4819,"comment_status":"open","ping_status":"closed","template":"","meta":{"_et_pb_use_builder":"","_et_pb_old_content":"","_et_gb_content_width":""},"product_cat":[80,84],"product_tag":[],"_links":{"self":[{"href":"https:\/\/redesignwithjulia.com\/hu\/wp-json\/wp\/v2\/product\/4818"}],"collection":[{"href":"https:\/\/redesignwithjulia.com\/hu\/wp-json\/wp\/v2\/product"}],"about":[{"href":"https:\/\/redesignwithjulia.com\/hu\/wp-json\/wp\/v2\/types\/product"}],"replies":[{"embeddable":true,"href":"https:\/\/redesignwithjulia.com\/hu\/wp-json\/wp\/v2\/comments?post=4818"}],"wp:featuredmedia":[{"embeddable":true,"href":"https:\/\/redesignwithjulia.com\/hu\/wp-json\/wp\/v2\/media\/4819"}],"wp:attachment":[{"href":"https:\/\/redesignwithjulia.com\/hu\/wp-json\/wp\/v2\/media?parent=4818"}],"wp:term":[{"taxonomy":"product_cat","embeddable":true,"href":"https:\/\/redesignwithjulia.com\/hu\/wp-json\/wp\/v2\/product_cat?post=4818"},{"taxonomy":"product_tag","embeddable":true,"href":"https:\/\/redesignwithjulia.com\/hu\/wp-json\/wp\/v2\/product_tag?post=4818"}],"curies":[{"name":"wp","href":"https:\/\/api.w.org\/{rel}","templated":true}]}}