{"id":4822,"date":"2026-01-16T11:20:20","date_gmt":"2026-01-16T09:20:20","guid":{"rendered":"https:\/\/redesignwithjulia.com\/?post_type=product&#038;p=4822"},"modified":"2026-03-09T12:25:57","modified_gmt":"2026-03-09T10:25:57","slug":"rama-decorativa","status":"publish","type":"product","link":"https:\/\/redesignwithjulia.com\/hu\/termek\/rama-decorativa\/","title":{"rendered":"Ram\u0103 decorativ\u0103"},"content":{"rendered":"<p>Ram\u0103 decorativ\u0103 din lemn, reciclat\u0103 \u0219i decorat\u0103 cu transfer de la Dadarkararts.<\/p>","protected":false},"excerpt":{"rendered":"<p>Ram\u0103 decorativ\u0103 din lemn, reciclat\u0103 \u0219i decorat\u0103 cu transfer de la Dadarkararts.<\/p>","protected":false},"featured_media":5024,"comment_status":"open","ping_status":"closed","template":"","meta":{"_et_pb_use_builder":"","_et_pb_old_content":"","_et_gb_content_width":""},"product_cat":[80,84],"product_tag":[],"_links":{"self":[{"href":"https:\/\/redesignwithjulia.com\/hu\/wp-json\/wp\/v2\/product\/4822"}],"collection":[{"href":"https:\/\/redesignwithjulia.com\/hu\/wp-json\/wp\/v2\/product"}],"about":[{"href":"https:\/\/redesignwithjulia.com\/hu\/wp-json\/wp\/v2\/types\/product"}],"replies":[{"embeddable":true,"href":"https:\/\/redesignwithjulia.com\/hu\/wp-json\/wp\/v2\/comments?post=4822"}],"wp:featuredmedia":[{"embeddable":true,"href":"https:\/\/redesignwithjulia.com\/hu\/wp-json\/wp\/v2\/media\/5024"}],"wp:attachment":[{"href":"https:\/\/redesignwithjulia.com\/hu\/wp-json\/wp\/v2\/media?parent=4822"}],"wp:term":[{"taxonomy":"product_cat","embeddable":true,"href":"https:\/\/redesignwithjulia.com\/hu\/wp-json\/wp\/v2\/product_cat?post=4822"},{"taxonomy":"product_tag","embeddable":true,"href":"https:\/\/redesignwithjulia.com\/hu\/wp-json\/wp\/v2\/product_tag?post=4822"}],"curies":[{"name":"wp","href":"https:\/\/api.w.org\/{rel}","templated":true}]}}