{"id":4841,"date":"2026-01-18T21:08:26","date_gmt":"2026-01-18T19:08:26","guid":{"rendered":"https:\/\/redesignwithjulia.com\/?post_type=product&#038;p=4841"},"modified":"2026-01-18T21:23:02","modified_gmt":"2026-01-18T19:23:02","slug":"tavita-ceramica","status":"publish","type":"product","link":"https:\/\/redesignwithjulia.com\/hu\/termek\/tavita-ceramica\/","title":{"rendered":"T\u0103vi\u021b\u0103 ceramic\u0103"},"content":{"rendered":"<p>T\u0103vi\u021b\u0103 ceramic\u0103 \u00een form\u0103 de inim\u0103. L\u0103\u021bime 8 cm. Culoare: ro\u0219u carmin.<\/p>\n<p>&nbsp;<\/p>","protected":false},"excerpt":{"rendered":"<p>T\u0103vi\u021b\u0103 ceramic\u0103 \u00een form\u0103 de inim\u0103. L\u0103\u021bime 8 cm. Culoare: ro\u0219u carmin. &nbsp;<\/p>","protected":false},"featured_media":4842,"comment_status":"open","ping_status":"closed","template":"","meta":{"_et_pb_use_builder":"","_et_pb_old_content":"","_et_gb_content_width":""},"product_cat":[80,84],"product_tag":[],"_links":{"self":[{"href":"https:\/\/redesignwithjulia.com\/hu\/wp-json\/wp\/v2\/product\/4841"}],"collection":[{"href":"https:\/\/redesignwithjulia.com\/hu\/wp-json\/wp\/v2\/product"}],"about":[{"href":"https:\/\/redesignwithjulia.com\/hu\/wp-json\/wp\/v2\/types\/product"}],"replies":[{"embeddable":true,"href":"https:\/\/redesignwithjulia.com\/hu\/wp-json\/wp\/v2\/comments?post=4841"}],"wp:featuredmedia":[{"embeddable":true,"href":"https:\/\/redesignwithjulia.com\/hu\/wp-json\/wp\/v2\/media\/4842"}],"wp:attachment":[{"href":"https:\/\/redesignwithjulia.com\/hu\/wp-json\/wp\/v2\/media?parent=4841"}],"wp:term":[{"taxonomy":"product_cat","embeddable":true,"href":"https:\/\/redesignwithjulia.com\/hu\/wp-json\/wp\/v2\/product_cat?post=4841"},{"taxonomy":"product_tag","embeddable":true,"href":"https:\/\/redesignwithjulia.com\/hu\/wp-json\/wp\/v2\/product_tag?post=4841"}],"curies":[{"name":"wp","href":"https:\/\/api.w.org\/{rel}","templated":true}]}}