{"id":4862,"date":"2026-01-18T21:42:41","date_gmt":"2026-01-18T19:42:41","guid":{"rendered":"https:\/\/redesignwithjulia.com\/?post_type=product&#038;p=4862"},"modified":"2026-03-09T14:09:41","modified_gmt":"2026-03-09T12:09:41","slug":"tava-rasina","status":"publish","type":"product","link":"https:\/\/redesignwithjulia.com\/hu\/termek\/tava-rasina\/","title":{"rendered":"Tav\u0103 r\u0103\u0219in\u0103"},"content":{"rendered":"<p>Tav\u0103 oval\u0103 din r\u0103\u0219in\u0103. Dimensiune:18 x 9,5 cm.<\/p>","protected":false},"excerpt":{"rendered":"<p>Tav\u0103 oval\u0103 din r\u0103\u0219in\u0103. Dimensiune:18 x 9,5 cm.<\/p>","protected":false},"featured_media":4863,"comment_status":"open","ping_status":"closed","template":"","meta":{"_et_pb_use_builder":"","_et_pb_old_content":"","_et_gb_content_width":""},"product_cat":[80,84],"product_tag":[],"_links":{"self":[{"href":"https:\/\/redesignwithjulia.com\/hu\/wp-json\/wp\/v2\/product\/4862"}],"collection":[{"href":"https:\/\/redesignwithjulia.com\/hu\/wp-json\/wp\/v2\/product"}],"about":[{"href":"https:\/\/redesignwithjulia.com\/hu\/wp-json\/wp\/v2\/types\/product"}],"replies":[{"embeddable":true,"href":"https:\/\/redesignwithjulia.com\/hu\/wp-json\/wp\/v2\/comments?post=4862"}],"wp:featuredmedia":[{"embeddable":true,"href":"https:\/\/redesignwithjulia.com\/hu\/wp-json\/wp\/v2\/media\/4863"}],"wp:attachment":[{"href":"https:\/\/redesignwithjulia.com\/hu\/wp-json\/wp\/v2\/media?parent=4862"}],"wp:term":[{"taxonomy":"product_cat","embeddable":true,"href":"https:\/\/redesignwithjulia.com\/hu\/wp-json\/wp\/v2\/product_cat?post=4862"},{"taxonomy":"product_tag","embeddable":true,"href":"https:\/\/redesignwithjulia.com\/hu\/wp-json\/wp\/v2\/product_tag?post=4862"}],"curies":[{"name":"wp","href":"https:\/\/api.w.org\/{rel}","templated":true}]}}