{"id":528,"date":"2021-05-31T11:46:08","date_gmt":"2021-05-31T09:46:08","guid":{"rendered":"https:\/\/redesignwithjulia.com\/?page_id=528"},"modified":"2022-01-26T17:13:15","modified_gmt":"2022-01-26T15:13:15","slug":"redesign-with-prima-romania-delivery-conditions","status":"publish","type":"page","link":"https:\/\/redesignwithjulia.com\/ro\/redesign-with-prima-romania-delivery-conditions\/","title":{"rendered":"Condi\u021bii de livrare"},"content":{"rendered":"<p>[et_pb_section fb_built=&#8221;1&#8243; _builder_version=&#8221;4.9.2&#8243; _module_preset=&#8221;default&#8221;][et_pb_row _builder_version=&#8221;4.9.2&#8243; _module_preset=&#8221;default&#8221;][et_pb_column type=&#8221;4_4&#8243; _builder_version=&#8221;4.9.2&#8243; _module_preset=&#8221;default&#8221;][et_pb_text _builder_version=&#8221;4.9.2&#8243; _module_preset=&#8221;default&#8221; header_2_font=&#8221;Quattrocento||||||||&#8221; hover_enabled=&#8221;0&#8243; sticky_enabled=&#8221;0&#8243;]<\/p>\n<h2>Condi\u021bii de livrare<\/h2>\n<p>&nbsp;<\/p>\n<p>Produsele cump\u0103rate din magazinul nostru online pot fi ridicate prin urm\u0103toarele metode:<\/p>\n<ul>\n<li style=\"list-style-type: none;\">\n<ul>\n<li>Ridicarea personal\u0103 din Gheorgheni \/ Harghita \/ Rom\u00e2nia, dup\u0103 ce ne contacta\u021bi \u0219i confirma\u021bi aceast\u0103 metod\u0103. Ora, data \u0219i loca\u021bia de ridicare vor fi stabilite de c\u0103tre client \u0219i colegul nostru reprezentant.<\/li>\n<li>Trimiterea pachetului cu livrare po\u0219tal\u0103 pe teritoriul Rom\u00e2niei. Taxele po\u0219tale vor fi percepute conform tarifului Po\u0219tei Rom\u00e2ne.<\/li>\n<li>Trimiterea pachetului cu servicii de curierat pe teritoriul Rom\u00e2niei. \u00cen general, trimitem coletele cu \"<a href=\"https:\/\/www.fancourier.ro\/\" title=\"Fan Courier\">Fan Courier<\/a>\" sau \"<a href=\"https:\/\/www.cargus.ro\/\" title=\"Cargus\">Cargus<\/a>&#8216; .<\/li>\n<li>Exist\u0103 o tax\u0103 de livrare dat\u0103 de firma de curierat, iar aceasta trebuie pl\u0103tit\u0103 de c\u0103tre client. (\u00cen viitor avem \u00een plan s\u0103 ne \u00eembun\u0103t\u0103\u021bim serviciile, pentru a le face gratuite)<\/li>\n<li>Termenul de expedi\u021bie depinde de urm\u0103toarele cazuri:\n<ul>\n<li>Dac\u0103 exist\u0103 o cantitate suficient\u0103 \u00een stoc, expediem pachetul \u00een maxim 2 zile lucr\u0103toare;<\/li>\n<li>\u00cen cazul \u00een care nu exist\u0103 stoc, vom lua leg\u0103tura cu clientul, pentru a lua o decizie \u00een leg\u0103tur\u0103 cu comanda sa, care poate fi urm\u0103toarea:\n<ul>\n<li>Refuzarea comenzii<\/li>\n<li>Lu\u00e2nd separat, ceea ce \u00eenseamn\u0103 c\u0103 se va trimite prima dat\u0103 cantitatea de\u021binut\u0103, iar odat\u0103 ce stocul se va umple din nou, vom trimite restul comenzii<\/li>\n<li>Trimiterea o singur\u0103 dat\u0103, atunci c\u00e2nd stocul are o cantitate suficient\u0103 pentru a fi livrat\u0103 \u00eentr-o singur\u0103 dat\u0103.<\/li>\n<\/ul>\n<\/li>\n<\/ul>\n<\/li>\n<li>Costul de livrare poate fi diferit \u00een func\u021bie de loca\u021bia \u021bint\u0103, care nu este definit\u0103 de noi, ci de compania de curierat \u0219i de serviciile acesteia.<\/li>\n<li>Timpul de livrare este definit de serviciul de curierat, dar pentru distan\u021be mici poate fi de o zi, iar pentru distan\u021be mai mari sau loca\u021bii greu accesibile poate dura p\u00e2n\u0103 la 3-4 zile.<\/li>\n<li>\u00cenainte de a cump\u0103ra un produs, recomand\u0103m cu c\u0103ldur\u0103 clientului s\u0103 verifice condi\u021biile acestuia, deoarece nu \u00eenlocuim acel produs dac\u0103 nu exist\u0103 un caz special. Un caz special poate fi un produs deteriorat (nu un ambalaj deteriorat), sau un alt caz similar.<\/li>\n<\/ul>\n<\/li>\n<\/ul>\n<ul><\/ul>\n<p>[\/et_pb_text][\/et_pb_column][\/et_pb_row][\/et_pb_section]<\/p>","protected":false},"excerpt":{"rendered":"<p>[et_pb_section fb_built=&#8221;1&#8243; _builder_version=&#8221;4.9.2&#8243; _module_preset=&#8221;default&#8221;][et_pb_row _builder_version=&#8221;4.9.2&#8243; _module_preset=&#8221;default&#8221;][et_pb_column type=&#8221;4_4&#8243; _builder_version=&#8221;4.9.2&#8243; _module_preset=&#8221;default&#8221;][et_pb_text _builder_version=&#8221;4.9.2&#8243; _module_preset=&#8221;default&#8221; header_2_font=&#8221;Quattrocento||||||||&#8221; hover_enabled=&#8221;0&#8243; sticky_enabled=&#8221;0&#8243;] Delivery conditions &nbsp; The products bought from our webshop can be picked up following the next methods: Pick up personaly from Gheorgheni \/ Harghita \/ Romania, after contacting us and confirming this method. The pickup time, date and location will be [&hellip;]<\/p>","protected":false},"author":2,"featured_media":0,"parent":0,"menu_order":0,"comment_status":"closed","ping_status":"closed","template":"","meta":{"_et_pb_use_builder":"on","_et_pb_old_content":"<!-- wp:divi\/placeholder \/-->","_et_gb_content_width":""},"_links":{"self":[{"href":"https:\/\/redesignwithjulia.com\/ro\/wp-json\/wp\/v2\/pages\/528"}],"collection":[{"href":"https:\/\/redesignwithjulia.com\/ro\/wp-json\/wp\/v2\/pages"}],"about":[{"href":"https:\/\/redesignwithjulia.com\/ro\/wp-json\/wp\/v2\/types\/page"}],"author":[{"embeddable":true,"href":"https:\/\/redesignwithjulia.com\/ro\/wp-json\/wp\/v2\/users\/2"}],"replies":[{"embeddable":true,"href":"https:\/\/redesignwithjulia.com\/ro\/wp-json\/wp\/v2\/comments?post=528"}],"version-history":[{"count":1,"href":"https:\/\/redesignwithjulia.com\/ro\/wp-json\/wp\/v2\/pages\/528\/revisions"}],"predecessor-version":[{"id":1362,"href":"https:\/\/redesignwithjulia.com\/ro\/wp-json\/wp\/v2\/pages\/528\/revisions\/1362"}],"wp:attachment":[{"href":"https:\/\/redesignwithjulia.com\/ro\/wp-json\/wp\/v2\/media?parent=528"}],"curies":[{"name":"wp","href":"https:\/\/api.w.org\/{rel}","templated":true}]}}