{"id":530,"date":"2021-05-31T11:46:43","date_gmt":"2021-05-31T09:46:43","guid":{"rendered":"https:\/\/redesignwithjulia.com\/?page_id=530"},"modified":"2021-09-17T15:36:27","modified_gmt":"2021-09-17T13:36:27","slug":"redesign-with-prima-romania-confidelitation-policy","status":"publish","type":"page","link":"https:\/\/redesignwithjulia.com\/ro\/redesign-with-prima-romania-confidelitation-policy\/","title":{"rendered":"Politica de confiden\u021bialitate"},"content":{"rendered":"[et_pb_section fb_built=&#8221;1&#8243; _builder_version=&#8221;4.9.2&#8243; _module_preset=&#8221;default&#8221;][et_pb_row _builder_version=&#8221;4.9.2&#8243; _module_preset=&#8221;default&#8221;][et_pb_column type=&#8221;4_4&#8243; _builder_version=&#8221;4.9.2&#8243; _module_preset=&#8221;default&#8221;][et_pb_text _builder_version=&#8221;4.9.2&#8243; _module_preset=&#8221;default&#8221;]<h2>Cine suntem<\/h2>\n<p>Noi suntem \"ReDesign with Julia\", Facebook-ul nostru este <a href=\"https:\/\/facebook.com\/redesignwithjulia\" title=\"RedesignWithJulia\">ReDesign with Julia,<\/a> Instagram-ul nostru este <a href=\"https:\/\/instagram.com\/redesignwithjulia\" title=\"Redesignwithjulia\">ReDesign with Julia<\/a>, iar site-ul nostru este <a href=\"https:\/\/redesignwithjulia.com\/ro\/\">http:\/\/redesignwithjulia.com<\/a> .<\/p>\n<h2>Ce date cu caracter personal colect\u0103m \u0219i de ce le colect\u0103m<\/h2>\n<h3>Comentarii<\/h3>\n<p>Atunci c\u00e2nd vizitatorii las\u0103 comentarii pe site, colect\u0103m datele afi\u0219ate \u00een formularul de comentarii, precum \u0219i adresa IP a vizitatorului \u0219i \u0219irul agentului de utilizator al browserului pentru a ajuta la detectarea spam-ului.<\/p>\n<p>Un \u0219ir anonimizat creat din adresa dvs. de e-mail (numit \u0219i hash) poate fi furnizat serviciului Gravatar pentru a vedea dac\u0103 \u00eel folosi\u021bi. Politica de confiden\u021bialitate a serviciului Gravatar este disponibil\u0103 aici: https:\/\/automattic.com\/privacy\/. Dup\u0103 aprobarea comentariului dvs., poza dvs. de profil este vizibil\u0103 publicului \u00een contextul comentariului dvs.<\/p>\n<h3>Media<\/h3>\n<p>Dac\u0103 \u00eenc\u0103rca\u021bi imagini pe site-ul web, ar trebui s\u0103 evita\u021bi s\u0103 \u00eenc\u0103rca\u021bi imagini cu date de localizare \u00eencorporate (EXIF GPS) incluse. Vizitatorii site-ului web pot desc\u0103rca \u0219i extrage orice date de localizare din imaginile de pe site.<\/p>\n<h3>Formulare de contact<\/h3>\n<p>Cu ajutorul formularelor de contact, utilizatorii no\u0219tri pot s\u0103 ne trimit\u0103 un mesaj sau s\u0103 se aboneze la buletinul nostru informativ. Aceste informa\u021bii nu sunt stocate de noi, acestea sunt stocate de <a href=\"https:\/\/mailchimp.com\" title=\"Mailchimp\">Mailchimp. <\/a>\u00a0.  \u00cen acest fel, nu suntem responsabili pentru furnizarea ulterioar\u0103 a numelui sau a adresei de e-mail a utilizatorului.<\/p>\n<h3>Cookie-uri<\/h3>\n<p>Dac\u0103 l\u0103sa\u021bi un comentariu pe site-ul nostru, pute\u021bi opta pentru salvarea \u00een cookie-uri a numelui, adresei de e-mail \u0219i a website-ului dumneavoastr\u0103. Acestea sunt pentru confortul dumneavoastr\u0103, astfel \u00eenc\u00e2t nu trebuie s\u0103 completa\u021bi din nou datele dumneavoastr\u0103 atunci c\u00e2nd l\u0103sa\u021bi un alt comentariu. Aceste cookie-uri vor dura un an.<\/p>\n<p>Dac\u0103 vizita\u021bi pagina noastr\u0103 de conectare, vom seta un cookie temporar pentru a determina dac\u0103 browserul dvs. accept\u0103 cookie-uri. Acest cookie nu con\u021bine date personale \u0219i este eliminat atunci c\u00e2nd \u00eenchide\u021bi browserul.<\/p>\n<p>Atunci c\u00e2nd v\u0103 conecta\u021bi, vom seta, de asemenea, mai multe module cookie pentru a salva informa\u021biile de conectare \u0219i op\u021biunile de afi\u0219are a ecranului. Cookie-urile de autentificare dureaz\u0103 dou\u0103 zile, iar cookie-urile privind op\u021biunile de ecran dureaz\u0103 un an. Dac\u0103 selecta\u021bi \"\u021aine-m\u0103 minte\", datele dumneavoastr\u0103 de conectare vor persista timp de dou\u0103 s\u0103pt\u0103m\u00e2ni. Dac\u0103 v\u0103 deconecta\u021bi din contul dumneavoastr\u0103, cookie-urile de conectare vor fi eliminate.<\/p>\n<h3>Con\u021binutul \u00eencorporat de pe alte site-uri web<\/h3>\n<p>Articolele de pe acest site pot include con\u021binut \u00eencorporat (de exemplu, videoclipuri, imagini, articole etc.). Con\u021binutul \u00eencorporat de pe alte site-uri web se comport\u0103 exact la fel ca \u0219i cum vizitatorul ar fi vizitat cel\u0103lalt site web.<\/p>\n<p>Aceste site-uri web pot colecta date despre dvs., pot utiliza cookie-uri, pot \u00eencorpora urm\u0103rire suplimentar\u0103 de la ter\u021bi \u0219i pot monitoriza interac\u021biunea dvs. cu acel con\u021binut \u00eencorporat, inclusiv urm\u0103rirea interac\u021biunii dvs. cu con\u021binutul \u00eencorporat dac\u0103 ave\u021bi un cont \u0219i sunte\u021bi conectat la acel site web.<\/p>\n<h3>Analiz\u0103<\/h3>\n<p>Urm\u0103rim utiliz\u0103rile site-ului nostru web cu ajutorul Facebook Pixel \u0219i Google Analytics. Facem acest lucru pentru a face mai bine sau site-ul web \u0219i serviciile, pentru a avea clien\u021bi mai ferici\u021bi. Din acest motiv, folosim adrese IP, timpul petrecut pe pagini, produse. Nu exist\u0103 informa\u021bii personale furnizate companiilor de urm\u0103rire men\u021bionate mai sus.<\/p>\n<h3>Cu cine \u00eemp\u0103rt\u0103\u0219im datele dvs.<\/h3>\n<p>\u00cemp\u0103rt\u0103\u0219im datele dumneavoastr\u0103, dup\u0103 aprobarea politicilor noastre privind cookie-urile, cu Facebook \u0219i Google. \u00cen cazul \u00een care cineva se aboneaz\u0103 la canalul nostru de e-mail, \u00een acest caz, adresa de e-mail a utilizatorului va fi partajat\u0103 cu Mailchimp, care este folosit de noi doar pentru campaniile de e-mail.<\/p>\n<h3>C\u00e2t timp p\u0103str\u0103m datele dumneavoastr\u0103<\/h3>\n<p>\u00cen cazul \u00een care l\u0103sa\u021bi un comentariu, comentariul \u0219i metadatele acestuia sunt p\u0103strate pe termen nedefinit. Acest lucru se \u00eent\u00e2mpl\u0103 pentru ca noi s\u0103 putem recunoa\u0219te \u0219i aproba automat comentariile ulterioare, \u00een loc s\u0103 le re\u021binem \u00eentr-o coad\u0103 de moderare.<\/p>\n<p>Pentru utilizatorii care se \u00eenregistreaz\u0103 pe site-ul nostru (dac\u0103 exist\u0103), stoc\u0103m, de asemenea, informa\u021biile personale pe care le furnizeaz\u0103 \u00een profilul lor de utilizator. To\u021bi utilizatorii \u00ee\u0219i pot vedea, modifica sau \u0219terge informa\u021biile personale \u00een orice moment (cu excep\u021bia faptului c\u0103 nu \u00ee\u0219i pot schimba numele de utilizator). Administratorii site-ului web pot, de asemenea, s\u0103 vad\u0103 \u0219i s\u0103 modifice aceste informa\u021bii. Conturile de utilizator nu vor fi dezactivate sau \u0219terse.<\/p>\n<h3>Ce drepturi ave\u021bi asupra datelor dvs.<\/h3>\n<p>Dac\u0103 ave\u021bi un cont pe acest site sau dac\u0103 a\u021bi l\u0103sat comentarii, pute\u021bi, de asemenea, s\u0103 ne solicita\u021bi s\u0103 \u0219tergem orice date cu caracter personal pe care le de\u021binem despre dumneavoastr\u0103. Acest lucru nu include datele pe care suntem obliga\u021bi s\u0103 le p\u0103str\u0103m \u00een scopuri administrative, juridice sau de securitate.<\/p>\n<h3>Unde trimitem datele dvs.<\/h3>\n<p>Comentariile vizitatorilor pot fi verificate prin intermediul unui serviciu automat de detectare a spam-ului, dar nu vor fi stocate acolo. Pe de alt\u0103 parte, datele de navigare pe site-ul nostru vor fi partajate cu Facebook \u0219i Google pentru analiz\u0103 \u0219i pentru \u00eembun\u0103t\u0103\u021birea serviciilor noastre.<\/p>\n<h3 class=\" translation-block\">Datele dumneavoastr\u0103 de contact<\/h3>\n<p>Utilizatorii no\u0219tri pot l\u0103sa pe partea noastr\u0103 informa\u021bii de contact dac\u0103 se \u00eenregistreaz\u0103 pe site-ul nostru, intr\u0103 \u00een contact cu noi prin e-mail sau comand\u0103 vreun produs. P\u0103str\u0103m aceste informa\u021bii de contact pentru a evita orice incidente legale.<\/p>\n<h2><\/h2>\n<h3>Cum v\u0103 protej\u0103m datele<\/h3>\n<p>Folosim Wordfence pentru a proteja serverul nostru \u0219i datele personale ale utilizatorilor no\u0219tri, precum \u0219i datele personale, de atacuri mali\u021bioase. Orice con\u021binut al site-ului este stocat \u00eentr-o baz\u0103 de date criptat\u0103, care poate fi accesat\u0103 doar de c\u0103tre administrator.\u00a0<\/p>\n<h3>De la ce ter\u021be p\u0103r\u021bi primim date<\/h3>\n<p>Primim informa\u021bii de la Google \u0219i Facebook, \u00een scopuri publicitare. Aceste date sunt anonimizate, deci nu \u0219tim cui facem publicitate pe site-ul nostru, ci doar \u0219tim ca poten\u021bial client pe baza filtrelor noastre.<\/p>[\/et_pb_text][\/et_pb_column][\/et_pb_row][\/et_pb_section]","protected":false},"excerpt":{"rendered":"","protected":false},"author":2,"featured_media":0,"parent":0,"menu_order":0,"comment_status":"closed","ping_status":"closed","template":"","meta":{"_et_pb_use_builder":"on","_et_pb_old_content":"<!-- wp:divi\/placeholder \/-->","_et_gb_content_width":""},"_links":{"self":[{"href":"https:\/\/redesignwithjulia.com\/ro\/wp-json\/wp\/v2\/pages\/530"}],"collection":[{"href":"https:\/\/redesignwithjulia.com\/ro\/wp-json\/wp\/v2\/pages"}],"about":[{"href":"https:\/\/redesignwithjulia.com\/ro\/wp-json\/wp\/v2\/types\/page"}],"author":[{"embeddable":true,"href":"https:\/\/redesignwithjulia.com\/ro\/wp-json\/wp\/v2\/users\/2"}],"replies":[{"embeddable":true,"href":"https:\/\/redesignwithjulia.com\/ro\/wp-json\/wp\/v2\/comments?post=530"}],"version-history":[{"count":0,"href":"https:\/\/redesignwithjulia.com\/ro\/wp-json\/wp\/v2\/pages\/530\/revisions"}],"wp:attachment":[{"href":"https:\/\/redesignwithjulia.com\/ro\/wp-json\/wp\/v2\/media?parent=530"}],"curies":[{"name":"wp","href":"https:\/\/api.w.org\/{rel}","templated":true}]}}