{"id":532,"date":"2021-05-31T11:47:06","date_gmt":"2021-05-31T09:47:06","guid":{"rendered":"https:\/\/redesignwithjulia.com\/?page_id=532"},"modified":"2021-09-17T15:47:38","modified_gmt":"2021-09-17T13:47:38","slug":"redesign-with-prima-romania-data-privacy","status":"publish","type":"page","link":"https:\/\/redesignwithjulia.com\/ro\/redesign-with-prima-romania-data-privacy\/","title":{"rendered":"Protec\u021bia datelor"},"content":{"rendered":"[et_pb_section fb_built=&#8221;1&#8243; _builder_version=&#8221;4.9.2&#8243; _module_preset=&#8221;default&#8221;][et_pb_row _builder_version=&#8221;4.9.2&#8243; _module_preset=&#8221;default&#8221;][et_pb_column type=&#8221;4_4&#8243; _builder_version=&#8221;4.9.2&#8243; _module_preset=&#8221;default&#8221;][et_pb_text _builder_version=&#8221;4.9.2&#8243; _module_preset=&#8221;default&#8221;]<h2>GDPR<\/h2>\n<p>Acest document se refer\u0103 la informa\u021biile colectate pe site-ul <a href=\"https:\/\/redesignwithjulia.com\/ro\/\">http:\/\/redesignwithjulia.com<\/a> de c\u0103tre dumneavoastr\u0103, \u00een calitate de procesator al informa\u021biilor pe care le furniza\u021bi (\u00een calitate de vizitator), prin intermediul magazinului electronic (site-ul web - <a href=\"https:\/\/redesignwithjulia.com\/ro\/\">http:\/\/redesignwithjulia.com<\/a>).<\/p>\n<p>&nbsp;<\/p>\n<p><span style=\"color: #333333; font-family: Nunito, Helvetica, Arial, Lucida, sans-serif; font-size: 26px;\">Ce informa\u021bii colect\u0103m<\/span><\/p>\n<p>In addition to the information you provide, Jakab \u00c1gota-J\u00falia I.I. may collect information through automatic data collection tools (cookies), while you use Jakab \u00c1gota-J\u00falia I.I., web-based application. For the technical operation of the website, Jakab \u00c1gota-J\u00falia I.I. uses the following automatically generated information, which does not contain personal data:<\/p>\n<ul>\n<li style=\"list-style-type: none;\">\n<ul>\n<li style=\"list-style-type: none;\">\n<ul>\n<li>adresa IP (Internet Protocol) a computerului<\/li>\n<li>Adresa IP (adresa IP a computerului dumneavoastr\u0103), numele de domeniu (URL),<\/li>\n<li>datele de acces,<\/li>\n<li>interogarea fi\u0219ierului clientului (ce pagini sunt vizualizate \u0219i pe ce linkuri se face clic)),<\/li>\n<li>codul de r\u0103spuns HTTP,<\/li>\n<li>detalii privind site-ul web de pe care a fost f\u0103cut\u0103 solicitarea,<\/li>\n<li>num\u0103rul de bi\u021bi consuma\u021bi \u00een timpul vizitei,<\/li>\n<li>momentul vizitei<\/li>\n<li>detalii despre paginile vizualizate<\/li>\n<li>sistemul de operare utilizat pentru a accesa site-ul web<\/li>\n<li>tipul \u0219i limba programului de navigare utilizat.<\/li>\n<\/ul>\n<\/li>\n<\/ul>\n<\/li>\n<\/ul>\n<h1><span style=\"font-size: x-large;\">De ce avem nevoie de aceste informa\u021bii?<\/span><\/h1>\n<p>Avem nevoie de datele clientului pentru a v\u0103 furniza urm\u0103toarele informa\u021bii:<\/p>\n<ul>\n<li style=\"list-style-type: none;\">\n<ul>\n<li style=\"list-style-type: none;\">\n<ul>\n<li>Numele, prenumele, adresa \u0219i num\u0103rul de telefon \u00een scopul factur\u0103rii \u0219i trimiterii prin po\u0219t\u0103 a bunurilor achizi\u021bionate de c\u0103tre utilizator.<\/li>\n<li>Adresa de e-mail \u0219i adresa de comand\u0103 sunt necesare pentru livrarea bunurilor achizi\u021bionate \u0219i pentru reconcilierea acestora.<\/li>\n<li>Adresa de e-mail \u0219i parola pentru a confirma c\u0103 utilizatorul are un profil de utilizator care con\u021bine informa\u021bii demografice \u0219i alte informa\u021bii personale.<\/li>\n<li>Conversa\u021biile la num\u0103rul de telefon furnizat pe site pot fi \u00eenregistrate pentru a evita probleme viitoare. Ve\u021bi fi notificat cu privire la acest eveniment pe toat\u0103 durata apelului.<\/li>\n<\/ul>\n<\/li>\n<\/ul>\n<\/li>\n<\/ul>\n<h1><span style=\"font-size: x-large;\">Ce facem cu aceste date<\/span><\/h1>\n<p>Datele sunt stocate pe un server virtual \u00eempreun\u0103 cu site-ul web de c\u0103tre un furnizor de site-uri web \u0219i g\u0103zduire din Rom\u00e2nia.<\/p>\n<p>Ocazional, datele furnizate de utilizator pot fi comunicate anumitor sisteme (servicii po\u0219tale, <a href=\"https:\/\/redesignwithjulia.com\/ro\/\">http:\/\/redesignwithjulia.com<\/a> angaja\u021bi) ai ReDesignWithjJulia pentru a procesa achizi\u021biile.<\/p>\n<p>Putem dezvolui datele persoanelor solicitate, autorit\u0103\u021biilor competente, dac\u0103 acestea solicit\u0103 acest lucru pentru motive \u00eentemeiate.<\/p>\n<h2><span style=\"font-size: x-large;\">Pe ce termen p\u0103str\u0103m datele<\/span><\/h2>\n<p>Datele cu caracter personal referitoare la to\u021bi utilizatorii vor fi \u0219terse dup\u0103 3 ani, dar alte date f\u0103r\u0103 caracter personal (cum ar fi pachetele de produse achizi\u021bionate) vor fi utilizate \u00een scopul statistice \u0219i strategice \u0219i nu vor fi \u0219terse.<\/p>\n<p>&nbsp;<\/p>[\/et_pb_text][\/et_pb_column][\/et_pb_row][\/et_pb_section]","protected":false},"excerpt":{"rendered":"","protected":false},"author":2,"featured_media":0,"parent":0,"menu_order":0,"comment_status":"closed","ping_status":"closed","template":"","meta":{"_et_pb_use_builder":"on","_et_pb_old_content":"<!-- wp:divi\/placeholder \/-->","_et_gb_content_width":""},"_links":{"self":[{"href":"https:\/\/redesignwithjulia.com\/ro\/wp-json\/wp\/v2\/pages\/532"}],"collection":[{"href":"https:\/\/redesignwithjulia.com\/ro\/wp-json\/wp\/v2\/pages"}],"about":[{"href":"https:\/\/redesignwithjulia.com\/ro\/wp-json\/wp\/v2\/types\/page"}],"author":[{"embeddable":true,"href":"https:\/\/redesignwithjulia.com\/ro\/wp-json\/wp\/v2\/users\/2"}],"replies":[{"embeddable":true,"href":"https:\/\/redesignwithjulia.com\/ro\/wp-json\/wp\/v2\/comments?post=532"}],"version-history":[{"count":0,"href":"https:\/\/redesignwithjulia.com\/ro\/wp-json\/wp\/v2\/pages\/532\/revisions"}],"wp:attachment":[{"href":"https:\/\/redesignwithjulia.com\/ro\/wp-json\/wp\/v2\/media?parent=532"}],"curies":[{"name":"wp","href":"https:\/\/api.w.org\/{rel}","templated":true}]}}