{"id":534,"date":"2021-05-31T11:47:33","date_gmt":"2021-05-31T09:47:33","guid":{"rendered":"https:\/\/redesignwithjulia.com\/?page_id=534"},"modified":"2022-01-26T17:05:19","modified_gmt":"2022-01-26T15:05:19","slug":"redesign-with-prima-romania-terms-and-conditions","status":"publish","type":"page","link":"https:\/\/redesignwithjulia.com\/ro\/redesign-with-prima-romania-terms-and-conditions\/","title":{"rendered":"Termeni \u0219i condi\u021bii"},"content":{"rendered":"<p>[et_pb_section fb_built=&#8221;1&#8243; _builder_version=&#8221;4.9.2&#8243; _module_preset=&#8221;default&#8221;][et_pb_row _builder_version=&#8221;4.9.2&#8243; _module_preset=&#8221;default&#8221;][et_pb_column type=&#8221;4_4&#8243; _builder_version=&#8221;4.9.2&#8243; _module_preset=&#8221;default&#8221;][et_pb_text _builder_version=&#8221;4.9.2&#8243; _module_preset=&#8221;default&#8221;]<\/p>\n<h2>Termeni \u0219i condi\u021bii<\/h2>\n<p>&nbsp;<\/p>\n<p>[\/et_pb_text][et_pb_text _builder_version=&#8221;4.9.2&#8243; _module_preset=&#8221;default&#8221; hover_enabled=&#8221;0&#8243; sticky_enabled=&#8221;0&#8243;]<\/p>\n<h3><span><strong>Despre companie:<\/strong><\/span><\/h3>\n<p><span><strong>Jakab \u00c1gota-J\u00falia I.I.<\/strong> - \u00centreprindere individual\u0103<\/span><\/p>\n<p>Cod Unic de \u00cenregistrare: 43814827<\/p>\n<p><span>Adres\u0103: Municipiul Gheorgheni, Strada Spitalului, Bloc IPEG, Ap. 7, Judet Harghita<\/span><\/p>\n<p><span>Cont bancar:\u00a0 RO80RZBR0000060022483359 \u2013 RAIFFEISEN BANK<\/span><\/p>\n<p><span>Tel.: +40740 &#8211; 253 &#8211; 901<\/span><\/p>\n<p>Adres\u0103 de e-mail: <a href=\"mailto:contact@redesignwithjulia.com\">contact@redesignwithjulia.com<\/a><a href=\"mailto:hello@agostonannamary.hu\"><\/a><\/p>\n<p>&nbsp;<\/p>\n<h3><span>Retragerea comenzii<\/span><\/h3>\n<p>\u00cen conformitate cu Directiva 34\/2015 a Guvernului, orice cump\u0103r\u0103tor are dreptul de a se retrage de la cump\u0103rare sau de a se retrage de la \u00eencheierea contractului, f\u0103r\u0103 nici o justificare, \u00een termen de 14 zile calendaristice.<\/p>\n<p>Perioada de retragere se \u00eencheie la sf\u00e2r\u0219itul celor 14 zile calendaristice de la data la care cump\u0103r\u0103torul sau un ter\u021b desemnat de cump\u0103r\u0103tor (altul dec\u00e2t furnizorul) a intrat \u00een posesia fizic\u0103 a produsului. Pentru a exercita dreptul de retragere men\u021bionat mai sus, este necesar ca cump\u0103r\u0103torul s\u0103 ne informeze cu privire la inten\u021bia sa de a se retrage. \u00cen acest scop, v\u0103 rug\u0103m s\u0103 ne contacta\u021bi pe aceast\u0103 pagin\u0103. Pentru a respecta termenul, este suficient ca informa\u021biile s\u0103 fie furnizate \u00eenainte de expirarea termenului.<\/p>\n<p><span><\/span><\/p>\n<p><span><\/span><\/p>\n<div class=\"et_pb_module et_pb_text et_pb_text_0  et_pb_text_align_left et_pb_bg_layout_light\">\n<div class=\"et_pb_text_inner\">\n<h2>Consecin\u021bele retragerii<\/h2>\n<p>Dac\u0103 decide\u021bi s\u0103 v\u0103 retrage\u021bi din achizi\u021bie, compania noastr\u0103 v\u0103 va rambursa f\u0103r\u0103 \u00eent\u00e2rzieri nejustificate suma pl\u0103tit\u0103, care include costurile de transport (\u00een Rom\u00e2nia). \u00cen toate cazurile, rambursarea are loc \u00een termen de cel mult 14 zile calendaristice, calculat\u0103 \u00een urma notific\u0103rii cererii de retragere din contract.<\/p>\n<p>\u00cen cazul \u00een care clientul nu este de acord sau nu solicit\u0103 \u00een alt mod, dispozitivul de rambursare va fi acela\u0219i cu instrumentul utilizat pentru plat\u0103. Astfel, dac\u0103 v-a\u021bi \u00eendeplinit obliga\u021bia de plat\u0103 printr-o tranzac\u021bie bancar\u0103, compania noastr\u0103 v\u0103 va rambursa suma pl\u0103tit\u0103 tot prin tranzac\u021bie bancar\u0103. \u00cen toate cazurile, consecin\u021bele retragerii nu suport\u0103 costuri suplimentare.<\/p>\n<p>Putem am\u00e2na rambursarea p\u00e2n\u0103 c\u00e2nd produsul ne este returnat sau p\u00e2n\u0103 c\u00e2nd furniza\u021bi dovada return\u0103rii produsului. Se acord\u0103 prioritate celei mai apropiate dintre aceste dou\u0103 date. V\u0103 rug\u0103m s\u0103 ne returna\u021bi produsul sau s\u0103 ni-l preda\u021bi direct la 14 zile de la notificarea inten\u021biei de retragere f\u0103r\u0103 \u00eent\u00e2rzieri nejustificate.<\/p>\n<p>\u00cen cazul return\u0103rii coletului, clientul trebuie s\u0103 pl\u0103teasc\u0103 costurile de expediere. Conform termenului de rambursare, clientul are 14 zile de la primire pentru a ne returna produsele comandate.<\/p>\n<p>\u00cen acest sens, ace\u0219tia se pot retrage de la cump\u0103rare \u00een termen de 14 zile de la data primirii produsului (produselor) f\u0103r\u0103 a se impune penalit\u0103\u021bi sau motive.<\/p>\n<p>Pentru a returna produsele dup\u0103 cump\u0103rare, trebuie mai \u00eent\u00e2i s\u0103 lua\u021bi leg\u0103tura cu una dintre modalit\u0103\u021bile afi\u0219ate \u00een antetul paginii (+40740-253-901\/ contact@redesignwithjulia.com).<\/p>\n<\/div>\n<\/div>\n<div class=\"et_pb_module et_pb_text et_pb_text_2  et_pb_text_align_left et_pb_bg_layout_light\">\n<div class=\"et_pb_text_inner\">\n<p><span><\/span><\/p>\n<p><span><\/span><\/p>\n<\/div>\n<\/div>\n<h2>Transport \u0219i costuri<\/h2>\n<p>Pretul produselor afisate include TVA- ul.<\/p>\n<p>Pre\u021bul produselor nu include costurile de transport. Costul de expediere este afi\u0219at la plat\u0103 pe baza adresei comenzii.<\/p>\n<p>F\u0103r\u0103 transport gratuit. Preluarea personal\u0103 este o excep\u021bie prin programare, caz \u00een care nu exist\u0103 niciun cost de coresponden\u021b\u0103.<\/p>\n<p>Livrarea este posibil\u0103 prin curierat, prin livrare po\u0219tal\u0103 sau printr-o \u00eent\u00e2lnire personal\u0103:<\/p>\n<ul>\n<li>\u00cen cazul primirii prealabile personale, \u00een jude\u021bul Harghita nu se percepe tax\u0103 de transport.<\/li>\n<li>Trimiterea coletelor prin curierat \u0219i prin po\u0219t\u0103 depinde de \u021bar\u0103, de greutatea \u0219i de importan\u021ba produselor comandate.<\/li>\n<li>Utilizarea curier \u00eenseamn\u0103 utilizarea unui sistem similar de FanCourier, Cargus, SameDay sau alte servicii de curierat.<\/li>\n<li>Costul transportului depinde de mai mul\u021bi factori. Ajutor pentru a calcula acest lucru: link-ul<\/li>\n<\/ul>\n<p>Dup\u0103 programul de lucru, produsele achizi\u021bionate vor fi livrate \u00eentr-un singur pachet la o anumit\u0103 adres\u0103 \u00een termen de 12 ore pentru mai multe comenzi, astfel \u00eenc\u00e2t clientul este de acord cu costurile totale de coresponden\u021b\u0103.<\/p>\n<p>\u00cen cazul \u00een care comanda clientului este mai mare dec\u00e2t stocul unui anumit produs, vom trimite comanda separat sau \u00eentr-un pachet la cererea clientului dup\u0103 o consultare prin e-mail sau telefonic\u0103, care implic\u0103, desigur, \u0219i timpul de reaprovizionare a stocului, care este un interval de 2 zile p\u00e2n\u0103 la 2 s\u0103pt\u0103m\u00e2ni.<\/p>\n<p>Serviciile de livrare a coletelor pot varia \u00een afara Romaniei, \u00een func\u021bie de \u021bara \u00een care trebuie trimise, greutate \u0219i categoria de produse. Costul trimiterii trebuie pl\u0103tit de c\u0103tre client, plata efectuat\u0103 pe site nu este inclus\u0103.<\/p>\n<p>Nu v\u0103 putem garanta comanda pe site \u00een orice moment. Aceast\u0103 problem\u0103 se datoreaz\u0103 erorii umane! \u00cen astfel de cazuri, vom \u00eencerca s\u0103 notific\u0103m clientul c\u00e2t mai cur\u00e2nd posibil \u0219i dac\u0103 plata a fost efectuat\u0103 online, suma va fi rambursat\u0103. Este posibil ca unele produse s\u0103 nu fie \u00een stoc \u00een cantit\u0103\u021bile comandate, chiar dac\u0103 site-ul web arat\u0103 acest lucru.<\/p>\n<p>Intervalele de timp de livrare afi\u0219ate depind nu numai de noi, ci \u0219i de oficiul po\u0219tal, curier sau de data primirii personale convenite.<\/p>\n<p>Toate feedback-urile \u00eembun\u0103t\u0103\u021besc sistemul nostru de func\u021bionare. Solu\u021biile de problem\u0103 sunt acelea\u0219i.<\/p>\n<p>&nbsp;<\/p>\n<h2>Carduri cadou \/ vouchere<\/h2>\n<p>Cardurile cadou nu sunt personale \u0219i, prin urmare, pot fi predate altora. Publicarea certificatului cadou este interzis\u0103 \u00een public!<\/p>\n<p>Codurile cardurilor cadou sunt limitate \u00een cantitate, nu infinite. Aceasta \u00eenseamn\u0103 c\u0103, dac\u0103 un client dore\u0219te s\u0103-l foloseasc\u0103 \u00een momentul achizi\u021biei, dar nu mai exist\u0103 coduri de carduri cadou \u00een stoc, site-ul web nu va oferi reduceri, astfel \u00eenc\u00e2t comanda poate fi plasat\u0103 numai f\u0103r\u0103 reducere, cu excep\u021bia cazului \u00een care exist\u0103 \u0219i alte carduri cadou \u00een posesia clientului.<\/p>\n<p>&nbsp;<\/p>\n<h2>Pl\u00e2ngere<\/h2>\n<p>Orice reclama\u021bie este binevenit\u0103 la adresa de e-mail: <a href=\"mailto:contact@redesignwithjulia.com\">contact@redesignwithjulia.com<\/a>.<\/p>\n<h3><\/h3>\n<h3><\/h3>\n<h3><\/h3>\n<h3><\/h3>\n<h2>Con\u021binut. drept de autor<\/h2>\n<p>Imaginile \u0219i descrierile de pe pagin\u0103 sunt ghiduri \u0219i exemple. \u00cencerc\u0103m s\u0103 facem fiecare produs s\u0103 arate c\u00e2t mai bine cu afi\u0219ajul de pe pagin\u0103, dar pot exista mici diferen\u021be.\n Copierea bunurilor de pe sau deja expediate pe acest site este ilegal\u0103 sub orice form\u0103, iar sanc\u021biunile pentru aceste acte vor fi impuse de o instan\u021b\u0103. Produsele de pe acest site \u0219i lucr\u0103rile lor grafice se afl\u0103 \u00een posesia celui pentru care acest site are utilizare deplin\u0103.<\/p>\n<p>The\u00a0<a href=\"https:\/\/ssl.microsofttranslator.com\/bv.aspx?ref=TAns&amp;from=&amp;to=en&amp;a=http:\/\/redesignwithjulia.com\">http:\/\/redesignwithjulia.com<\/a>\u00a0o reprezint\u0103 pe Jakab Agota-Julia \u0219i activit\u0103\u021bile ei pe cont propriu. Conducerea site-ului nu este b\u0103tut\u0103 \u00een cuie, a\u0219a c\u0103 am dori s\u0103 enumer\u0103m c\u00e2teva lucruri preferate:<\/p>\n<p>1. Toate textele afi\u0219ate pe site apar\u021bin proprietarului site-ului. Copierea \u0219i publicarea (\u00een \u00eentregime) a con\u021binutului site-ului este permis\u0103 numai cu acordul autorului.<\/p>\n<p>2. Cu c\u00e2t se pune mai mult accent pe acest fapt, cu at\u00e2t imaginea general\u0103 a site-ului va fi mai cult\u0103.3. \u00cencerc\u0103m s\u0103 fim \u00een\u021beleg\u0103tori fa\u021b\u0103 de cei care nu vorbesc limba maghiar\u0103 \/ rom\u00e2n\u0103 \/ englez\u0103.<\/p>\n<p>3. Dorim ca orice \u00eentreb\u0103ri sau comentarii s\u0103 aib\u0103 leg\u0103tur\u0103 cu site-ul \u0219i produsele sale. Nu suntem responsabili pentru comentariile sau observa\u021biile l\u0103sate de utilizatori. Comentariile \u0219i recenziile reflect\u0103 opiniile utilizatorilor atunci c\u00e2nd acestea nu sunt \u00een afara subiectului.<\/p>\n<p>4. Putem \u0219terge comentariile care sunt odioase, cu un ton ofensator, care nu respect\u0103 clauzele men\u021bionate mai sus sau care sunt off-topic.<\/p>\n<p>5. Nu vom aproba niciun comentariu care v\u0103 direc\u021bioneaz\u0103 c\u0103tre un alt site.<\/p>\n<p>6. Dorim ca ideile pe care le sus\u021binem s\u0103 fie definite c\u00e2t mai exact posibil \u00een timp ce le aplic\u0103m, dar eroarea uman\u0103 sau subiectivitatea pot fi permise.<\/p>\n<p>7. V\u0103 rug\u0103m s\u0103 ne semnala\u021bi orice problem\u0103 \u0219i orice idee, deoarece ne putem \u00eembun\u0103t\u0103\u021bi serviciile.O pute\u021bi face prin e-mail, pe care \u00eel g\u0103si\u021bi pe pagina de contact.<\/p>\n<p>[\/et_pb_text][\/et_pb_column][\/et_pb_row][\/et_pb_section]<\/p>","protected":false},"excerpt":{"rendered":"<p>[et_pb_section fb_built=&#8221;1&#8243; _builder_version=&#8221;4.9.2&#8243; _module_preset=&#8221;default&#8221;][et_pb_row _builder_version=&#8221;4.9.2&#8243; _module_preset=&#8221;default&#8221;][et_pb_column type=&#8221;4_4&#8243; _builder_version=&#8221;4.9.2&#8243; _module_preset=&#8221;default&#8221;][et_pb_text _builder_version=&#8221;4.9.2&#8243; _module_preset=&#8221;default&#8221;] Terms and conditions &nbsp; [\/et_pb_text][et_pb_text _builder_version=&#8221;4.9.2&#8243; _module_preset=&#8221;default&#8221; hover_enabled=&#8221;0&#8243; sticky_enabled=&#8221;0&#8243;] Company details: Jakab \u00c1gota-J\u00falia I.I. \u2013 one person company Company registration key: 43814827 Address: Municipiul Gheorgheni, Strada Spitalului, Bloc IPEG, Ap. 7, Judet Harghita Bank Account:\u00a0 RO80RZBR0000060022483359 &#8211; RAIFFEISEN BANK Tel.: +40740 &#8211; 253 &#8211; [&hellip;]<\/p>","protected":false},"author":2,"featured_media":0,"parent":0,"menu_order":0,"comment_status":"closed","ping_status":"closed","template":"","meta":{"_et_pb_use_builder":"on","_et_pb_old_content":"<!-- wp:divi\/placeholder \/-->","_et_gb_content_width":""},"_links":{"self":[{"href":"https:\/\/redesignwithjulia.com\/ro\/wp-json\/wp\/v2\/pages\/534"}],"collection":[{"href":"https:\/\/redesignwithjulia.com\/ro\/wp-json\/wp\/v2\/pages"}],"about":[{"href":"https:\/\/redesignwithjulia.com\/ro\/wp-json\/wp\/v2\/types\/page"}],"author":[{"embeddable":true,"href":"https:\/\/redesignwithjulia.com\/ro\/wp-json\/wp\/v2\/users\/2"}],"replies":[{"embeddable":true,"href":"https:\/\/redesignwithjulia.com\/ro\/wp-json\/wp\/v2\/comments?post=534"}],"version-history":[{"count":2,"href":"https:\/\/redesignwithjulia.com\/ro\/wp-json\/wp\/v2\/pages\/534\/revisions"}],"predecessor-version":[{"id":1361,"href":"https:\/\/redesignwithjulia.com\/ro\/wp-json\/wp\/v2\/pages\/534\/revisions\/1361"}],"wp:attachment":[{"href":"https:\/\/redesignwithjulia.com\/ro\/wp-json\/wp\/v2\/media?parent=534"}],"curies":[{"name":"wp","href":"https:\/\/api.w.org\/{rel}","templated":true}]}}