{"id":638,"date":"2021-06-04T07:11:05","date_gmt":"2021-06-04T05:11:05","guid":{"rendered":"https:\/\/redesignwithjulia.com\/?page_id=638"},"modified":"2021-09-17T15:43:28","modified_gmt":"2021-09-17T13:43:28","slug":"redesign-with-prima-romania-decor-transfers-dos-donts","status":"publish","type":"page","link":"https:\/\/redesignwithjulia.com\/ro\/redesign-with-prima-romania-decor-transfers-dos-donts\/","title":{"rendered":"Transferurile decorative: ce po\u021bi \u0219i ce nu"},"content":{"rendered":"[et_pb_section fb_built=&#8221;1&#8243; _builder_version=&#8221;4.9.2&#8243; _module_preset=&#8221;default&#8221;][et_pb_row _builder_version=&#8221;4.9.2&#8243; _module_preset=&#8221;default&#8221;][et_pb_column type=&#8221;4_4&#8243; _builder_version=&#8221;4.9.2&#8243; _module_preset=&#8221;default&#8221;][et_pb_post_title meta=&#8221;off&#8221; featured_image=&#8221;off&#8221; _builder_version=&#8221;4.9.2&#8243; _module_preset=&#8221;default&#8221; title_text_align=&#8221;center&#8221; sticky_enabled=&#8221;0&#8243;][\/et_pb_post_title][et_pb_text _builder_version=&#8221;4.9.2&#8243; _module_preset=&#8221;default&#8221; text_line_height=&#8221;1.8em&#8221; hover_enabled=&#8221;0&#8243; text_font_size=&#8221;16px&#8221; text_letter_spacing=&#8221;1px&#8221; sticky_enabled=&#8221;0&#8243;]<p>- Pentru \u00eenceput, nu uita\u021bi s\u0103 \u00eendep\u0103rta\u021bi suportul alb \u00eenainte de a \u00eencepe s\u0103 aplica\u021bi transferul decorativ, transferurile ader\u0103 rapid, iar odat\u0103 aplicate nu mai pot fi schimbate. Asigur\u0103-te c\u0103 \u00eel plasezi \u00een pozi\u021bia corect\u0103 \u00eenainte de a \u00eendep\u0103rta suportul \u0219i de a-l plasa pe proiectul t\u0103u.<br \/>- V\u0103 recomand\u0103m s\u0103 sigila\u021bi transferurile decorative dup\u0103 ce sunt plasate pe proiectele dvs., cu excep\u021bia sticlei\/oglinzilor. De\u0219i nu avem un agent de sigilare preferat, orice agent de sigilare pe baz\u0103 de ap\u0103 va func\u021biona, inclusiv un poliacrilic. Ceara nu deterioreaz\u0103 transferurile decorative, nu recomand\u0103m sigilan\u021bii pe baz\u0103 de ulei, deoarece ace\u0219tia pot deteriora transferul.<br \/>- Atunci c\u00e2nd aplica\u021bi pe sticl\u0103 sau oglinzi, nu folosi\u021bi substan\u021be chimice sau detergen\u021bi puternici, deoarece acestea pot afecta procesul de aplicare a transferului.<br \/>- A\u0219tepta\u021bi cel pu\u021bin 24 de ore dup\u0103 ce a\u021bi vopsit o pies\u0103 pentru a aplica transferurile decorative. Asigura\u021bi-v\u0103 c\u0103 suprafa\u021ba este curat\u0103 \u0219i c\u0103 orice reziduu de detergent este \u00eendep\u0103rtat pentru ca transferul s\u0103 se aplice \u0219i s\u0103 adere mai u\u0219or.<br \/>- Asigura\u021bi-v\u0103 c\u0103 a\u021bi \u00eendep\u0103rtat orice praf sau praf de \u0219lefuire de pe proiectul dvs. \u00eenainte de a aplica transferul. Orice praf de pe suprafa\u021b\u0103 va \u00eengreuna aplicarea lin\u0103 a transferului dvs. Depozita\u021bi transferurile decorative \u00een tubul lor, cu capacele puse, pentru a preveni p\u0103trunderea prafului \u00een transfer.<br \/>- Transferurile decorative nu va adera pe suprafe\u021bele cerate. V\u0103 recomand\u0103m s\u0103 v\u0103 asigura\u021bi c\u0103 suprafe\u021bele cerate au fost \u00eent\u0103rite timp de c\u00e2teva luni.<br \/>- Asigura\u021bi-v\u0103 c\u0103 transferurile decorative nu sunt aplicate pe vopsea decojit\u0103, a\u0219chii sau lacuri vechi care se pot zg\u00e2ria u\u0219or.<br \/>- Dac\u0103 \u00eencerca\u021bi s\u0103 aplica\u021bi transferul \u0219i partea adeziv\u0103 are vopsea, \u00eenseamn\u0103 c\u0103 transferul a ridicat vopseaua. Asigura\u021bi-v\u0103 c\u0103 acorda\u021bi timp pentru ca orice vopsea s\u0103 se usuce \u00eenainte de aplicare, pentru rezultate optime.<br \/>- Nu \u00eencerca\u021bi s\u0103 aplica\u021bi sigilant sau cear\u0103 peste un transfer care nu ader\u0103. Acesta nu va adera nici m\u0103car cu produse de sigilare. Asigura\u021bi-v\u0103 c\u0103 urma\u021bi pa\u0219ii corespunz\u0103tori \u00eenainte de a lipi orice transfer.<br \/>- Preveni\u021bi orice bule de aer asigur\u00e2ndu-v\u0103 c\u0103 aplica\u021bi transferurile decorative \u00een mod uniform. Aplica\u021bi transferul cu aplicatorul inclus sau cu un instrument aplicator de transfer decorativ. Pe m\u0103sur\u0103 ce desprinde\u021bi foaia transparent\u0103, freca\u021bi transferul \u00eemping\u00e2ndu-l u\u0219or pe suprafa\u021b\u0103.<\/p>[\/et_pb_text][\/et_pb_column][\/et_pb_row][\/et_pb_section]","protected":false},"excerpt":{"rendered":"","protected":false},"author":2,"featured_media":0,"parent":0,"menu_order":0,"comment_status":"closed","ping_status":"closed","template":"","meta":{"_et_pb_use_builder":"on","_et_pb_old_content":"","_et_gb_content_width":""},"_links":{"self":[{"href":"https:\/\/redesignwithjulia.com\/ro\/wp-json\/wp\/v2\/pages\/638"}],"collection":[{"href":"https:\/\/redesignwithjulia.com\/ro\/wp-json\/wp\/v2\/pages"}],"about":[{"href":"https:\/\/redesignwithjulia.com\/ro\/wp-json\/wp\/v2\/types\/page"}],"author":[{"embeddable":true,"href":"https:\/\/redesignwithjulia.com\/ro\/wp-json\/wp\/v2\/users\/2"}],"replies":[{"embeddable":true,"href":"https:\/\/redesignwithjulia.com\/ro\/wp-json\/wp\/v2\/comments?post=638"}],"version-history":[{"count":0,"href":"https:\/\/redesignwithjulia.com\/ro\/wp-json\/wp\/v2\/pages\/638\/revisions"}],"wp:attachment":[{"href":"https:\/\/redesignwithjulia.com\/ro\/wp-json\/wp\/v2\/media?parent=638"}],"curies":[{"name":"wp","href":"https:\/\/api.w.org\/{rel}","templated":true}]}}