{"id":643,"date":"2021-06-04T07:13:30","date_gmt":"2021-06-04T05:13:30","guid":{"rendered":"https:\/\/redesignwithjulia.com\/?page_id=643"},"modified":"2021-09-17T15:43:49","modified_gmt":"2021-09-17T13:43:49","slug":"redesign-with-prima-romania-decor-moulds-spec-sheet","status":"publish","type":"page","link":"https:\/\/redesignwithjulia.com\/ro\/redesign-with-prima-romania-decor-moulds-spec-sheet\/","title":{"rendered":"Matri\u021be: Fi\u0219a de specifica\u021bii"},"content":{"rendered":"[et_pb_section fb_built=&#8221;1&#8243; _builder_version=&#8221;4.9.2&#8243; _module_preset=&#8221;default&#8221;][et_pb_row _builder_version=&#8221;4.9.2&#8243; _module_preset=&#8221;default&#8221;][et_pb_column type=&#8221;4_4&#8243; _builder_version=&#8221;4.9.2&#8243; _module_preset=&#8221;default&#8221;][et_pb_post_title meta=&#8221;off&#8221; featured_image=&#8221;off&#8221; _builder_version=&#8221;4.9.2&#8243; _module_preset=&#8221;default&#8221; title_text_align=&#8221;center&#8221; hover_enabled=&#8221;0&#8243; sticky_enabled=&#8221;0&#8243;][\/et_pb_post_title][et_pb_text _builder_version=&#8221;4.9.2&#8243; _module_preset=&#8221;default&#8221; ul_line_height=&#8221;2em&#8221; hover_enabled=&#8221;0&#8243; text_font_size=&#8221;16px&#8221; text_letter_spacing=&#8221;1px&#8221; text_line_height=&#8221;1.8em&#8221; sticky_enabled=&#8221;0&#8243;]<ul>\n<li>Matri\u021bele Redesign With Prima sunt fabricate din cauciuc siliconic de \u00eenalt\u0103 calitate, oferind flexibilitate maxim\u0103 pentru proiecte de decor, artizanat \u0219i art\u0103. Fiind sigure din punct de vedere alimentar, matri\u021bele noastre pot fi utilizate \u0219i \u00een arta alimentar\u0103 \u0219i a confec\u021biilor.<\/li>\n<li>Matri\u021bele ofer\u0103 rezultate de \u00eenalt\u0103 calitate, cu un nivel ridicat de detaliu, cu o varietate de medii, cum ar fi argila, argila uscat\u0103 la aer, material de modelare, r\u0103\u0219ini, lipici siliconic, fondant \u0219i o varietate de alte materiale comestibile \u0219i necomestibile.<\/li>\n<li>Fiecare model este detaliat pentru a oferi autenticitate maxim\u0103 \u0219i u\u0219urin\u021b\u0103 \u00een utilizare. Flexibile \u0219i durabile, mulajele sunt u\u0219or de \u00eendep\u0103rtat, permi\u021b\u00e2nd \u00een acela\u0219i timp ca detaliile s\u0103 r\u0103m\u00e2n\u0103 intacte.<\/li>\n<li>Modelele unice sunt disponibile \u00eentr-o varietate de stiluri \u0219i v\u0103 permit s\u0103 crea\u021bi o multitudine de proiecte diferite \u00een decor \u0219i art\u0103 mixt\u0103. De la flori la piese de feronerie detaliate, aceste matri\u021be au un design pentru aproape fiecare stil \u0219i nevoie!<\/li>\n<li>Matri\u021bele sunt u\u0219or de cur\u0103\u021bat \u0219i de depozitat. Pur \u0219i simplu cur\u0103\u021ba\u021bi-le cu pu\u021bin\u0103 ap\u0103 \u0219i s\u0103pun sau folosi\u021bi ma\u0219ina de sp\u0103lat vase. Sunt, de asemenea, rezistente la c\u0103ldur\u0103 \u0219i pot fi folosite \u00een cuptoare, cuptoare cu microunde sau plasate \u00een spa\u021bii refrigerate. Matri\u021bele pot rezista la temperaturi ridicate \u0219i nu au niciun strat chimic. Acest silicon durabil este mai puternic \u0219i mai flexibil dec\u00e2t alte forme de silicon de pe pia\u021b\u0103.<\/li>\n<li>Alte utiliz\u0103ri pentru aceste matri\u021be includ decorarea pr\u0103jiturilor, fabricarea s\u0103punului, utiliz\u0103ri pentru lum\u00e2n\u0103ri \u0219i cear\u0103, cadouri de Cr\u0103ciun \u0219i multe altele. Modelele func\u021bioneaz\u0103 cu u\u0219urin\u021b\u0103 cu o varietate de medii.<\/li>\n<li>Matri\u021bele nu con\u021bin BPA, PVC \u0219i ftala\u021bi. Sunt sigure la cuptor, cuptor cu microunde, frigider \u0219i congelator. Rezist\u0103 la cuptor p\u00e2n\u0103 la 260 C\u00b0, la congelator p\u00e2n\u0103 la -73 C\u00b0 \u0219i sunt antiaderente.<\/li>\n<\/ul>[\/et_pb_text][\/et_pb_column][\/et_pb_row][\/et_pb_section]","protected":false},"excerpt":{"rendered":"","protected":false},"author":2,"featured_media":0,"parent":0,"menu_order":0,"comment_status":"closed","ping_status":"closed","template":"","meta":{"_et_pb_use_builder":"on","_et_pb_old_content":"","_et_gb_content_width":""},"_links":{"self":[{"href":"https:\/\/redesignwithjulia.com\/ro\/wp-json\/wp\/v2\/pages\/643"}],"collection":[{"href":"https:\/\/redesignwithjulia.com\/ro\/wp-json\/wp\/v2\/pages"}],"about":[{"href":"https:\/\/redesignwithjulia.com\/ro\/wp-json\/wp\/v2\/types\/page"}],"author":[{"embeddable":true,"href":"https:\/\/redesignwithjulia.com\/ro\/wp-json\/wp\/v2\/users\/2"}],"replies":[{"embeddable":true,"href":"https:\/\/redesignwithjulia.com\/ro\/wp-json\/wp\/v2\/comments?post=643"}],"version-history":[{"count":0,"href":"https:\/\/redesignwithjulia.com\/ro\/wp-json\/wp\/v2\/pages\/643\/revisions"}],"wp:attachment":[{"href":"https:\/\/redesignwithjulia.com\/ro\/wp-json\/wp\/v2\/media?parent=643"}],"curies":[{"name":"wp","href":"https:\/\/api.w.org\/{rel}","templated":true}]}}