{"id":1417,"date":"2022-02-06T21:16:10","date_gmt":"2022-02-06T19:16:10","guid":{"rendered":"https:\/\/redesignwithjulia.com\/?post_type=product&#038;p=1417"},"modified":"2025-03-22T19:20:49","modified_gmt":"2025-03-22T17:20:49","slug":"fox-patrol","status":"publish","type":"product","link":"https:\/\/redesignwithjulia.com\/ro\/produs\/fox-patrol\/","title":{"rendered":"Fox Patrol &#8211; material decorativ mobil\u0103 Hokus Pokus"},"content":{"rendered":"","protected":false},"excerpt":{"rendered":"<p>Dimensiuni: 88.8 cm x 55.5 cm<\/p>\n<p>Dimensiuni pachet: 31.5 cm x 25 cm<\/p>\n<p>Instruc\u021biuni de utilizare<\/p>\n<p>Noile modele \u201eD\u00e9cor-Weave\u201d de la Hokus Pokus v\u0103 vor inspira s\u0103 v\u0103 transforma\u021bi mobila veche, odat\u0103 iubit\u0103, din monoton\u0103 \u00een fabuloas\u0103!<br \/>\nDesenele Hokus Pous D\u00e9cor-Weave sunt expresii de art\u0103 extrem de detaliate care pot fi aplicate pe lemn natural, pe mobil\u0103 l\u0103cuit\u0103 sau pe un finisaj la alegere.<\/p>\n<p>Unelte necesare:<\/p>\n<p>1.) o pies\u0103 de mobilier sau un proiect care a fost finisat, este neted, l\u0103cuit sau \u0219lefuit la lemnul natural<\/p>\n<p>2.) un model de \u021bes\u0103tur\u0103 decorativ\u0103;<\/p>\n<p>3.) o pensul\u0103;<\/p>\n<p>4.) braier;<\/p>\n<p>5.) adeziv pe baz\u0103 de ap\u0103<\/p>\n<p>6.) \u0218mirghel cu granula\u021bie 400;<\/p>\n<p>7.) ap\u0103 curat\u0103<\/p>\n<p>8.) c\u00e2rp\u0103 curat\u0103;<\/p>\n<p>9.) fier de c\u0103lcat<\/p>\n<p>C\u0103lca\u021bi cu grija cu fierul de c\u0103lcat pe setarea COOL, DRY (f\u0103r\u0103 vapori)\u00a0 partea din spate a desenului tesaturii pentru a \u00eendep\u0103rta liniile ini\u021biale de \u00eendoire.<\/p>\n<p>Piesa de mobilier preg\u0103tit\u0103: \u0219terge\u021bi-o cu o c\u00e2rp\u0103 umed\u0103 pentru a \u00eendep\u0103rta tot praful.<\/p>\n<p>Este extrem de important s\u0103 \u00eendep\u0103rta\u021bi orice exces de praf \u00eenainte de a aplica Hokus Pokus D\u00e9cor-Weave pe proiectul dumneavoastr\u0103.<\/p>\n<p>A\u0219chiile ascu\u021bite de lemn sau vopseaua ciobit\u0103, oric\u00e2t de mici, pot afecta finisajul \u0219i textura proiectului dumneavoastr\u0103 D\u00e9cor Weave.<\/p>\n<p>Toate suprafe\u021bele vopsite trebuie s\u0103 fie 100% uscate pentru a preveni ridicarea sau formarea bulelor de aer de c\u0103tre Hokus Pokus Decor Fabric.<\/p>\n<p>Planifica\u021bi \u00eentotdeauna din timp unde ve\u021bi amplasa Hokus Pokus D\u00e9cor-Weave \u0219i t\u0103ia\u021bi dac\u0103 este necesar.<\/p>\n<p>Aplicarea \u021bes\u0103turii:<\/p>\n<p>Aplica\u021bi un strat de adeziv pe baz\u0103 de ap\u0103,, \u00een timp ce este \u00eenc\u0103 umed, a\u0219eza\u021bi \u021bes\u0103tura Decor Hocus Pocus \u00een locul dorit, asigur\u00e2ndu-v\u0103 c\u0103 orice bule de aer sunt eliminate prin rularea cu o pensul\u0103.<\/p>\n<p>A\u0219tepta\u021bi aproximativ 30 de minute \u0219i apoi aplica\u021bi un prim strat de sigilant pe \u021bes\u0103tur\u0103, a\u0219tepta\u021bi p\u00e2n\u0103 c\u00e2nd se usuc\u0103 100%, apoi aplica\u021bi un al 2-lea \u0219i al 3-lea strat, asigura\u021bi-v\u0103 c\u0103 suprafa\u021ba este complet uscat\u0103 conform instruc\u021biunilor produc\u0103torului &#8211; nu gr\u0103bi\u021bi aceast\u0103 etap\u0103. Dup\u0103 ce s-a uscat 100% \u0219i s-a \u00eent\u0103rit, \u0219lefui\u021bi u\u0219or \u00eentregul desen p\u00e2n\u0103 la o textur\u0103 neted\u0103, folosind \u0219mirghel de\u00a0 granula\u021bie 400. Cur\u0103\u021ba\u021bi cu o c\u00e2rp\u0103 umed\u0103.<\/p>\n<p>Ultimul pas foarte important este s\u0103 v\u0103 relaxa\u021bi \u0219i s\u0103 v\u0103 bucura\u021bi de capodopera dvs. \u0219i apoi s\u0103 \u00eemp\u0103rt\u0103\u0219i\u021bi proiectul dvs. pe paginile noastre Hokus Pokus Instagram, Facebook sau Pinterest.<\/p>","protected":false},"featured_media":1418,"comment_status":"open","ping_status":"closed","template":"","meta":{"_et_pb_use_builder":"","_et_pb_old_content":"","_et_gb_content_width":""},"product_cat":[55],"product_tag":[],"_links":{"self":[{"href":"https:\/\/redesignwithjulia.com\/ro\/wp-json\/wp\/v2\/product\/1417"}],"collection":[{"href":"https:\/\/redesignwithjulia.com\/ro\/wp-json\/wp\/v2\/product"}],"about":[{"href":"https:\/\/redesignwithjulia.com\/ro\/wp-json\/wp\/v2\/types\/product"}],"replies":[{"embeddable":true,"href":"https:\/\/redesignwithjulia.com\/ro\/wp-json\/wp\/v2\/comments?post=1417"}],"wp:featuredmedia":[{"embeddable":true,"href":"https:\/\/redesignwithjulia.com\/ro\/wp-json\/wp\/v2\/media\/1418"}],"wp:attachment":[{"href":"https:\/\/redesignwithjulia.com\/ro\/wp-json\/wp\/v2\/media?parent=1417"}],"wp:term":[{"taxonomy":"product_cat","embeddable":true,"href":"https:\/\/redesignwithjulia.com\/ro\/wp-json\/wp\/v2\/product_cat?post=1417"},{"taxonomy":"product_tag","embeddable":true,"href":"https:\/\/redesignwithjulia.com\/ro\/wp-json\/wp\/v2\/product_tag?post=1417"}],"curies":[{"name":"wp","href":"https:\/\/api.w.org\/{rel}","templated":true}]}}