{"id":1454,"date":"2022-02-19T13:07:09","date_gmt":"2022-02-19T11:07:09","guid":{"rendered":"https:\/\/redesignwithjulia.com\/?post_type=product&#038;p=1454"},"modified":"2025-10-06T09:17:09","modified_gmt":"2025-10-06T07:17:09","slug":"white-majesty","status":"publish","type":"product","link":"https:\/\/redesignwithjulia.com\/ro\/produs\/white-majesty\/","title":{"rendered":"Material decorativ A1 &#8211; White Majesty"},"content":{"rendered":"<p>59,4 cm x 84,1 cm<\/p>","protected":false},"excerpt":{"rendered":"<p>Descoperi\u021bi un nou mod de a v\u0103 decora mobila \u0219i piesele de decor cu materialul decorativ A1 White Majesty. Aceste foi frumoase au o textur\u0103 fibroas\u0103 realizat\u0103 de ma\u0219in\u0103 pentru un aspect delicat \u0219i unic. L\u0103\u021bimea mai groas\u0103 permite o utilizare mai u\u0219oar\u0103, plasarea \u0219i durabilitatea, fiind \u00een acela\u0219i timp rezistent\u0103 la rupere. Acest lucru permite un aspect \u0219i un finisaj mai str\u0103lucitor \u0219i mai vibrant. Ideal\u0103 pentru mobilier \u0219i decor de colaj. Pentru cele mai bune rezultate, utiliza\u021bi cu gelul nostru decoupage lucios sau mat.<\/p>","protected":false},"featured_media":1455,"comment_status":"open","ping_status":"closed","template":"","meta":{"_et_pb_use_builder":"","_et_pb_old_content":"","_et_gb_content_width":""},"product_cat":[58],"product_tag":[],"_links":{"self":[{"href":"https:\/\/redesignwithjulia.com\/ro\/wp-json\/wp\/v2\/product\/1454"}],"collection":[{"href":"https:\/\/redesignwithjulia.com\/ro\/wp-json\/wp\/v2\/product"}],"about":[{"href":"https:\/\/redesignwithjulia.com\/ro\/wp-json\/wp\/v2\/types\/product"}],"replies":[{"embeddable":true,"href":"https:\/\/redesignwithjulia.com\/ro\/wp-json\/wp\/v2\/comments?post=1454"}],"wp:featuredmedia":[{"embeddable":true,"href":"https:\/\/redesignwithjulia.com\/ro\/wp-json\/wp\/v2\/media\/1455"}],"wp:attachment":[{"href":"https:\/\/redesignwithjulia.com\/ro\/wp-json\/wp\/v2\/media?parent=1454"}],"wp:term":[{"taxonomy":"product_cat","embeddable":true,"href":"https:\/\/redesignwithjulia.com\/ro\/wp-json\/wp\/v2\/product_cat?post=1454"},{"taxonomy":"product_tag","embeddable":true,"href":"https:\/\/redesignwithjulia.com\/ro\/wp-json\/wp\/v2\/product_tag?post=1454"}],"curies":[{"name":"wp","href":"https:\/\/api.w.org\/{rel}","templated":true}]}}