{"id":1674,"date":"2022-08-26T20:55:26","date_gmt":"2022-08-26T18:55:26","guid":{"rendered":"https:\/\/redesignwithjulia.com\/?post_type=product&#038;p=1674"},"modified":"2025-06-18T08:55:54","modified_gmt":"2025-06-18T06:55:54","slug":"la-blanche-madame","status":"publish","type":"product","link":"https:\/\/redesignwithjulia.com\/ro\/produs\/la-blanche-madame\/","title":{"rendered":"Madame &#8211; La Blanche mould"},"content":{"rendered":"<p>Matri\u021b\u0103 din silicon pentru lucrul cu argil\u0103 de modelaj cu \u00eent\u0103rire la aer, r\u0103\u0219in\u0103, lut polimeric, ciocolat\u0103 fondant\u0103 \u0219i multe altele.<br \/>\nThe heat resistant silicone moulds give you the opportunity to create unique detailed pieces.<br \/>\nFollow the processing instructions for your medium and, if necessary, use a release agent before filling the silicone mould. When the medium has hardened, remove it from the mould.<\/p>","protected":false},"excerpt":{"rendered":"<p>Silicone mould for working with air-hardening modeling clay, resin, polymer clay, fondant chocolate and much more. The heat resistant silicone moulds give you the opportunity to create unique detailed pieces. Follow the processing instructions for your medium and, if necessary, use a release agent before filling the silicone mould. When the medium has hardened, remove [&hellip;]<\/p>","protected":false},"featured_media":1675,"comment_status":"open","ping_status":"closed","template":"","meta":{"_et_pb_use_builder":"","_et_pb_old_content":"","_et_gb_content_width":""},"product_cat":[59],"product_tag":[],"_links":{"self":[{"href":"https:\/\/redesignwithjulia.com\/ro\/wp-json\/wp\/v2\/product\/1674"}],"collection":[{"href":"https:\/\/redesignwithjulia.com\/ro\/wp-json\/wp\/v2\/product"}],"about":[{"href":"https:\/\/redesignwithjulia.com\/ro\/wp-json\/wp\/v2\/types\/product"}],"replies":[{"embeddable":true,"href":"https:\/\/redesignwithjulia.com\/ro\/wp-json\/wp\/v2\/comments?post=1674"}],"wp:featuredmedia":[{"embeddable":true,"href":"https:\/\/redesignwithjulia.com\/ro\/wp-json\/wp\/v2\/media\/1675"}],"wp:attachment":[{"href":"https:\/\/redesignwithjulia.com\/ro\/wp-json\/wp\/v2\/media?parent=1674"}],"wp:term":[{"taxonomy":"product_cat","embeddable":true,"href":"https:\/\/redesignwithjulia.com\/ro\/wp-json\/wp\/v2\/product_cat?post=1674"},{"taxonomy":"product_tag","embeddable":true,"href":"https:\/\/redesignwithjulia.com\/ro\/wp-json\/wp\/v2\/product_tag?post=1674"}],"curies":[{"name":"wp","href":"https:\/\/api.w.org\/{rel}","templated":true}]}}