{"id":2428,"date":"2024-02-14T21:47:14","date_gmt":"2024-02-14T19:47:14","guid":{"rendered":"https:\/\/redesignwithjulia.com\/?post_type=product&#038;p=2428"},"modified":"2025-09-05T09:31:43","modified_gmt":"2025-09-05T07:31:43","slug":"a1-decoupage-fiber-rustic-refuge","status":"publish","type":"product","link":"https:\/\/redesignwithjulia.com\/ro\/produs\/a1-decoupage-fiber-rustic-refuge\/","title":{"rendered":"Rustic Refuge &#8211; material decorativ mobil\u0103 Redesign with Prima \u2013 A1"},"content":{"rendered":"<p>Ca o capodoper\u0103 pictat\u0103, \u201eRustic Refuge\u201d prezint\u0103 o pas\u0103re c\u00e2nt\u0103toare frumoas\u0103, odihnindu-se \u00een toat\u0103 splendoarea ei pe ramuri \u00eempletite, \u00een mijlocul unui fundal de vis.\u00a0 Este imprimat pe material rezistent\u0103, permi\u021b\u00e2ndu-v\u0103 s\u0103 crea\u021bi piese de decor unice \u0219i personalizate, cum ar fi art\u0103 de perete, accente de mobilier \u0219i multe altele. Designul unic este perfect pentru proiectele de decoupage, permi\u021b\u00e2ndu-v\u0103 s\u0103 stratifica\u021bi \u0219i s\u0103 aranja\u021bi imaginile pentru a crea un produs finit uimitor. Aplica\u021bi \u0219i sigila\u021bi cu gelul nostru Decoupage \u00een varianta lucioas\u0103 sau mat\u0103 pentru cele mai bune rezultate.<\/p>\n<p>&nbsp;<\/p>","protected":false},"excerpt":{"rendered":"<p>Ca o capodoper\u0103 pictat\u0103, \u201eRustic Refuge\u201d prezint\u0103 o pas\u0103re c\u00e2nt\u0103toare frumoas\u0103, odihnindu-se \u00een toat\u0103 splendoarea ei pe ramuri \u00eempletite, \u00een mijlocul unui fundal de vis.\u00a0 Este imprimat pe material rezistent\u0103, permi\u021b\u00e2ndu-v\u0103 s\u0103 crea\u021bi piese de decor unice \u0219i personalizate, cum ar fi art\u0103 de perete, accente de mobilier \u0219i multe altele. Designul unic este perfect [&hellip;]<\/p>","protected":false},"featured_media":2429,"comment_status":"open","ping_status":"closed","template":"","meta":{"_et_pb_use_builder":"","_et_pb_old_content":"","_et_gb_content_width":""},"product_cat":[31],"product_tag":[],"_links":{"self":[{"href":"https:\/\/redesignwithjulia.com\/ro\/wp-json\/wp\/v2\/product\/2428"}],"collection":[{"href":"https:\/\/redesignwithjulia.com\/ro\/wp-json\/wp\/v2\/product"}],"about":[{"href":"https:\/\/redesignwithjulia.com\/ro\/wp-json\/wp\/v2\/types\/product"}],"replies":[{"embeddable":true,"href":"https:\/\/redesignwithjulia.com\/ro\/wp-json\/wp\/v2\/comments?post=2428"}],"wp:featuredmedia":[{"embeddable":true,"href":"https:\/\/redesignwithjulia.com\/ro\/wp-json\/wp\/v2\/media\/2429"}],"wp:attachment":[{"href":"https:\/\/redesignwithjulia.com\/ro\/wp-json\/wp\/v2\/media?parent=2428"}],"wp:term":[{"taxonomy":"product_cat","embeddable":true,"href":"https:\/\/redesignwithjulia.com\/ro\/wp-json\/wp\/v2\/product_cat?post=2428"},{"taxonomy":"product_tag","embeddable":true,"href":"https:\/\/redesignwithjulia.com\/ro\/wp-json\/wp\/v2\/product_tag?post=2428"}],"curies":[{"name":"wp","href":"https:\/\/api.w.org\/{rel}","templated":true}]}}