{"id":2827,"date":"2024-05-19T09:45:31","date_gmt":"2024-05-19T07:45:31","guid":{"rendered":"https:\/\/redesignwithjulia.com\/?post_type=product&#038;p=2827"},"modified":"2025-05-25T09:02:21","modified_gmt":"2025-05-25T07:02:21","slug":"whispers-of-white-material-decorativ-mobila","status":"publish","type":"product","link":"https:\/\/redesignwithjulia.com\/ro\/produs\/whispers-of-white-material-decorativ-mobila\/","title":{"rendered":"Whispers of White \u2013 material decorativ mobil\u0103 &#8211; Redesign with Prima"},"content":{"rendered":"<p>Transforma\u021bi decorul casei dvs. cu materialul decorativ, ad\u0103ug\u00e2nd o not\u0103 de elegan\u021b\u0103 \u0219i frumuse\u021be oric\u0103rei \u00eenc\u0103peri.<\/p>\n<p>Materialel sunt u\u0219or de aplicat pe lemn, p\u00e2nz\u0103, lut, gresie, sticl\u0103 \u0219i multe alte suprafe\u021be. Pur \u0219i simplu m\u0103sura\u021bi \u0219i t\u0103ia\u021bi cantitatea dorit\u0103 de h\u00e2rtie, ad\u0103uga\u021bi Transfer Gel sau Decoupage Gel pe suprafa\u021ba preg\u0103tit\u0103, a\u0219eza\u021bi h\u00e2rtia deasupra \u0219i netezi\u021bi-o.<\/p>\n<p>Ad\u0103uga\u021bi \u00eenc\u0103 un strat de Transfer Gel deasupra \u0219i l\u0103sa\u021bi s\u0103 se usuce.<\/p>\n<p>Pachetul con\u021bine trei coli, fiecare m\u0103sur\u00e2nd 49,53 x 76,2 cm.<\/p>","protected":false},"excerpt":{"rendered":"<p>Transforma\u021bi decorul casei dvs. cu materialul decorativ, ad\u0103ug\u00e2nd o not\u0103 de elegan\u021b\u0103 \u0219i frumuse\u021be oric\u0103rei \u00eenc\u0103peri. Materialel sunt u\u0219or de aplicat pe lemn, p\u00e2nz\u0103, lut, gresie, sticl\u0103 \u0219i multe alte suprafe\u021be. Pur \u0219i simplu m\u0103sura\u021bi \u0219i t\u0103ia\u021bi cantitatea dorit\u0103 de h\u00e2rtie, ad\u0103uga\u021bi Transfer Gel sau Decoupage Gel pe suprafa\u021ba preg\u0103tit\u0103, a\u0219eza\u021bi h\u00e2rtia deasupra \u0219i netezi\u021bi-o. [&hellip;]<\/p>","protected":false},"featured_media":2828,"comment_status":"open","ping_status":"closed","template":"","meta":{"_et_pb_use_builder":"","_et_pb_old_content":"","_et_gb_content_width":""},"product_cat":[67],"product_tag":[],"_links":{"self":[{"href":"https:\/\/redesignwithjulia.com\/ro\/wp-json\/wp\/v2\/product\/2827"}],"collection":[{"href":"https:\/\/redesignwithjulia.com\/ro\/wp-json\/wp\/v2\/product"}],"about":[{"href":"https:\/\/redesignwithjulia.com\/ro\/wp-json\/wp\/v2\/types\/product"}],"replies":[{"embeddable":true,"href":"https:\/\/redesignwithjulia.com\/ro\/wp-json\/wp\/v2\/comments?post=2827"}],"wp:featuredmedia":[{"embeddable":true,"href":"https:\/\/redesignwithjulia.com\/ro\/wp-json\/wp\/v2\/media\/2828"}],"wp:attachment":[{"href":"https:\/\/redesignwithjulia.com\/ro\/wp-json\/wp\/v2\/media?parent=2827"}],"wp:term":[{"taxonomy":"product_cat","embeddable":true,"href":"https:\/\/redesignwithjulia.com\/ro\/wp-json\/wp\/v2\/product_cat?post=2827"},{"taxonomy":"product_tag","embeddable":true,"href":"https:\/\/redesignwithjulia.com\/ro\/wp-json\/wp\/v2\/product_tag?post=2827"}],"curies":[{"name":"wp","href":"https:\/\/api.w.org\/{rel}","templated":true}]}}