{"id":2833,"date":"2024-05-19T09:52:44","date_gmt":"2024-05-19T07:52:44","guid":{"rendered":"https:\/\/redesignwithjulia.com\/?post_type=product&#038;p=2833"},"modified":"2024-11-19T22:40:17","modified_gmt":"2024-11-19T20:40:17","slug":"avian-dreamscape-material-decorativ-mobila","status":"publish","type":"product","link":"https:\/\/redesignwithjulia.com\/ro\/produs\/avian-dreamscape-material-decorativ-mobila\/","title":{"rendered":"Avian Dreamscape \u2013 material decorativ mobila"},"content":{"rendered":"","protected":false},"excerpt":{"rendered":"<p>DESCRIERE &#8211; INFORMA\u021aII SUPLIMENTARE<br \/>\nAduce\u021bi lini\u0219tea lumii naturale \u00een casa dvs. cu materialul decorativ &#8211; \u201eAvian Dreamscape\u201d. Fiecare foaie prezint\u0103 un portret bogat detaliat de p\u0103s\u0103ri c\u00e2nt\u0103toare \u00een repaus, pe un fundal de tonuri calde, p\u0103m\u00e2ntii \u0219i frunze de toamn\u0103 care evoc\u0103 un sentiment de frumuse\u021be senin\u0103. Amestecul delicat de culori completeaz\u0103 o varietate de stiluri de decor, fiind o alegere versatil\u0103 pentru reciclarea mobilierului sau pentru crearea de art\u0103 mural\u0103 personalizat\u0103. Fie c\u0103 sunte\u021bi un pasionat de natur\u0103 sau un iubitor de art\u0103, acest pachet v\u0103 va ajuta s\u0103 crea\u021bi o ambian\u021b\u0103 lini\u0219tit\u0103 \u00een orice spa\u021biu.<\/p>\n<p>&nbsp;<\/p>","protected":false},"featured_media":2834,"comment_status":"open","ping_status":"closed","template":"","meta":{"_et_pb_use_builder":"","_et_pb_old_content":"","_et_gb_content_width":""},"product_cat":[67],"product_tag":[],"_links":{"self":[{"href":"https:\/\/redesignwithjulia.com\/ro\/wp-json\/wp\/v2\/product\/2833"}],"collection":[{"href":"https:\/\/redesignwithjulia.com\/ro\/wp-json\/wp\/v2\/product"}],"about":[{"href":"https:\/\/redesignwithjulia.com\/ro\/wp-json\/wp\/v2\/types\/product"}],"replies":[{"embeddable":true,"href":"https:\/\/redesignwithjulia.com\/ro\/wp-json\/wp\/v2\/comments?post=2833"}],"wp:featuredmedia":[{"embeddable":true,"href":"https:\/\/redesignwithjulia.com\/ro\/wp-json\/wp\/v2\/media\/2834"}],"wp:attachment":[{"href":"https:\/\/redesignwithjulia.com\/ro\/wp-json\/wp\/v2\/media?parent=2833"}],"wp:term":[{"taxonomy":"product_cat","embeddable":true,"href":"https:\/\/redesignwithjulia.com\/ro\/wp-json\/wp\/v2\/product_cat?post=2833"},{"taxonomy":"product_tag","embeddable":true,"href":"https:\/\/redesignwithjulia.com\/ro\/wp-json\/wp\/v2\/product_tag?post=2833"}],"curies":[{"name":"wp","href":"https:\/\/api.w.org\/{rel}","templated":true}]}}