{"id":2896,"date":"2024-06-10T22:27:42","date_gmt":"2024-06-10T20:27:42","guid":{"rendered":"https:\/\/redesignwithjulia.com\/?post_type=product&#038;p=2896"},"modified":"2024-06-13T20:35:32","modified_gmt":"2024-06-13T18:35:32","slug":"seascape-melody","status":"publish","type":"product","link":"https:\/\/redesignwithjulia.com\/ro\/produs\/seascape-melody\/","title":{"rendered":"Seascape Melody &#8211; material decorativ mobil\u0103"},"content":{"rendered":"","protected":false},"excerpt":{"rendered":"<p>Cufunda\u021bi-v\u0103 \u00een frumuse\u021bea lini\u0219tit\u0103 a oceanului cu pachetul \u201eSeascape Melody\u201d. Aceast\u0103 colec\u021bie rafinat\u0103 aduce farmecul hipnotizant al m\u0103rii \u00een eforturile dvs. creative, ad\u0103ug\u00e2nd o not\u0103 de farmec de coast\u0103 decorului dvs. de acas\u0103. De la b\u0103rci cu p\u00e2nze gra\u021bioase, valuri care se rostogolesc \u0219i plaje s\u0103rutate de soare, fiecare motiv este detaliat \u00een mod complex, invit\u00e2ndu-v\u0103 s\u0103 v\u0103 \u00eembarca\u021bi \u00eentr-o c\u0103l\u0103torie vizual\u0103 prin lumea marin\u0103. Se coordoneaz\u0103 minunat cu colec\u021bia \u201eOcean\u201d de la Redesign! Materialul este incredibil de u\u0219or de folosit. Pur \u0219i simplu m\u0103sura\u021bi \u0219i t\u0103ia\u021bi cantitatea dorit\u0103, ad\u0103uga\u021bi gelul decoupage pe suprafa\u021ba preg\u0103tit\u0103, a\u0219eza\u021bi h\u00e2rtia deasupra \u0219i netezi\u021bi-o cu unealta de r\u0103zuire. Setul\u00a0 este creat pentru a fi folosit pe pere\u021bi, mobilier \u0219i alte elemente de decor.<\/p>\n<p>Translated with DeepL.com (free version)<\/p>","protected":false},"featured_media":2897,"comment_status":"open","ping_status":"closed","template":"","meta":{"_et_pb_use_builder":"","_et_pb_old_content":"","_et_gb_content_width":""},"product_cat":[67],"product_tag":[],"_links":{"self":[{"href":"https:\/\/redesignwithjulia.com\/ro\/wp-json\/wp\/v2\/product\/2896"}],"collection":[{"href":"https:\/\/redesignwithjulia.com\/ro\/wp-json\/wp\/v2\/product"}],"about":[{"href":"https:\/\/redesignwithjulia.com\/ro\/wp-json\/wp\/v2\/types\/product"}],"replies":[{"embeddable":true,"href":"https:\/\/redesignwithjulia.com\/ro\/wp-json\/wp\/v2\/comments?post=2896"}],"wp:featuredmedia":[{"embeddable":true,"href":"https:\/\/redesignwithjulia.com\/ro\/wp-json\/wp\/v2\/media\/2897"}],"wp:attachment":[{"href":"https:\/\/redesignwithjulia.com\/ro\/wp-json\/wp\/v2\/media?parent=2896"}],"wp:term":[{"taxonomy":"product_cat","embeddable":true,"href":"https:\/\/redesignwithjulia.com\/ro\/wp-json\/wp\/v2\/product_cat?post=2896"},{"taxonomy":"product_tag","embeddable":true,"href":"https:\/\/redesignwithjulia.com\/ro\/wp-json\/wp\/v2\/product_tag?post=2896"}],"curies":[{"name":"wp","href":"https:\/\/api.w.org\/{rel}","templated":true}]}}