{"id":2919,"date":"2024-06-14T09:24:03","date_gmt":"2024-06-14T07:24:03","guid":{"rendered":"https:\/\/redesignwithjulia.com\/?post_type=product&#038;p=2919"},"modified":"2025-05-25T08:41:41","modified_gmt":"2025-05-25T06:41:41","slug":"tranquil-tides-material-decorativ-mobila-redesign-with-prima","status":"publish","type":"product","link":"https:\/\/redesignwithjulia.com\/ro\/produs\/tranquil-tides-material-decorativ-mobila-redesign-with-prima\/","title":{"rendered":"Tranquil Tides &#8211; material decorativ mobil\u0103 A1 &#8211; Redesign with Prima"},"content":{"rendered":"","protected":false},"excerpt":{"rendered":"<p>Experimenta\u021bi frumuse\u021bea m\u0103rii \u00een propria dvs. cas\u0103 cu materialul decorativ decoupage &#8220;Tranquil Tides&#8221; de la Redesign. Conceput\u0103 pentru a \u00eencapsula ritmul senin al m\u0103rii, imagina\u021bi-v\u0103 privind \u00een timp ce soarele coboar\u0103 sub orizont, arunc\u00e2nd o str\u0103lucire lini\u0219titoare peste valurile care se rostogolesc. Cu acest material, aceast\u0103 esen\u021b\u0103 lini\u0219tit\u0103 este adus\u0103 la via\u021b\u0103, infuz\u00e2nd orice camer\u0103 cu o ambian\u021b\u0103 lini\u0219titoare \u0219i relaxant\u0103. Fie c\u0103 \u00eempodobe\u0219te pere\u021bi, mobilier sau accente decorative, aceasta va transforma orice spa\u021biu \u00eentr-un sanctuar al lini\u0219tii. Las\u0103-te purtat de ritmul pa\u0219nic al valurilor, aduc\u00e2nd un sentiment de calm \u0219i relaxare \u00een fiecare col\u021b al spa\u021biului t\u0103u de locuit. Se potrive\u0219te de minune cu colec\u021bia &#8220;Ocean&#8221; de la Redesign! Materialul nostru de decoupage format A1 este incredibil de u\u0219or de utilizat. Pur \u0219i simplu m\u0103sura\u021bi \u0219i t\u0103ia\u021bi cantitatea dorit\u0103 de h\u00e2rtie, ad\u0103uga\u021bi gelul decoupage pe suprafa\u021ba preg\u0103tit\u0103, a\u0219eza\u021bi h\u00e2rtia deasupra \u0219i netezi\u021bi-o cu unealta r\u0103zuitoare. Setul nostru de material de decor este creat pentru a fi folosit pe pere\u021bi, mobilier \u0219i alte elemente de decor.<\/p>\n<p>&nbsp;<\/p>","protected":false},"featured_media":2920,"comment_status":"open","ping_status":"closed","template":"","meta":{"_et_pb_use_builder":"","_et_pb_old_content":"","_et_gb_content_width":""},"product_cat":[31],"product_tag":[],"_links":{"self":[{"href":"https:\/\/redesignwithjulia.com\/ro\/wp-json\/wp\/v2\/product\/2919"}],"collection":[{"href":"https:\/\/redesignwithjulia.com\/ro\/wp-json\/wp\/v2\/product"}],"about":[{"href":"https:\/\/redesignwithjulia.com\/ro\/wp-json\/wp\/v2\/types\/product"}],"replies":[{"embeddable":true,"href":"https:\/\/redesignwithjulia.com\/ro\/wp-json\/wp\/v2\/comments?post=2919"}],"wp:featuredmedia":[{"embeddable":true,"href":"https:\/\/redesignwithjulia.com\/ro\/wp-json\/wp\/v2\/media\/2920"}],"wp:attachment":[{"href":"https:\/\/redesignwithjulia.com\/ro\/wp-json\/wp\/v2\/media?parent=2919"}],"wp:term":[{"taxonomy":"product_cat","embeddable":true,"href":"https:\/\/redesignwithjulia.com\/ro\/wp-json\/wp\/v2\/product_cat?post=2919"},{"taxonomy":"product_tag","embeddable":true,"href":"https:\/\/redesignwithjulia.com\/ro\/wp-json\/wp\/v2\/product_tag?post=2919"}],"curies":[{"name":"wp","href":"https:\/\/api.w.org\/{rel}","templated":true}]}}