{"id":2923,"date":"2024-06-14T10:25:06","date_gmt":"2024-06-14T08:25:06","guid":{"rendered":"https:\/\/redesignwithjulia.com\/?post_type=product&#038;p=2923"},"modified":"2025-10-13T13:58:54","modified_gmt":"2025-10-13T11:58:54","slug":"the-blue-house-material-decorativ-mobila-a1-redesign-with-prima","status":"publish","type":"product","link":"https:\/\/redesignwithjulia.com\/ro\/produs\/the-blue-house-material-decorativ-mobila-a1-redesign-with-prima\/","title":{"rendered":"The Blue House &#8211; material decorativ mobil\u0103 A1 &#8211; Redesign with Prima"},"content":{"rendered":"","protected":false},"excerpt":{"rendered":"<p>Cu un farmec vechi, \u00een albastru profund \u0219i bogat, cu cr\u0103p\u0103turi albe \u0219i texturi \u00eenc\u00e2nt\u0103toare, materialul decorativ A1 &#8220;The Blue House&#8221; eman\u0103 o combina\u021bie \u00eenc\u00e2nt\u0103toare pentru nevoile tale de bricolaj!<\/p>\n<p>\u00cembr\u0103\u021bi\u0219a\u021bi farmecul anilor trecu\u021bi pe m\u0103sur\u0103 ce \u00eencorpora\u021bi acest design seduc\u0103tor, de epoc\u0103, \u00een eforturile dvs. artistice.<\/p>\n<p>H\u00e2rtia A1 Decoupage de la Redesign este creat\u0103 cu un proces unic de imprimare \u0219i h\u00e2rtie rezistent\u0103, permi\u021b\u00e2ndu-v\u0103 s\u0103 crea\u021bi piese de decor unice \u0219i personalizate.<\/p>\n<p>Un material de \u00eenalt\u0103 calitate construit pe flexibilitate, u\u0219urin\u021b\u0103 \u00een utilizare \u0219i durabilitate, noua noastr\u0103 fibr\u0103 decoupage v\u0103 va oferi cu siguran\u021b\u0103 rezultate \u0219i aplica\u021bii incredibile.<\/p>\n<p>Fabricat dintr-un material fibros de \u00eenalt\u0103 densitate, Decoupage Fiber este conceput pentru a fi folosit pe orice suprafa\u021b\u0103, de la mobil\u0103 la pere\u021bi, cu o suprafa\u021b\u0103 f\u0103r\u0103 riduri care va oferi rezultate incredibile. Acest material rezistent la rupere, care nu se \u00eencre\u021be\u0219te \u0219i este ultra versatil, este compatibil cu majoritatea mediilor pe baz\u0103 de ap\u0103 \u0219i se va integra complet \u00een suprafe\u021bele dvs. f\u0103r\u0103 a se cr\u0103pa sau deforma.<\/p>\n<p>Asorta\u021bi-l cu Gelul nostru Decoupage pentru cele mai bune rezultate.<\/p>","protected":false},"featured_media":2924,"comment_status":"open","ping_status":"closed","template":"","meta":{"_et_pb_use_builder":"","_et_pb_old_content":"","_et_gb_content_width":""},"product_cat":[31],"product_tag":[],"_links":{"self":[{"href":"https:\/\/redesignwithjulia.com\/ro\/wp-json\/wp\/v2\/product\/2923"}],"collection":[{"href":"https:\/\/redesignwithjulia.com\/ro\/wp-json\/wp\/v2\/product"}],"about":[{"href":"https:\/\/redesignwithjulia.com\/ro\/wp-json\/wp\/v2\/types\/product"}],"replies":[{"embeddable":true,"href":"https:\/\/redesignwithjulia.com\/ro\/wp-json\/wp\/v2\/comments?post=2923"}],"wp:featuredmedia":[{"embeddable":true,"href":"https:\/\/redesignwithjulia.com\/ro\/wp-json\/wp\/v2\/media\/2924"}],"wp:attachment":[{"href":"https:\/\/redesignwithjulia.com\/ro\/wp-json\/wp\/v2\/media?parent=2923"}],"wp:term":[{"taxonomy":"product_cat","embeddable":true,"href":"https:\/\/redesignwithjulia.com\/ro\/wp-json\/wp\/v2\/product_cat?post=2923"},{"taxonomy":"product_tag","embeddable":true,"href":"https:\/\/redesignwithjulia.com\/ro\/wp-json\/wp\/v2\/product_tag?post=2923"}],"curies":[{"name":"wp","href":"https:\/\/api.w.org\/{rel}","templated":true}]}}