{"id":2926,"date":"2024-06-14T10:37:54","date_gmt":"2024-06-14T08:37:54","guid":{"rendered":"https:\/\/redesignwithjulia.com\/?post_type=product&#038;p=2926"},"modified":"2025-10-13T13:58:23","modified_gmt":"2025-10-13T11:58:23","slug":"fancy-friends-material-decorativ-mobila-a1-redesign-with-prima","status":"publish","type":"product","link":"https:\/\/redesignwithjulia.com\/ro\/produs\/fancy-friends-material-decorativ-mobila-a1-redesign-with-prima\/","title":{"rendered":"Fancy Friends &#8211; material decorativ mobil\u0103 A1 &#8211; Redesign with Prima"},"content":{"rendered":"","protected":false},"excerpt":{"rendered":"<p>DESCRIERE INFORMA\u021aII SUPLIMENTARE<br \/>\nV\u0103 prezent\u0103m materialul de decupaj A1 &#8220;Fancy Friends&#8221;, un accesoriu perfect pentru orice proiect DIY de decorare a casei sau de artizanat. Aceast\u0103 frumoas\u0103 h\u00e2rtie decoupage prezint\u0103 un colaj uimitor de fotografii \u0219i fragmente \u00eenr\u0103mate \u0219i se coordoneaz\u0103 minunat cu colec\u021bia &#8220;Collage Chronicles Collection&#8221;.<\/p>\n<p>Este un pic mai mare dec\u00e2t celelalte h\u00e2rtii, ceea ce o face perfect\u0103 pentru acoperirea unei variet\u0103\u021bi de suprafe\u021be. De asemenea, este realizat\u0103 din materiale de \u00eenalt\u0103 calitate \u0219i un proces unic de imprimare, asigur\u00e2nd c\u0103 este durabil\u0103, de lung\u0103 durat\u0103 \u0219i unic\u0103 pe pia\u021b\u0103. \u00cen plus, designul coordonat cu colec\u021bia &#8220;Collage Chronicles Collection&#8221; face ca aceasta s\u0103 fie u\u0219or de combinat cu alte produse din colec\u021bie pentru un aspect coerent.<\/p>\n<p>Fie c\u0103 sunte\u021bi un me\u0219ter experimentat sau un \u00eencep\u0103tor \u00een domeniul bricolajului, materialul de decupaj A1 &#8220;Fancy Friends&#8221; este un produs indispensabil pentru proiectele dvs. creative. Comand\u0103-l pe al t\u0103u ast\u0103zi \u0219i \u00eencepe s\u0103 me\u0219tere\u0219ti!<\/p>","protected":false},"featured_media":2927,"comment_status":"open","ping_status":"closed","template":"","meta":{"_et_pb_use_builder":"","_et_pb_old_content":"","_et_gb_content_width":""},"product_cat":[31],"product_tag":[],"_links":{"self":[{"href":"https:\/\/redesignwithjulia.com\/ro\/wp-json\/wp\/v2\/product\/2926"}],"collection":[{"href":"https:\/\/redesignwithjulia.com\/ro\/wp-json\/wp\/v2\/product"}],"about":[{"href":"https:\/\/redesignwithjulia.com\/ro\/wp-json\/wp\/v2\/types\/product"}],"replies":[{"embeddable":true,"href":"https:\/\/redesignwithjulia.com\/ro\/wp-json\/wp\/v2\/comments?post=2926"}],"wp:featuredmedia":[{"embeddable":true,"href":"https:\/\/redesignwithjulia.com\/ro\/wp-json\/wp\/v2\/media\/2927"}],"wp:attachment":[{"href":"https:\/\/redesignwithjulia.com\/ro\/wp-json\/wp\/v2\/media?parent=2926"}],"wp:term":[{"taxonomy":"product_cat","embeddable":true,"href":"https:\/\/redesignwithjulia.com\/ro\/wp-json\/wp\/v2\/product_cat?post=2926"},{"taxonomy":"product_tag","embeddable":true,"href":"https:\/\/redesignwithjulia.com\/ro\/wp-json\/wp\/v2\/product_tag?post=2926"}],"curies":[{"name":"wp","href":"https:\/\/api.w.org\/{rel}","templated":true}]}}