{"id":2938,"date":"2024-07-15T20:54:50","date_gmt":"2024-07-15T18:54:50","guid":{"rendered":"https:\/\/redesignwithjulia.com\/?post_type=product&#038;p=2938"},"modified":"2024-09-05T06:23:43","modified_gmt":"2024-09-05T04:23:43","slug":"2938","status":"publish","type":"product","link":"https:\/\/redesignwithjulia.com\/ro\/produs\/2938\/","title":{"rendered":"Redesign &#8211; Decor Poly &#8211; Baroque Elegance"},"content":{"rendered":"<h5 class=\"qodef-product-list-title\"><a href=\"https:\/\/www.redesignwithprima.com\/product\/decor-poly-baroque-elegance-10x9-89x0-49-25-4cmx25-1cmx1-2cm\/\">\u00a025.4CMX25.1CMX1.2CM<\/a><\/h5>\n<p>Spori\u021bi frumuse\u021bea spa\u021biului dvs. de locuit cu D\u00e9cor Poly, aplica\u021biile decorative inovatoare \u0219i versatile concepute pentru a transforma orice suprafa\u021b\u0103 cu u\u0219urin\u021b\u0103.<\/p>\n<p>Disponibil \u00eentr-un sortiment frumos de forme, dimensiuni \u0219i modele, D\u00e9cor Poly ofer\u0103 o alternativ\u0103 f\u0103r\u0103 complica\u021bii pentru a ad\u0103uga ornamente uimitoare f\u0103r\u0103 efort la piesele de decor pentru cas\u0103, proiecte DIY, mobilier, mixed-media \u0219i multe altele.<\/p>\n<p>Fabricat cu flexibilitate \u00een minte, D\u00e9cor Poly se m\u00e2ndre\u0219te cu un design flexibil unic, care v\u0103 permite s\u0103 modela\u021bi \u0219i s\u0103 da\u021bi form\u0103 f\u0103r\u0103 efort fiec\u0103rei aplica\u021bii pentru a se potrivi oric\u0103rei curbe, col\u021buri sau contur.<\/p>\n<p>Nu este nevoie de c\u0103ldur\u0103 pentru a face aceste frumuse\u021bi pliabile!<\/p>\n<p>Bonus: D\u00e9cor Poly este, de asemenea, inodor \u0219i compatibil cu Prop 65 = noile aplica\u021bii Decor Poly de la Redesign sunt sigure pentru utilizare \u00een interior.<\/p>\n<p>Dezl\u0103n\u021buie-\u021bi flerul artistic \u00eenfrumuse\u021b\u00e2nd fiecare design cu vopsele, pete, D\u00e9cor Wax sau orice alte finisaje la alegere.<\/p>\n<p>D\u00e9cor Poly se adapteaz\u0103 f\u0103r\u0103 efort la estetica dorit\u0103, asigur\u00e2ndu-se c\u0103 viziunile dvs. de decor prind via\u021b\u0103 cu precizie \u0219i stil uimitoare.<\/p>\n<p>&nbsp;<\/p>","protected":false},"excerpt":{"rendered":"<p>\u00a025.4CMX25.1CMX1.2CM Spori\u021bi frumuse\u021bea spa\u021biului dvs. de locuit cu D\u00e9cor Poly, aplica\u021biile decorative inovatoare \u0219i versatile concepute pentru a transforma orice suprafa\u021b\u0103 cu u\u0219urin\u021b\u0103. Disponibil \u00eentr-un sortiment frumos de forme, dimensiuni \u0219i modele, D\u00e9cor Poly ofer\u0103 o alternativ\u0103 f\u0103r\u0103 complica\u021bii pentru a ad\u0103uga ornamente uimitoare f\u0103r\u0103 efort la piesele de decor pentru cas\u0103, proiecte DIY, mobilier, [&hellip;]<\/p>","protected":false},"featured_media":2939,"comment_status":"open","ping_status":"closed","template":"","meta":{"_et_pb_use_builder":"","_et_pb_old_content":"","_et_gb_content_width":""},"product_cat":[73],"product_tag":[],"_links":{"self":[{"href":"https:\/\/redesignwithjulia.com\/ro\/wp-json\/wp\/v2\/product\/2938"}],"collection":[{"href":"https:\/\/redesignwithjulia.com\/ro\/wp-json\/wp\/v2\/product"}],"about":[{"href":"https:\/\/redesignwithjulia.com\/ro\/wp-json\/wp\/v2\/types\/product"}],"replies":[{"embeddable":true,"href":"https:\/\/redesignwithjulia.com\/ro\/wp-json\/wp\/v2\/comments?post=2938"}],"wp:featuredmedia":[{"embeddable":true,"href":"https:\/\/redesignwithjulia.com\/ro\/wp-json\/wp\/v2\/media\/2939"}],"wp:attachment":[{"href":"https:\/\/redesignwithjulia.com\/ro\/wp-json\/wp\/v2\/media?parent=2938"}],"wp:term":[{"taxonomy":"product_cat","embeddable":true,"href":"https:\/\/redesignwithjulia.com\/ro\/wp-json\/wp\/v2\/product_cat?post=2938"},{"taxonomy":"product_tag","embeddable":true,"href":"https:\/\/redesignwithjulia.com\/ro\/wp-json\/wp\/v2\/product_tag?post=2938"}],"curies":[{"name":"wp","href":"https:\/\/api.w.org\/{rel}","templated":true}]}}