{"id":2949,"date":"2024-07-25T21:47:52","date_gmt":"2024-07-25T19:47:52","guid":{"rendered":"https:\/\/redesignwithjulia.com\/?post_type=product&#038;p=2949"},"modified":"2024-12-28T13:17:44","modified_gmt":"2024-12-28T11:17:44","slug":"hartie-de-orez-fairies-pd-0109-a5","status":"publish","type":"product","link":"https:\/\/redesignwithjulia.com\/ro\/produs\/hartie-de-orez-fairies-pd-0109-a5\/","title":{"rendered":"H\u00e2rtie de orez &#8211; Fairies PD \u2013 0109 \u2013 A5"},"content":{"rendered":"<p>H\u00e2rtia din orez are \u00een compozi\u021bie fibre mici datorit\u0103 c\u0103rora este mult mai rezistent\u0103 dec\u00e2t un serve\u021bel. Nu t\u0103ia\u021bi imaginile cu foarfeca ci rupe\u021bi-le pentru a le putea integra mai frumos.<\/p>","protected":false},"excerpt":{"rendered":"<p>H\u00e2rtia din orez are \u00een compozi\u021bie fibre mici datorit\u0103 c\u0103rora este mult mai rezistent\u0103 dec\u00e2t un serve\u021bel. Nu t\u0103ia\u021bi imaginile cu foarfeca ci rupe\u021bi-le pentru a le putea integra mai frumos.<\/p>","protected":false},"featured_media":2950,"comment_status":"open","ping_status":"closed","template":"","meta":{"_et_pb_use_builder":"","_et_pb_old_content":"","_et_gb_content_width":""},"product_cat":[74],"product_tag":[],"_links":{"self":[{"href":"https:\/\/redesignwithjulia.com\/ro\/wp-json\/wp\/v2\/product\/2949"}],"collection":[{"href":"https:\/\/redesignwithjulia.com\/ro\/wp-json\/wp\/v2\/product"}],"about":[{"href":"https:\/\/redesignwithjulia.com\/ro\/wp-json\/wp\/v2\/types\/product"}],"replies":[{"embeddable":true,"href":"https:\/\/redesignwithjulia.com\/ro\/wp-json\/wp\/v2\/comments?post=2949"}],"wp:featuredmedia":[{"embeddable":true,"href":"https:\/\/redesignwithjulia.com\/ro\/wp-json\/wp\/v2\/media\/2950"}],"wp:attachment":[{"href":"https:\/\/redesignwithjulia.com\/ro\/wp-json\/wp\/v2\/media?parent=2949"}],"wp:term":[{"taxonomy":"product_cat","embeddable":true,"href":"https:\/\/redesignwithjulia.com\/ro\/wp-json\/wp\/v2\/product_cat?post=2949"},{"taxonomy":"product_tag","embeddable":true,"href":"https:\/\/redesignwithjulia.com\/ro\/wp-json\/wp\/v2\/product_tag?post=2949"}],"curies":[{"name":"wp","href":"https:\/\/api.w.org\/{rel}","templated":true}]}}