{"id":2973,"date":"2024-08-12T22:01:12","date_gmt":"2024-08-12T20:01:12","guid":{"rendered":"https:\/\/redesignwithjulia.com\/?post_type=product&#038;p=2973"},"modified":"2025-02-07T10:04:12","modified_gmt":"2025-02-07T08:04:12","slug":"when-christmas-comes-transfer-decorativ-hokus-pokus","status":"publish","type":"product","link":"https:\/\/redesignwithjulia.com\/ro\/produs\/when-christmas-comes-transfer-decorativ-hokus-pokus\/","title":{"rendered":"When Christmas Comes &#8211; Transfer Decorativ Hokus Pokus"},"content":{"rendered":"<p>Dimensiuni\u00a0 94 x 60 cm<\/p>\n<p>Transforma\u021bi-v\u0103 decorul de s\u0103rb\u0103tori cu Hokus Pokus &#8211; When Christmas Comes (Gold) transferuri mari \u00een tuburi. Aceste modele aurii uimitoare vor ad\u0103uga o not\u0103 de magie \u00een orice camer\u0103, cu trei foi incluse pentru posibilit\u0103\u021bi nelimitate de decorare. U\u0219or de aplicat \u0219i de \u00eendep\u0103rtat, aceste transferuri sunt modalitatea perfect\u0103 de a v\u0103 face casa s\u0103 str\u0103luceasc\u0103 \u00een acest sezon de s\u0103rb\u0103tori. Upgradeaz\u0103-\u021bi decora\u021biunile de Cr\u0103ciun cu Hokus Pokus \u0219i prive\u0219te cum spa\u021biul t\u0103u se transform\u0103 instantaneu \u00eentr-un t\u0103r\u00e2m al minunilor de iarn\u0103.<\/p>","protected":false},"excerpt":{"rendered":"<p>Dimensiuni\u00a0 94 x 60 cm Transforma\u021bi-v\u0103 decorul de s\u0103rb\u0103tori cu Hokus Pokus &#8211; When Christmas Comes (Gold) transferuri mari \u00een tuburi. Aceste modele aurii uimitoare vor ad\u0103uga o not\u0103 de magie \u00een orice camer\u0103, cu trei foi incluse pentru posibilit\u0103\u021bi nelimitate de decorare. U\u0219or de aplicat \u0219i de \u00eendep\u0103rtat, aceste transferuri sunt modalitatea perfect\u0103 de [&hellip;]<\/p>","protected":false},"featured_media":2974,"comment_status":"open","ping_status":"closed","template":"","meta":{"_et_pb_use_builder":"","_et_pb_old_content":"","_et_gb_content_width":""},"product_cat":[54],"product_tag":[],"_links":{"self":[{"href":"https:\/\/redesignwithjulia.com\/ro\/wp-json\/wp\/v2\/product\/2973"}],"collection":[{"href":"https:\/\/redesignwithjulia.com\/ro\/wp-json\/wp\/v2\/product"}],"about":[{"href":"https:\/\/redesignwithjulia.com\/ro\/wp-json\/wp\/v2\/types\/product"}],"replies":[{"embeddable":true,"href":"https:\/\/redesignwithjulia.com\/ro\/wp-json\/wp\/v2\/comments?post=2973"}],"wp:featuredmedia":[{"embeddable":true,"href":"https:\/\/redesignwithjulia.com\/ro\/wp-json\/wp\/v2\/media\/2974"}],"wp:attachment":[{"href":"https:\/\/redesignwithjulia.com\/ro\/wp-json\/wp\/v2\/media?parent=2973"}],"wp:term":[{"taxonomy":"product_cat","embeddable":true,"href":"https:\/\/redesignwithjulia.com\/ro\/wp-json\/wp\/v2\/product_cat?post=2973"},{"taxonomy":"product_tag","embeddable":true,"href":"https:\/\/redesignwithjulia.com\/ro\/wp-json\/wp\/v2\/product_tag?post=2973"}],"curies":[{"name":"wp","href":"https:\/\/api.w.org\/{rel}","templated":true}]}}