{"id":2975,"date":"2024-08-14T21:45:54","date_gmt":"2024-08-14T19:45:54","guid":{"rendered":"https:\/\/redesignwithjulia.com\/?post_type=product&#038;p=2975"},"modified":"2025-06-29T19:33:38","modified_gmt":"2025-06-29T17:33:38","slug":"kacha-in-the-field-transfer-decorativ-mobila","status":"publish","type":"product","link":"https:\/\/redesignwithjulia.com\/ro\/produs\/kacha-in-the-field-transfer-decorativ-mobila\/","title":{"rendered":"Transfer decorativ mobil\u0103- KACHA &#8211; In the Field &#8211; Rose Gold Foil &#8211; Folie auriu ros\u00e9"},"content":{"rendered":"<p>Folia aurie, transferul decorativ \u201eIn the Field\u201d de la Kacha atrage frumuse\u021bea unei paji\u0219ti senine \u00een casa ta. Ierburile delicate \u0219i sub\u021biri \u0219i frunzi\u0219ul s\u0103lbatic \u00eentr-o nuan\u021b\u0103 luxuriant\u0103 de aur roz creeaz\u0103 o atmosfer\u0103 lini\u0219tit\u0103, dar sofisticat\u0103. Perfecte pentru a ad\u0103uga o not\u0103 de elegan\u021b\u0103 discret\u0103, aceste transferuri fac din orice pies\u0103 un punct focal de farmec \u0219i stil natural.<\/p>\n<p>Transferurile decorative sunt incredibil de u\u0219or de utilizat. Pur \u0219i simplu dezlipi\u021bi h\u00e2rtia de suport, a\u0219eza\u021bi transferul pe suprafa\u021ba dorit\u0103 \u0219i freca\u021bi-o cu instrumentul inclus pentru a transfera desenul. Transferul poate fi t\u0103iat \u0219i rearanjat pentru a se potrivi nevoilor dvs. specifice, ceea ce \u00eel face o alegere versatil\u0103 \u0219i personalizabil\u0103.<\/p>","protected":false},"excerpt":{"rendered":"<p>Folia aurie, transferul decorativ \u201eIn the Field\u201d de la Kacha atrage frumuse\u021bea unei paji\u0219ti senine \u00een casa ta. Ierburile delicate \u0219i sub\u021biri \u0219i frunzi\u0219ul s\u0103lbatic \u00eentr-o nuan\u021b\u0103 luxuriant\u0103 de aur roz creeaz\u0103 o atmosfer\u0103 lini\u0219tit\u0103, dar sofisticat\u0103. Perfecte pentru a ad\u0103uga o not\u0103 de elegan\u021b\u0103 discret\u0103, aceste transferuri fac din orice pies\u0103 un punct focal [&hellip;]<\/p>","protected":false},"featured_media":2976,"comment_status":"open","ping_status":"closed","template":"","meta":{"_et_pb_use_builder":"","_et_pb_old_content":"","_et_gb_content_width":""},"product_cat":[25],"product_tag":[],"_links":{"self":[{"href":"https:\/\/redesignwithjulia.com\/ro\/wp-json\/wp\/v2\/product\/2975"}],"collection":[{"href":"https:\/\/redesignwithjulia.com\/ro\/wp-json\/wp\/v2\/product"}],"about":[{"href":"https:\/\/redesignwithjulia.com\/ro\/wp-json\/wp\/v2\/types\/product"}],"replies":[{"embeddable":true,"href":"https:\/\/redesignwithjulia.com\/ro\/wp-json\/wp\/v2\/comments?post=2975"}],"wp:featuredmedia":[{"embeddable":true,"href":"https:\/\/redesignwithjulia.com\/ro\/wp-json\/wp\/v2\/media\/2976"}],"wp:attachment":[{"href":"https:\/\/redesignwithjulia.com\/ro\/wp-json\/wp\/v2\/media?parent=2975"}],"wp:term":[{"taxonomy":"product_cat","embeddable":true,"href":"https:\/\/redesignwithjulia.com\/ro\/wp-json\/wp\/v2\/product_cat?post=2975"},{"taxonomy":"product_tag","embeddable":true,"href":"https:\/\/redesignwithjulia.com\/ro\/wp-json\/wp\/v2\/product_tag?post=2975"}],"curies":[{"name":"wp","href":"https:\/\/api.w.org\/{rel}","templated":true}]}}