{"id":2980,"date":"2024-08-14T22:40:45","date_gmt":"2024-08-14T20:40:45","guid":{"rendered":"https:\/\/redesignwithjulia.com\/?post_type=product&#038;p=2980"},"modified":"2024-08-14T22:41:28","modified_gmt":"2024-08-14T20:41:28","slug":"transfer-decorativ-mobila-froggy-meadow-greens","status":"publish","type":"product","link":"https:\/\/redesignwithjulia.com\/ro\/produs\/transfer-decorativ-mobila-froggy-meadow-greens\/","title":{"rendered":"Transfer decorativ mobil\u0103 \u2013 Froggy Meadow Greens"},"content":{"rendered":"<p>Transferul decorativ mare \u201eFroggy Green Meadows\u201d de la Redesign with Prima,\u00a0 surprinde esen\u021ba unei paji\u0219ti capricioase, cu verdea\u021b\u0103 luxuriant\u0103 \u0219i flori delicate care evoc\u0103 frumuse\u021bea naturii. M\u0103sur\u00e2nd 60,96 x 88,9 cm acesta ofer\u0103 o acoperire ampl\u0103 pentru proiecte mai mari, permi\u021b\u00e2ndu-v\u0103 s\u0103 v\u0103 transforma\u021bi spa\u021biul cu u\u0219urin\u021b\u0103. Designul prezint\u0103 flori dulci \u0219i moi \u00eempletite cu frunzi\u0219 verde vibrant, cre\u00e2nd o atmosfer\u0103 senin\u0103 \u0219i primitoare. Dar adev\u0103rata vedet\u0103 a transferului sunt broa\u0219tele mici, adorabile cuib\u0103rite \u00een buchet, ad\u0103ug\u00e2nd o not\u0103 juc\u0103u\u0219\u0103 scenei.<br \/>\nRealizat cu o aten\u021bie meticuloas\u0103 la detalii, acest transfer este u\u0219or de aplicat, necesit\u00e2nd doar o suprafa\u021b\u0103 preg\u0103tit\u0103 \u0219i o frecare u\u0219oar\u0103 pentru a transfera desenul. Pur \u0219i simplu dezlipi\u021bi h\u00e2rtia de suport, a\u0219eza\u021bi transferul pe suprafa\u021ba dorit\u0103 \u0219i freca\u021bi-o cu instrumentul inclus pentru a transfera desenul. Transferul poate fi t\u0103iat \u0219i rearanjat pentru a se potrivi nevoilor dvs. specifice, ceea ce \u00eel face o alegere versatil\u0103 \u0219i personalizabil\u0103 pentru toate proiectele dvs. de decor. Sigila\u021bi cu lacul dvs. preferat pe baz\u0103 de ap\u0103 sau cu cear\u0103 transparent\u0103. Odat\u0103 aplicat, se integreaz\u0103 perfect \u00een decorul dvs., oferind oric\u0103rei suprafe\u021be o transformare artistic\u0103 proasp\u0103t\u0103. Fie c\u0103 recicla\u021bi mobila, decora\u021bi pere\u021bii sau ad\u0103uga\u021bi un plus de elegan\u021b\u0103 altor accente de acas\u0103, transferul \u201eFroggy Green Meadows\u201d promite s\u0103 aduc\u0103 o not\u0103 de frumuse\u021be natural\u0103 \u0219i fantezie spa\u021biului dvs.<\/p>\n<p>&nbsp;<\/p>","protected":false},"excerpt":{"rendered":"<p>Transferul decorativ mare \u201eFroggy Green Meadows\u201d de la Redesign with Prima,\u00a0 surprinde esen\u021ba unei paji\u0219ti capricioase, cu verdea\u021b\u0103 luxuriant\u0103 \u0219i flori delicate care evoc\u0103 frumuse\u021bea naturii. M\u0103sur\u00e2nd 60,96 x 88,9 cm acesta ofer\u0103 o acoperire ampl\u0103 pentru proiecte mai mari, permi\u021b\u00e2ndu-v\u0103 s\u0103 v\u0103 transforma\u021bi spa\u021biul cu u\u0219urin\u021b\u0103. Designul prezint\u0103 flori dulci \u0219i moi \u00eempletite cu [&hellip;]<\/p>","protected":false},"featured_media":2981,"comment_status":"open","ping_status":"closed","template":"","meta":{"_et_pb_use_builder":"","_et_pb_old_content":"","_et_gb_content_width":""},"product_cat":[25],"product_tag":[],"_links":{"self":[{"href":"https:\/\/redesignwithjulia.com\/ro\/wp-json\/wp\/v2\/product\/2980"}],"collection":[{"href":"https:\/\/redesignwithjulia.com\/ro\/wp-json\/wp\/v2\/product"}],"about":[{"href":"https:\/\/redesignwithjulia.com\/ro\/wp-json\/wp\/v2\/types\/product"}],"replies":[{"embeddable":true,"href":"https:\/\/redesignwithjulia.com\/ro\/wp-json\/wp\/v2\/comments?post=2980"}],"wp:featuredmedia":[{"embeddable":true,"href":"https:\/\/redesignwithjulia.com\/ro\/wp-json\/wp\/v2\/media\/2981"}],"wp:attachment":[{"href":"https:\/\/redesignwithjulia.com\/ro\/wp-json\/wp\/v2\/media?parent=2980"}],"wp:term":[{"taxonomy":"product_cat","embeddable":true,"href":"https:\/\/redesignwithjulia.com\/ro\/wp-json\/wp\/v2\/product_cat?post=2980"},{"taxonomy":"product_tag","embeddable":true,"href":"https:\/\/redesignwithjulia.com\/ro\/wp-json\/wp\/v2\/product_tag?post=2980"}],"curies":[{"name":"wp","href":"https:\/\/api.w.org\/{rel}","templated":true}]}}