{"id":2985,"date":"2024-08-18T07:41:24","date_gmt":"2024-08-18T05:41:24","guid":{"rendered":"https:\/\/redesignwithjulia.com\/?post_type=product&#038;p=2985"},"modified":"2024-08-31T21:29:59","modified_gmt":"2024-08-31T19:29:59","slug":"transfer-decorativ-mic-hokus-pokus-phoenix-hokus-pokus-petite-transfer","status":"publish","type":"product","link":"https:\/\/redesignwithjulia.com\/ro\/produs\/transfer-decorativ-mic-hokus-pokus-phoenix-hokus-pokus-petite-transfer\/","title":{"rendered":"Transfer decorativ mic Hokus Pokus &#8211; Phoenix &#8211; Hokus Pokus Petite Transfer"},"content":{"rendered":"<p>Dimensiuni foaie 30x30cm<\/p>\n<p>Transforma\u021bi decorul casei dvs. cu atingerea magic\u0103 a transferurilor Hokus Pokus Phoenix Decor. Aceste transferuri de \u00eenalt\u0103 calitate prezint\u0103 desene complicate care vor evide\u021biia instantaneu orice pies\u0103 de mobilier sau accesoriu de cas\u0103. Cu trei foi incluse \u00een fiecare pachet, ve\u021bi avea o mul\u021bime de op\u021biuni pentru a crea un aspect unic \u0219i elegant \u00een spa\u021biul dvs. U\u0219or de aplicat \u0219i durabile, aceste transferuri sunt un must-have pentru orice pasionat de bricolaj sau decorator de locuin\u021be. Ad\u0103uga\u021bi o not\u0103 de \u00eenc\u00e2ntare casei dvs. cu Hokus Pokus Phoenix Decor Transfers.<\/p>","protected":false},"excerpt":{"rendered":"<p>Dimensiuni foaie 30x30cm Transforma\u021bi decorul casei dvs. cu atingerea magic\u0103 a transferurilor Hokus Pokus Phoenix Decor. Aceste transferuri de \u00eenalt\u0103 calitate prezint\u0103 desene complicate care vor evide\u021biia instantaneu orice pies\u0103 de mobilier sau accesoriu de cas\u0103. Cu trei foi incluse \u00een fiecare pachet, ve\u021bi avea o mul\u021bime de op\u021biuni pentru a crea un aspect unic [&hellip;]<\/p>","protected":false},"featured_media":2986,"comment_status":"open","ping_status":"closed","template":"","meta":{"_et_pb_use_builder":"","_et_pb_old_content":"","_et_gb_content_width":""},"product_cat":[54],"product_tag":[],"_links":{"self":[{"href":"https:\/\/redesignwithjulia.com\/ro\/wp-json\/wp\/v2\/product\/2985"}],"collection":[{"href":"https:\/\/redesignwithjulia.com\/ro\/wp-json\/wp\/v2\/product"}],"about":[{"href":"https:\/\/redesignwithjulia.com\/ro\/wp-json\/wp\/v2\/types\/product"}],"replies":[{"embeddable":true,"href":"https:\/\/redesignwithjulia.com\/ro\/wp-json\/wp\/v2\/comments?post=2985"}],"wp:featuredmedia":[{"embeddable":true,"href":"https:\/\/redesignwithjulia.com\/ro\/wp-json\/wp\/v2\/media\/2986"}],"wp:attachment":[{"href":"https:\/\/redesignwithjulia.com\/ro\/wp-json\/wp\/v2\/media?parent=2985"}],"wp:term":[{"taxonomy":"product_cat","embeddable":true,"href":"https:\/\/redesignwithjulia.com\/ro\/wp-json\/wp\/v2\/product_cat?post=2985"},{"taxonomy":"product_tag","embeddable":true,"href":"https:\/\/redesignwithjulia.com\/ro\/wp-json\/wp\/v2\/product_tag?post=2985"}],"curies":[{"name":"wp","href":"https:\/\/api.w.org\/{rel}","templated":true}]}}