{"id":3422,"date":"2025-01-15T10:37:54","date_gmt":"2025-01-15T08:37:54","guid":{"rendered":"https:\/\/redesignwithjulia.com\/?post_type=product&#038;p=3422"},"modified":"2025-01-15T10:40:05","modified_gmt":"2025-01-15T08:40:05","slug":"comoda-pentru-camera-de-copii","status":"publish","type":"product","link":"https:\/\/redesignwithjulia.com\/ro\/produs\/comoda-pentru-camera-de-copii\/","title":{"rendered":"Comod\u0103 pentru camera de copii"},"content":{"rendered":"<p>Comod\u0103 lemn cu 3 sertare pentru camera de copil, Dimensiuni 60 x 50 x 35 cm. Decorat\u0103 cu transferul Sweet dreams de la Redesign with Prima.<\/p>","protected":false},"excerpt":{"rendered":"<p>Comod\u0103 lemn cu 3 sertare pentru camera de copil, Dimensiuni 60 x 50 x 35 cm. Decorat\u0103 cu transferul Sweet dreams de la Redesign with Prima.<\/p>","protected":false},"featured_media":3423,"comment_status":"open","ping_status":"closed","template":"","meta":{"_et_pb_use_builder":"","_et_pb_old_content":"","_et_gb_content_width":""},"product_cat":[80],"product_tag":[],"_links":{"self":[{"href":"https:\/\/redesignwithjulia.com\/ro\/wp-json\/wp\/v2\/product\/3422"}],"collection":[{"href":"https:\/\/redesignwithjulia.com\/ro\/wp-json\/wp\/v2\/product"}],"about":[{"href":"https:\/\/redesignwithjulia.com\/ro\/wp-json\/wp\/v2\/types\/product"}],"replies":[{"embeddable":true,"href":"https:\/\/redesignwithjulia.com\/ro\/wp-json\/wp\/v2\/comments?post=3422"}],"wp:featuredmedia":[{"embeddable":true,"href":"https:\/\/redesignwithjulia.com\/ro\/wp-json\/wp\/v2\/media\/3423"}],"wp:attachment":[{"href":"https:\/\/redesignwithjulia.com\/ro\/wp-json\/wp\/v2\/media?parent=3422"}],"wp:term":[{"taxonomy":"product_cat","embeddable":true,"href":"https:\/\/redesignwithjulia.com\/ro\/wp-json\/wp\/v2\/product_cat?post=3422"},{"taxonomy":"product_tag","embeddable":true,"href":"https:\/\/redesignwithjulia.com\/ro\/wp-json\/wp\/v2\/product_tag?post=3422"}],"curies":[{"name":"wp","href":"https:\/\/api.w.org\/{rel}","templated":true}]}}