{"id":3441,"date":"2025-01-15T13:29:13","date_gmt":"2025-01-15T11:29:13","guid":{"rendered":"https:\/\/redesignwithjulia.com\/?post_type=product&#038;p=3441"},"modified":"2026-03-09T18:55:52","modified_gmt":"2026-03-09T16:55:52","slug":"noptiera","status":"publish","type":"product","link":"https:\/\/redesignwithjulia.com\/ro\/produs\/noptiera\/","title":{"rendered":"Noptier\u0103"},"content":{"rendered":"<p>Noptier\u0103 reinterpretat\u0103. Dimensiuni 60 x 40 x 25 cm. Decorat\u0103 cu h\u00e2rtia de orez Amiable Roses de la Redesign with Prima.<\/p>","protected":false},"excerpt":{"rendered":"<p>Noptier\u0103 reinterpretat\u0103. Dimensiuni 60 x 40 x 25 cm. Decorat\u0103 cu h\u00e2rtia de orez Amiable Roses de la Redesign with Prima.<\/p>","protected":false},"featured_media":5030,"comment_status":"open","ping_status":"closed","template":"","meta":{"_et_pb_use_builder":"","_et_pb_old_content":"","_et_gb_content_width":""},"product_cat":[80],"product_tag":[],"_links":{"self":[{"href":"https:\/\/redesignwithjulia.com\/ro\/wp-json\/wp\/v2\/product\/3441"}],"collection":[{"href":"https:\/\/redesignwithjulia.com\/ro\/wp-json\/wp\/v2\/product"}],"about":[{"href":"https:\/\/redesignwithjulia.com\/ro\/wp-json\/wp\/v2\/types\/product"}],"replies":[{"embeddable":true,"href":"https:\/\/redesignwithjulia.com\/ro\/wp-json\/wp\/v2\/comments?post=3441"}],"wp:featuredmedia":[{"embeddable":true,"href":"https:\/\/redesignwithjulia.com\/ro\/wp-json\/wp\/v2\/media\/5030"}],"wp:attachment":[{"href":"https:\/\/redesignwithjulia.com\/ro\/wp-json\/wp\/v2\/media?parent=3441"}],"wp:term":[{"taxonomy":"product_cat","embeddable":true,"href":"https:\/\/redesignwithjulia.com\/ro\/wp-json\/wp\/v2\/product_cat?post=3441"},{"taxonomy":"product_tag","embeddable":true,"href":"https:\/\/redesignwithjulia.com\/ro\/wp-json\/wp\/v2\/product_tag?post=3441"}],"curies":[{"name":"wp","href":"https:\/\/api.w.org\/{rel}","templated":true}]}}