{"id":3464,"date":"2025-01-15T18:09:30","date_gmt":"2025-01-15T16:09:30","guid":{"rendered":"https:\/\/redesignwithjulia.com\/?post_type=product&#038;p=3464"},"modified":"2025-12-30T12:32:55","modified_gmt":"2025-12-30T10:32:55","slug":"tablou-2","status":"publish","type":"product","link":"https:\/\/redesignwithjulia.com\/ro\/produs\/tablou-2\/","title":{"rendered":"Tablou"},"content":{"rendered":"<p>Tablou executat cu tehnica decoupage pe p\u00e2nz\u0103 de pictur\u0103 cu materialul decorativ Bunny Wonderland . Dimensiuni 40 x 30 cm. La cerere se poate \u00eenr\u0103ma.<\/p>","protected":false},"excerpt":{"rendered":"<p>Tablou executat cu tehnica decoupage pe p\u00e2nz\u0103 de pictur\u0103 cu materialul decorativ Bunny Wonderland . Dimensiuni 40 x 30 cm. La cerere se poate \u00eenr\u0103ma.<\/p>","protected":false},"featured_media":3465,"comment_status":"open","ping_status":"closed","template":"","meta":{"_et_pb_use_builder":"","_et_pb_old_content":"","_et_gb_content_width":""},"product_cat":[80],"product_tag":[],"_links":{"self":[{"href":"https:\/\/redesignwithjulia.com\/ro\/wp-json\/wp\/v2\/product\/3464"}],"collection":[{"href":"https:\/\/redesignwithjulia.com\/ro\/wp-json\/wp\/v2\/product"}],"about":[{"href":"https:\/\/redesignwithjulia.com\/ro\/wp-json\/wp\/v2\/types\/product"}],"replies":[{"embeddable":true,"href":"https:\/\/redesignwithjulia.com\/ro\/wp-json\/wp\/v2\/comments?post=3464"}],"wp:featuredmedia":[{"embeddable":true,"href":"https:\/\/redesignwithjulia.com\/ro\/wp-json\/wp\/v2\/media\/3465"}],"wp:attachment":[{"href":"https:\/\/redesignwithjulia.com\/ro\/wp-json\/wp\/v2\/media?parent=3464"}],"wp:term":[{"taxonomy":"product_cat","embeddable":true,"href":"https:\/\/redesignwithjulia.com\/ro\/wp-json\/wp\/v2\/product_cat?post=3464"},{"taxonomy":"product_tag","embeddable":true,"href":"https:\/\/redesignwithjulia.com\/ro\/wp-json\/wp\/v2\/product_tag?post=3464"}],"curies":[{"name":"wp","href":"https:\/\/api.w.org\/{rel}","templated":true}]}}