{"id":3542,"date":"2025-01-18T09:59:49","date_gmt":"2025-01-18T07:59:49","guid":{"rendered":"https:\/\/redesignwithjulia.com\/?post_type=product&#038;p=3542"},"modified":"2026-04-15T11:19:28","modified_gmt":"2026-04-15T09:19:28","slug":"lumanare-7","status":"publish","type":"product","link":"https:\/\/redesignwithjulia.com\/ro\/produs\/lumanare-7\/","title":{"rendered":"Lum\u00e2nare"},"content":{"rendered":"<p>Se apropie prim\u0103vara cu pa\u0219i repezi, de ce nu ai alege o lum\u00e2nare cu unul din primii vestitori ai ei? O imagine frumoas\u0103 transpus\u0103 pe lum\u00e2nare alb\u0103. Dimensiuni: 6 x 10 cm<\/p>","protected":false},"excerpt":{"rendered":"<p>Se apropie prim\u0103vara cu pa\u0219i repezi, de ce nu ai alege o lum\u00e2nare cu unul din primii vestitori ai ei? O imagine frumoas\u0103 transpus\u0103 pe lum\u00e2nare alb\u0103. Dimensiuni: 6 x 10 cm<\/p>","protected":false},"featured_media":5188,"comment_status":"open","ping_status":"closed","template":"","meta":{"_et_pb_use_builder":"","_et_pb_old_content":"","_et_gb_content_width":""},"product_cat":[80],"product_tag":[],"_links":{"self":[{"href":"https:\/\/redesignwithjulia.com\/ro\/wp-json\/wp\/v2\/product\/3542"}],"collection":[{"href":"https:\/\/redesignwithjulia.com\/ro\/wp-json\/wp\/v2\/product"}],"about":[{"href":"https:\/\/redesignwithjulia.com\/ro\/wp-json\/wp\/v2\/types\/product"}],"replies":[{"embeddable":true,"href":"https:\/\/redesignwithjulia.com\/ro\/wp-json\/wp\/v2\/comments?post=3542"}],"wp:featuredmedia":[{"embeddable":true,"href":"https:\/\/redesignwithjulia.com\/ro\/wp-json\/wp\/v2\/media\/5188"}],"wp:attachment":[{"href":"https:\/\/redesignwithjulia.com\/ro\/wp-json\/wp\/v2\/media?parent=3542"}],"wp:term":[{"taxonomy":"product_cat","embeddable":true,"href":"https:\/\/redesignwithjulia.com\/ro\/wp-json\/wp\/v2\/product_cat?post=3542"},{"taxonomy":"product_tag","embeddable":true,"href":"https:\/\/redesignwithjulia.com\/ro\/wp-json\/wp\/v2\/product_tag?post=3542"}],"curies":[{"name":"wp","href":"https:\/\/api.w.org\/{rel}","templated":true}]}}