{"id":3565,"date":"2025-01-18T14:53:06","date_gmt":"2025-01-18T12:53:06","guid":{"rendered":"https:\/\/redesignwithjulia.com\/?post_type=product&#038;p=3565"},"modified":"2026-04-14T20:19:14","modified_gmt":"2026-04-14T18:19:14","slug":"tocator-decor-2","status":"publish","type":"product","link":"https:\/\/redesignwithjulia.com\/ro\/produs\/tocator-decor-2\/","title":{"rendered":"Toc\u0103tor decor"},"content":{"rendered":"<p>Toc\u0103tor lemn decorat cu transfer decorativ de la Redesign with Prima. \u00cen\u0103l\u021bime 24 cm, l\u0103\u021bime 10 cm<\/p>","protected":false},"excerpt":{"rendered":"<p>Toc\u0103tor lemn decorat cu transfer decorativ de la Redesign with Prima. \u00cen\u0103l\u021bime 24 cm, l\u0103\u021bime 10 cm<\/p>","protected":false},"featured_media":5187,"comment_status":"open","ping_status":"closed","template":"","meta":{"_et_pb_use_builder":"","_et_pb_old_content":"","_et_gb_content_width":""},"product_cat":[80],"product_tag":[],"_links":{"self":[{"href":"https:\/\/redesignwithjulia.com\/ro\/wp-json\/wp\/v2\/product\/3565"}],"collection":[{"href":"https:\/\/redesignwithjulia.com\/ro\/wp-json\/wp\/v2\/product"}],"about":[{"href":"https:\/\/redesignwithjulia.com\/ro\/wp-json\/wp\/v2\/types\/product"}],"replies":[{"embeddable":true,"href":"https:\/\/redesignwithjulia.com\/ro\/wp-json\/wp\/v2\/comments?post=3565"}],"wp:featuredmedia":[{"embeddable":true,"href":"https:\/\/redesignwithjulia.com\/ro\/wp-json\/wp\/v2\/media\/5187"}],"wp:attachment":[{"href":"https:\/\/redesignwithjulia.com\/ro\/wp-json\/wp\/v2\/media?parent=3565"}],"wp:term":[{"taxonomy":"product_cat","embeddable":true,"href":"https:\/\/redesignwithjulia.com\/ro\/wp-json\/wp\/v2\/product_cat?post=3565"},{"taxonomy":"product_tag","embeddable":true,"href":"https:\/\/redesignwithjulia.com\/ro\/wp-json\/wp\/v2\/product_tag?post=3565"}],"curies":[{"name":"wp","href":"https:\/\/api.w.org\/{rel}","templated":true}]}}