{"id":3618,"date":"2025-01-18T23:11:28","date_gmt":"2025-01-18T21:11:28","guid":{"rendered":"https:\/\/redesignwithjulia.com\/?post_type=product&#038;p=3618"},"modified":"2026-01-17T16:00:08","modified_gmt":"2026-01-17T14:00:08","slug":"amazing-casting-resin-rasina-cu-uscare-rapida","status":"publish","type":"product","link":"https:\/\/redesignwithjulia.com\/ro\/produs\/amazing-casting-resin-rasina-cu-uscare-rapida\/","title":{"rendered":"Amazing Casting Resin &#8211; R\u0103\u0219in\u0103 cu uscare rapid\u0103"},"content":{"rendered":"<p>Amazing Casting Resin (cunoscut\u0103 \u0219i v\u00e2ndut\u0103 \u0219i ca Alumilite White) este o r\u0103\u0219in\u0103 uretanic\u0103 alb\u0103 u\u0219or de utilizat, care creeaz\u0103 o pies\u0103 turnat\u0103 durabil\u0103, cu o cosmetic\u0103 perfect\u0103 \u0219i detalii complexe.<\/p>\n<p>Trece de la transparent la alb opac la \u00eent\u0103rire<\/p>\n<p>Amazing Casting Resin este cel mai simplu \u0219i mai sigur mod de a crea replici turnate exacte, practic orice \u00een c\u00e2teva minute! Pur \u0219i simplu amesteca\u021bi cantit\u0103\u021bi egale de r\u0103\u0219in\u0103 \u0219i \u00eent\u0103ritor \u0219i turna\u021bi \u00een matri\u021b\u0103 . Aproximativ 10 minute mai t\u00e2rziu, scoate\u021bi o replic\u0103 turnat\u0103 frumoas\u0103 a originalului dvs.<\/p>\n<p>Piesa dvs. \u00eent\u0103rit\u0103 Amazing Casting Resin poate fi vopsit\u0103, colorat\u0103, vopsit\u0103, filetat\u0103, g\u0103urit\u0103 \u0219i prelucrat\u0103. Acest pachet con\u021bine 2 sticle de 237 ml de r\u0103\u0219in\u0103 de turnare (amesteca\u021bi cele dou\u0103 pentru a crea mulajul), trei c\u0103ni de 2 linguri \u0219i dou\u0103 be\u021bi\u0219oare de amestecare \u0219i instruc\u021biuni.<\/p>\n<p>&#8211; Amesteca\u021bi p\u0103r\u021bile \u00een conformitate cu instruc\u021biunile de pe ambalaj.<br \/>\n&#8211; Se toarn\u0103 \u00eencet \u00een matri\u021b\u0103.<br \/>\n&#8211; L\u0103sa\u021bi s\u0103 se \u00eent\u0103reasc\u0103 timp de 15 p\u00e2n\u0103 la 20 de minute p\u00e2n\u0103 c\u00e2nd produsul s-a \u00eent\u0103rit \u0219i a devenit alb.<br \/>\n&#8211; Scoate\u021bi din matri\u021b\u0103.<br \/>\n&#8211; Vopsi\u021bi dup\u0103 cum dori\u021bi sau vopsi\u021bi dup\u0103 aplicarea pe proiect.<br \/>\n&#8211; Ave\u021bi o fereastr\u0103 scurt\u0103 de timp pentru a lipi modelul pe un obiect curbat.<\/p>","protected":false},"excerpt":{"rendered":"<p>Amazing Casting Resin (cunoscut\u0103 \u0219i v\u00e2ndut\u0103 \u0219i ca Alumilite White) este o r\u0103\u0219in\u0103 uretanic\u0103 alb\u0103 u\u0219or de utilizat, care creeaz\u0103 o pies\u0103 turnat\u0103 durabil\u0103, cu o cosmetic\u0103 perfect\u0103 \u0219i detalii complexe. Trece de la transparent la alb opac la \u00eent\u0103rire Amazing Casting Resin este cel mai simplu \u0219i mai sigur mod de a crea replici [&hellip;]<\/p>","protected":false},"featured_media":3619,"comment_status":"open","ping_status":"closed","template":"","meta":{"_et_pb_use_builder":"","_et_pb_old_content":"","_et_gb_content_width":""},"product_cat":[81],"product_tag":[],"_links":{"self":[{"href":"https:\/\/redesignwithjulia.com\/ro\/wp-json\/wp\/v2\/product\/3618"}],"collection":[{"href":"https:\/\/redesignwithjulia.com\/ro\/wp-json\/wp\/v2\/product"}],"about":[{"href":"https:\/\/redesignwithjulia.com\/ro\/wp-json\/wp\/v2\/types\/product"}],"replies":[{"embeddable":true,"href":"https:\/\/redesignwithjulia.com\/ro\/wp-json\/wp\/v2\/comments?post=3618"}],"wp:featuredmedia":[{"embeddable":true,"href":"https:\/\/redesignwithjulia.com\/ro\/wp-json\/wp\/v2\/media\/3619"}],"wp:attachment":[{"href":"https:\/\/redesignwithjulia.com\/ro\/wp-json\/wp\/v2\/media?parent=3618"}],"wp:term":[{"taxonomy":"product_cat","embeddable":true,"href":"https:\/\/redesignwithjulia.com\/ro\/wp-json\/wp\/v2\/product_cat?post=3618"},{"taxonomy":"product_tag","embeddable":true,"href":"https:\/\/redesignwithjulia.com\/ro\/wp-json\/wp\/v2\/product_tag?post=3618"}],"curies":[{"name":"wp","href":"https:\/\/api.w.org\/{rel}","templated":true}]}}