{"id":3637,"date":"2025-01-19T20:16:29","date_gmt":"2025-01-19T18:16:29","guid":{"rendered":"https:\/\/redesignwithjulia.com\/?post_type=product&#038;p=3637"},"modified":"2026-02-12T00:23:51","modified_gmt":"2026-02-11T22:23:51","slug":"red-white-and-blue-matrita-silicon-redesign-with-prima-2","status":"publish","type":"product","link":"https:\/\/redesignwithjulia.com\/ro\/produs\/red-white-and-blue-matrita-silicon-redesign-with-prima-2\/","title":{"rendered":"Red, White and Blue &#8211; Matri\u021b\u0103 silicon Redesign with Prima"},"content":{"rendered":"<p>Trage\u021bi spre stele cu noua matri\u021b\u0103 \u201eRed, White, and Blue\u201d! Aceast\u0103 frumuse\u021be este perfect\u0103 pentru a ad\u0103uga o not\u0103 de farmec patriotic proiectelor dvs. de decor cu cinci modele diferite de medalioane de steag de epoc\u0103, fiecare cu detalii frumos detaliate, \u00eempreun\u0103 cu un strop de stele de diferite dimensiuni! Se coordoneaz\u0103 cu toate produsele vintage Americana \u201e4th of July Collection\u201d de la Redesign with Prima. Matri\u021bele de la Redesign sunt durabile, rezistente la cuptor, sigure pentru alimente \u0219i de cea mai \u00eenalt\u0103 calitate, permi\u021b\u00e2nd o varietate de materiale, inclusiv r\u0103\u0219in\u0103, lipici fierbinte, material de modelare \u0219i multe altele, pentru a v\u0103 ajuta s\u0103 crea\u021bi mulaje unice, perfecte pentru o varietate de proiecte DIY.<\/p>\n<p>&nbsp;<\/p>","protected":false},"excerpt":{"rendered":"<p>Trage\u021bi spre stele cu noua matri\u021b\u0103 \u201eRed, White, and Blue\u201d! Aceast\u0103 frumuse\u021be este perfect\u0103 pentru a ad\u0103uga o not\u0103 de farmec patriotic proiectelor dvs. de decor cu cinci modele diferite de medalioane de steag de epoc\u0103, fiecare cu detalii frumos detaliate, \u00eempreun\u0103 cu un strop de stele de diferite dimensiuni! Se coordoneaz\u0103 cu toate produsele [&hellip;]<\/p>","protected":false},"featured_media":3638,"comment_status":"open","ping_status":"closed","template":"","meta":{"_et_pb_use_builder":"","_et_pb_old_content":"","_et_gb_content_width":""},"product_cat":[21],"product_tag":[],"_links":{"self":[{"href":"https:\/\/redesignwithjulia.com\/ro\/wp-json\/wp\/v2\/product\/3637"}],"collection":[{"href":"https:\/\/redesignwithjulia.com\/ro\/wp-json\/wp\/v2\/product"}],"about":[{"href":"https:\/\/redesignwithjulia.com\/ro\/wp-json\/wp\/v2\/types\/product"}],"replies":[{"embeddable":true,"href":"https:\/\/redesignwithjulia.com\/ro\/wp-json\/wp\/v2\/comments?post=3637"}],"wp:featuredmedia":[{"embeddable":true,"href":"https:\/\/redesignwithjulia.com\/ro\/wp-json\/wp\/v2\/media\/3638"}],"wp:attachment":[{"href":"https:\/\/redesignwithjulia.com\/ro\/wp-json\/wp\/v2\/media?parent=3637"}],"wp:term":[{"taxonomy":"product_cat","embeddable":true,"href":"https:\/\/redesignwithjulia.com\/ro\/wp-json\/wp\/v2\/product_cat?post=3637"},{"taxonomy":"product_tag","embeddable":true,"href":"https:\/\/redesignwithjulia.com\/ro\/wp-json\/wp\/v2\/product_tag?post=3637"}],"curies":[{"name":"wp","href":"https:\/\/api.w.org\/{rel}","templated":true}]}}