{"id":3678,"date":"2025-01-23T21:47:13","date_gmt":"2025-01-23T19:47:13","guid":{"rendered":"https:\/\/redesignwithjulia.com\/?post_type=product&#038;p=3678"},"modified":"2025-01-23T22:10:19","modified_gmt":"2025-01-23T20:10:19","slug":"ou-marmura","status":"publish","type":"product","link":"https:\/\/redesignwithjulia.com\/ro\/produs\/ou-marmura\/","title":{"rendered":"Ou marmur\u0103"},"content":{"rendered":"<p>Decora\u021biune ou marmur\u0103 7 cm \u00een\u0103l\u021bime.<\/p>","protected":false},"excerpt":{"rendered":"<p>Decora\u021biune ou marmur\u0103 7 cm \u00een\u0103l\u021bime.<\/p>","protected":false},"featured_media":3679,"comment_status":"open","ping_status":"closed","template":"","meta":{"_et_pb_use_builder":"","_et_pb_old_content":"","_et_gb_content_width":""},"product_cat":[80],"product_tag":[],"_links":{"self":[{"href":"https:\/\/redesignwithjulia.com\/ro\/wp-json\/wp\/v2\/product\/3678"}],"collection":[{"href":"https:\/\/redesignwithjulia.com\/ro\/wp-json\/wp\/v2\/product"}],"about":[{"href":"https:\/\/redesignwithjulia.com\/ro\/wp-json\/wp\/v2\/types\/product"}],"replies":[{"embeddable":true,"href":"https:\/\/redesignwithjulia.com\/ro\/wp-json\/wp\/v2\/comments?post=3678"}],"wp:featuredmedia":[{"embeddable":true,"href":"https:\/\/redesignwithjulia.com\/ro\/wp-json\/wp\/v2\/media\/3679"}],"wp:attachment":[{"href":"https:\/\/redesignwithjulia.com\/ro\/wp-json\/wp\/v2\/media?parent=3678"}],"wp:term":[{"taxonomy":"product_cat","embeddable":true,"href":"https:\/\/redesignwithjulia.com\/ro\/wp-json\/wp\/v2\/product_cat?post=3678"},{"taxonomy":"product_tag","embeddable":true,"href":"https:\/\/redesignwithjulia.com\/ro\/wp-json\/wp\/v2\/product_tag?post=3678"}],"curies":[{"name":"wp","href":"https:\/\/api.w.org\/{rel}","templated":true}]}}