{"id":3680,"date":"2025-01-23T21:50:35","date_gmt":"2025-01-23T19:50:35","guid":{"rendered":"https:\/\/redesignwithjulia.com\/?post_type=product&#038;p=3680"},"modified":"2025-01-23T22:10:03","modified_gmt":"2025-01-23T20:10:03","slug":"ou-marmura-2","status":"publish","type":"product","link":"https:\/\/redesignwithjulia.com\/ro\/produs\/ou-marmura-2\/","title":{"rendered":"Ou marmur\u0103"},"content":{"rendered":"<p>Decora\u021biune ou marmur\u0103 7 cm \u00een\u0103l\u021bime.<\/p>","protected":false},"excerpt":{"rendered":"<p>Decora\u021biune ou marmur\u0103 7 cm \u00een\u0103l\u021bime.<\/p>","protected":false},"featured_media":3681,"comment_status":"open","ping_status":"closed","template":"","meta":{"_et_pb_use_builder":"","_et_pb_old_content":"","_et_gb_content_width":""},"product_cat":[80],"product_tag":[],"_links":{"self":[{"href":"https:\/\/redesignwithjulia.com\/ro\/wp-json\/wp\/v2\/product\/3680"}],"collection":[{"href":"https:\/\/redesignwithjulia.com\/ro\/wp-json\/wp\/v2\/product"}],"about":[{"href":"https:\/\/redesignwithjulia.com\/ro\/wp-json\/wp\/v2\/types\/product"}],"replies":[{"embeddable":true,"href":"https:\/\/redesignwithjulia.com\/ro\/wp-json\/wp\/v2\/comments?post=3680"}],"wp:featuredmedia":[{"embeddable":true,"href":"https:\/\/redesignwithjulia.com\/ro\/wp-json\/wp\/v2\/media\/3681"}],"wp:attachment":[{"href":"https:\/\/redesignwithjulia.com\/ro\/wp-json\/wp\/v2\/media?parent=3680"}],"wp:term":[{"taxonomy":"product_cat","embeddable":true,"href":"https:\/\/redesignwithjulia.com\/ro\/wp-json\/wp\/v2\/product_cat?post=3680"},{"taxonomy":"product_tag","embeddable":true,"href":"https:\/\/redesignwithjulia.com\/ro\/wp-json\/wp\/v2\/product_tag?post=3680"}],"curies":[{"name":"wp","href":"https:\/\/api.w.org\/{rel}","templated":true}]}}