{"id":3692,"date":"2025-01-24T18:01:15","date_gmt":"2025-01-24T16:01:15","guid":{"rendered":"https:\/\/redesignwithjulia.com\/?post_type=product&#038;p=3692"},"modified":"2025-01-25T22:26:03","modified_gmt":"2025-01-25T20:26:03","slug":"perna-fetru-pentru-copii-2","status":"publish","type":"product","link":"https:\/\/redesignwithjulia.com\/ro\/produs\/perna-fetru-pentru-copii-2\/","title":{"rendered":"Pern\u0103 fetru pentru copii"},"content":{"rendered":"<p>Perna are umplutur\u0103 de vat\u0103 \u0219i lavand\u0103. Nu poate fi sp\u0103lat\u0103.\u00a0 Joac\u0103 rol de s\u0103cule\u021b de lavand\u0103 cu propriet\u0103\u021bi calmante, echilibrante.<\/p>","protected":false},"excerpt":{"rendered":"<p>Perna are umplutur\u0103 de vat\u0103 \u0219i lavand\u0103. Nu poate fi sp\u0103lat\u0103.\u00a0 Joac\u0103 rol de s\u0103cule\u021b de lavand\u0103 cu propriet\u0103\u021bi calmante, echilibrante.<\/p>","protected":false},"featured_media":3697,"comment_status":"open","ping_status":"closed","template":"","meta":{"_et_pb_use_builder":"","_et_pb_old_content":"","_et_gb_content_width":""},"product_cat":[80],"product_tag":[],"_links":{"self":[{"href":"https:\/\/redesignwithjulia.com\/ro\/wp-json\/wp\/v2\/product\/3692"}],"collection":[{"href":"https:\/\/redesignwithjulia.com\/ro\/wp-json\/wp\/v2\/product"}],"about":[{"href":"https:\/\/redesignwithjulia.com\/ro\/wp-json\/wp\/v2\/types\/product"}],"replies":[{"embeddable":true,"href":"https:\/\/redesignwithjulia.com\/ro\/wp-json\/wp\/v2\/comments?post=3692"}],"wp:featuredmedia":[{"embeddable":true,"href":"https:\/\/redesignwithjulia.com\/ro\/wp-json\/wp\/v2\/media\/3697"}],"wp:attachment":[{"href":"https:\/\/redesignwithjulia.com\/ro\/wp-json\/wp\/v2\/media?parent=3692"}],"wp:term":[{"taxonomy":"product_cat","embeddable":true,"href":"https:\/\/redesignwithjulia.com\/ro\/wp-json\/wp\/v2\/product_cat?post=3692"},{"taxonomy":"product_tag","embeddable":true,"href":"https:\/\/redesignwithjulia.com\/ro\/wp-json\/wp\/v2\/product_tag?post=3692"}],"curies":[{"name":"wp","href":"https:\/\/api.w.org\/{rel}","templated":true}]}}