{"id":3719,"date":"2025-01-29T19:29:52","date_gmt":"2025-01-29T17:29:52","guid":{"rendered":"https:\/\/redesignwithjulia.com\/?post_type=product&#038;p=3719"},"modified":"2026-02-23T13:43:12","modified_gmt":"2026-02-23T11:43:12","slug":"transfer-decorativ-mobila-blush-simphony-redesign-with-prima","status":"publish","type":"product","link":"https:\/\/redesignwithjulia.com\/ro\/produs\/transfer-decorativ-mobila-blush-simphony-redesign-with-prima\/","title":{"rendered":"Transfer decorativ mobil\u0103 \u2013 Blush Simphony &#8211; Redesign with Prima"},"content":{"rendered":"<p>Transforma\u021bi-v\u0103 mobilierul \u00eentr-o capodoper\u0103 romantic\u0103 cu transferurile decorative\u00a0 mini Blush Symphony.<\/p>\n<p>Ace\u0219ti trandafiri uluitori \u00een blush \u0219i crem se simt ca \u0219i cum ar fi proaspe\u021bi de la o petrecere \u00een gr\u0103din\u0103. Fie c\u0103 da\u021bi o nou\u0103 via\u021b\u0103 unei comode de epoc\u0103 sau ad\u0103uga\u021bi un farmec delicat unei m\u0103su\u021be, acest set de 3 cear\u0219afuri ofer\u0103 un aspect desprins direct dintr-un castel european de vis.<\/p>\n<p>Mobila dvs. va \u0219opti elegan\u021b\u0103 cu desene florale \u00een cascad\u0103 care se \u00eembin\u0103 perfect pe lemn, sticl\u0103 sau chiar pere\u021bi. Este modul perfect de a ad\u0103uga o not\u0103 atemporal\u0103 oric\u0103rei camere.<\/p>\n<p>MOD DE UTILIZARE: Decoji\u021bi, freca\u021bi \u0219i privi\u021bi cum se \u00eent\u00e2mpl\u0103 magia. Plasa\u021bi transferul pe o suprafa\u021b\u0103 preg\u0103tit\u0103, utiliza\u021bi instrumentul inclus pentru a fixa designul \u0219i sigila\u021bi cu cear\u0103 sau lac pentru a p\u0103stra acel finisaj de vis str\u0103lucitor ani de zile. Este la fel de u\u0219or ca \u00eendr\u0103gostirea de trandafiri.<\/p>\n<p>Dimensiuni: 15,25 x 30,5 cm<\/p>","protected":false},"excerpt":{"rendered":"<p>Transforma\u021bi-v\u0103 mobilierul \u00eentr-o capodoper\u0103 romantic\u0103 cu transferurile decorative\u00a0 mini Blush Symphony. Ace\u0219ti trandafiri uluitori \u00een blush \u0219i crem se simt ca \u0219i cum ar fi proaspe\u021bi de la o petrecere \u00een gr\u0103din\u0103. Fie c\u0103 da\u021bi o nou\u0103 via\u021b\u0103 unei comode de epoc\u0103 sau ad\u0103uga\u021bi un farmec delicat unei m\u0103su\u021be, acest set de 3 cear\u0219afuri ofer\u0103 [&hellip;]<\/p>","protected":false},"featured_media":3720,"comment_status":"open","ping_status":"closed","template":"","meta":{"_et_pb_use_builder":"","_et_pb_old_content":"","_et_gb_content_width":""},"product_cat":[75,25],"product_tag":[],"_links":{"self":[{"href":"https:\/\/redesignwithjulia.com\/ro\/wp-json\/wp\/v2\/product\/3719"}],"collection":[{"href":"https:\/\/redesignwithjulia.com\/ro\/wp-json\/wp\/v2\/product"}],"about":[{"href":"https:\/\/redesignwithjulia.com\/ro\/wp-json\/wp\/v2\/types\/product"}],"replies":[{"embeddable":true,"href":"https:\/\/redesignwithjulia.com\/ro\/wp-json\/wp\/v2\/comments?post=3719"}],"wp:featuredmedia":[{"embeddable":true,"href":"https:\/\/redesignwithjulia.com\/ro\/wp-json\/wp\/v2\/media\/3720"}],"wp:attachment":[{"href":"https:\/\/redesignwithjulia.com\/ro\/wp-json\/wp\/v2\/media?parent=3719"}],"wp:term":[{"taxonomy":"product_cat","embeddable":true,"href":"https:\/\/redesignwithjulia.com\/ro\/wp-json\/wp\/v2\/product_cat?post=3719"},{"taxonomy":"product_tag","embeddable":true,"href":"https:\/\/redesignwithjulia.com\/ro\/wp-json\/wp\/v2\/product_tag?post=3719"}],"curies":[{"name":"wp","href":"https:\/\/api.w.org\/{rel}","templated":true}]}}