{"id":3726,"date":"2025-01-29T21:16:11","date_gmt":"2025-01-29T19:16:11","guid":{"rendered":"https:\/\/redesignwithjulia.com\/?post_type=product&#038;p=3726"},"modified":"2025-04-02T13:37:44","modified_gmt":"2025-04-02T11:37:44","slug":"transfer-decorativ-mobila-blossom-breeze","status":"publish","type":"product","link":"https:\/\/redesignwithjulia.com\/ro\/produs\/transfer-decorativ-mobila-blossom-breeze\/","title":{"rendered":"Transfer decorativ mobil\u0103 &#8211; Blossom Breeze"},"content":{"rendered":"<p>Las\u0103-\u021bi mobila s\u0103 \u00eenfloreasc\u0103 cu frumuse\u021bea gra\u021bioas\u0103 a mini transferukui Blossom Breeze.<\/p>\n<p>Bujorii moi, pictate \u0219i frunzele delicate danseaz\u0103 pe acest set de 3 foi, aduc\u00e2nd o senza\u021bie proasp\u0103t\u0103 \u0219i aerisit\u0103 proiectelor tale. Rozurile, cremurile \u0219i verdele atenuat creeaz\u0103 o palet\u0103 lini\u0219titoare, perfect\u0103 pentru o estetic\u0103 minimalist\u0103 sau pentru o not\u0103 de farmec de caban\u0103.<\/p>\n<p>Imagina\u021bi-v\u0103 aceste flori bl\u00e2nde \u00eempodobind o comod\u0103 alb\u0103 elegant\u0103, un dulap de ceai vintage sau chiar o cutie de bijuterii f\u0103cut\u0103 manual. Fie c\u0103 urm\u0103ri\u021bi o elegan\u021b\u0103 discret\u0103 sau o declara\u021bie romantic\u0103, Blossom Breeze ofer\u0103 posibilit\u0103\u021bi nelimitate.<\/p>\n<p>MOD DE UTILIZARE: Dezlipi\u021bi u\u0219or, pozi\u021biona\u021bi \u0219i freca\u021bi designul pe suprafa\u021ba dvs., fie c\u0103 este vorba de lemn, metal sau sticl\u0103. Sigila\u021bi cu cear\u0103 sau lac pentru a p\u0103stra frumuse\u021bea delicat\u0103 a acestui design floral atemporal.<\/p>\n<p>Dimensiuni: 15,25 x 30,5 cm<\/p>","protected":false},"excerpt":{"rendered":"<p>Las\u0103-\u021bi mobila s\u0103 \u00eenfloreasc\u0103 cu frumuse\u021bea gra\u021bioas\u0103 a mini transferukui Blossom Breeze. Bujorii moi, pictate \u0219i frunzele delicate danseaz\u0103 pe acest set de 3 foi, aduc\u00e2nd o senza\u021bie proasp\u0103t\u0103 \u0219i aerisit\u0103 proiectelor tale. Rozurile, cremurile \u0219i verdele atenuat creeaz\u0103 o palet\u0103 lini\u0219titoare, perfect\u0103 pentru o estetic\u0103 minimalist\u0103 sau pentru o not\u0103 de farmec de caban\u0103. [&hellip;]<\/p>","protected":false},"featured_media":3727,"comment_status":"open","ping_status":"closed","template":"","meta":{"_et_pb_use_builder":"","_et_pb_old_content":"","_et_gb_content_width":""},"product_cat":[75,25],"product_tag":[],"_links":{"self":[{"href":"https:\/\/redesignwithjulia.com\/ro\/wp-json\/wp\/v2\/product\/3726"}],"collection":[{"href":"https:\/\/redesignwithjulia.com\/ro\/wp-json\/wp\/v2\/product"}],"about":[{"href":"https:\/\/redesignwithjulia.com\/ro\/wp-json\/wp\/v2\/types\/product"}],"replies":[{"embeddable":true,"href":"https:\/\/redesignwithjulia.com\/ro\/wp-json\/wp\/v2\/comments?post=3726"}],"wp:featuredmedia":[{"embeddable":true,"href":"https:\/\/redesignwithjulia.com\/ro\/wp-json\/wp\/v2\/media\/3727"}],"wp:attachment":[{"href":"https:\/\/redesignwithjulia.com\/ro\/wp-json\/wp\/v2\/media?parent=3726"}],"wp:term":[{"taxonomy":"product_cat","embeddable":true,"href":"https:\/\/redesignwithjulia.com\/ro\/wp-json\/wp\/v2\/product_cat?post=3726"},{"taxonomy":"product_tag","embeddable":true,"href":"https:\/\/redesignwithjulia.com\/ro\/wp-json\/wp\/v2\/product_tag?post=3726"}],"curies":[{"name":"wp","href":"https:\/\/api.w.org\/{rel}","templated":true}]}}