{"id":3730,"date":"2025-01-29T21:44:00","date_gmt":"2025-01-29T19:44:00","guid":{"rendered":"https:\/\/redesignwithjulia.com\/?post_type=product&#038;p=3730"},"modified":"2025-10-06T20:15:31","modified_gmt":"2025-10-06T18:15:31","slug":"transfer-decorativ-mobila-indigo-petals","status":"publish","type":"product","link":"https:\/\/redesignwithjulia.com\/ro\/produs\/transfer-decorativ-mobila-indigo-petals\/","title":{"rendered":"Transfer decorativ mobil\u0103 &#8211; Indigo Petals"},"content":{"rendered":"<p>Transforma\u021bi-v\u0103 mobilierul \u00eentr-o pies\u0103 statement cu mini transferurile Indigo Petals.<\/p>\n<p>Florile indigo \u00eendr\u0103zne\u021be, frunzi\u0219ul complicat \u0219i fluturii zbur\u0103tori se unesc pentru a crea un design dramatic \u0219i rafinat \u00een acela\u0219i timp. Tonurile de albastru intens asociate cu verdea\u021ba moale fac ca acest transfer s\u0103 fie perfect pentru a ad\u0103uga o not\u0103 luxoas\u0103, dar atemporal\u0103, oric\u0103rui proiect.<\/p>\n<p>Imagina\u021bi-v\u0103 aceste flori izbitoare \u00eempodobind o comod\u0103 clasic\u0103 sau decor\u00e2nd un dulap de epoc\u0103 &#8211; ele aduc rafinament \u0219i un pic de dramatism oriunde merg. Fie c\u0103 renova\u021bi mobila sau ad\u0103uga\u021bi o not\u0103 de culoare unei piese de accent, acest transfer ofer\u0103 elegan\u021b\u0103 cu u\u0219urin\u021b\u0103. Include trei foi.<\/p>\n<p>MOD DE UTILIZARE: Cur\u0103\u021ba\u021bi-v\u0103 suprafa\u021ba, pozi\u021biona\u021bi designul \u0219i freca\u021bi u\u0219or pentru a-l aplica. Dup\u0103 ce a fost transferat, sigila\u021bi cu cear\u0103 transparent\u0103 sau lac pentru a p\u0103stra acele blues \u00eendr\u0103zne\u021be radiante pentru ani de zile.<\/p>\n<p>Dimensiuni: 15,25 x 30,5 cm<\/p>","protected":false},"excerpt":{"rendered":"<p>Transforma\u021bi-v\u0103 mobilierul \u00eentr-o pies\u0103 statement cu mini transferurile Indigo Petals. Florile indigo \u00eendr\u0103zne\u021be, frunzi\u0219ul complicat \u0219i fluturii zbur\u0103tori se unesc pentru a crea un design dramatic \u0219i rafinat \u00een acela\u0219i timp. Tonurile de albastru intens asociate cu verdea\u021ba moale fac ca acest transfer s\u0103 fie perfect pentru a ad\u0103uga o not\u0103 luxoas\u0103, dar atemporal\u0103, oric\u0103rui [&hellip;]<\/p>","protected":false},"featured_media":3731,"comment_status":"open","ping_status":"closed","template":"","meta":{"_et_pb_use_builder":"","_et_pb_old_content":"","_et_gb_content_width":""},"product_cat":[75,25],"product_tag":[],"_links":{"self":[{"href":"https:\/\/redesignwithjulia.com\/ro\/wp-json\/wp\/v2\/product\/3730"}],"collection":[{"href":"https:\/\/redesignwithjulia.com\/ro\/wp-json\/wp\/v2\/product"}],"about":[{"href":"https:\/\/redesignwithjulia.com\/ro\/wp-json\/wp\/v2\/types\/product"}],"replies":[{"embeddable":true,"href":"https:\/\/redesignwithjulia.com\/ro\/wp-json\/wp\/v2\/comments?post=3730"}],"wp:featuredmedia":[{"embeddable":true,"href":"https:\/\/redesignwithjulia.com\/ro\/wp-json\/wp\/v2\/media\/3731"}],"wp:attachment":[{"href":"https:\/\/redesignwithjulia.com\/ro\/wp-json\/wp\/v2\/media?parent=3730"}],"wp:term":[{"taxonomy":"product_cat","embeddable":true,"href":"https:\/\/redesignwithjulia.com\/ro\/wp-json\/wp\/v2\/product_cat?post=3730"},{"taxonomy":"product_tag","embeddable":true,"href":"https:\/\/redesignwithjulia.com\/ro\/wp-json\/wp\/v2\/product_tag?post=3730"}],"curies":[{"name":"wp","href":"https:\/\/api.w.org\/{rel}","templated":true}]}}