{"id":3748,"date":"2025-01-31T20:27:43","date_gmt":"2025-01-31T18:27:43","guid":{"rendered":"https:\/\/redesignwithjulia.com\/?post_type=product&#038;p=3748"},"modified":"2025-01-31T20:27:43","modified_gmt":"2025-01-31T18:27:43","slug":"pure-petal-elegance-material-decorativ-mobila-a3","status":"publish","type":"product","link":"https:\/\/redesignwithjulia.com\/ro\/produs\/pure-petal-elegance-material-decorativ-mobila-a3\/","title":{"rendered":"Pure Petal Elegance \u2013 material decorativ mobil\u0103 &#8211; A3"},"content":{"rendered":"<p>Florile moi \u0219i verdele \u00eenvolburat, care eman\u0103 gra\u021bie \u0219i elegan\u021b\u0103 atemporale, dau o not\u0103 feminin\u0103 \u00een noul nostru pachet Pure Petal Elegance, un pachet exclusiv de fibre A3 Decoupage de la Redesign with Prima.<\/p>\n<p>Dispun\u00e2nd de trei foi uimitoare de 29,7 x 42 cm, aceast\u0103 colec\u021bie prezint\u0103 frumuse\u021bea senin\u0103 a mentei moi, rozului fardat, verdelui delicat \u0219i florilor cremoase.<\/p>\n<p>Perfect\u0103 pentru a ad\u0103uga o not\u0103 romantic\u0103 \u0219i rafinat\u0103 proiectelor dvs. de materiale mixte, mobilier \u0219i decora\u021biuni interioare, Pure Petal Elegance aduce un farmec sofisticat, dar delicat.<\/p>\n<p>Pentru un finisaj impecabil, combina\u021bi cu Decoupage Gel \u00een varianta Matte sau Shine.<\/p>\n<p>Dimensiuni: 3 foi a c\u00e2te 29,7 x 42 cm<\/p>","protected":false},"excerpt":{"rendered":"<p>Florile moi \u0219i verdele \u00eenvolburat, care eman\u0103 gra\u021bie \u0219i elegan\u021b\u0103 atemporale, dau o not\u0103 feminin\u0103 \u00een noul nostru pachet Pure Petal Elegance, un pachet exclusiv de fibre A3 Decoupage de la Redesign with Prima. Dispun\u00e2nd de trei foi uimitoare de 29,7 x 42 cm, aceast\u0103 colec\u021bie prezint\u0103 frumuse\u021bea senin\u0103 a mentei moi, rozului fardat, verdelui [&hellip;]<\/p>","protected":false},"featured_media":3749,"comment_status":"open","ping_status":"closed","template":"","meta":{"_et_pb_use_builder":"","_et_pb_old_content":"","_et_gb_content_width":""},"product_cat":[67],"product_tag":[],"_links":{"self":[{"href":"https:\/\/redesignwithjulia.com\/ro\/wp-json\/wp\/v2\/product\/3748"}],"collection":[{"href":"https:\/\/redesignwithjulia.com\/ro\/wp-json\/wp\/v2\/product"}],"about":[{"href":"https:\/\/redesignwithjulia.com\/ro\/wp-json\/wp\/v2\/types\/product"}],"replies":[{"embeddable":true,"href":"https:\/\/redesignwithjulia.com\/ro\/wp-json\/wp\/v2\/comments?post=3748"}],"wp:featuredmedia":[{"embeddable":true,"href":"https:\/\/redesignwithjulia.com\/ro\/wp-json\/wp\/v2\/media\/3749"}],"wp:attachment":[{"href":"https:\/\/redesignwithjulia.com\/ro\/wp-json\/wp\/v2\/media?parent=3748"}],"wp:term":[{"taxonomy":"product_cat","embeddable":true,"href":"https:\/\/redesignwithjulia.com\/ro\/wp-json\/wp\/v2\/product_cat?post=3748"},{"taxonomy":"product_tag","embeddable":true,"href":"https:\/\/redesignwithjulia.com\/ro\/wp-json\/wp\/v2\/product_tag?post=3748"}],"curies":[{"name":"wp","href":"https:\/\/api.w.org\/{rel}","templated":true}]}}