{"id":3750,"date":"2025-01-31T20:32:46","date_gmt":"2025-01-31T18:32:46","guid":{"rendered":"https:\/\/redesignwithjulia.com\/?post_type=product&#038;p=3750"},"modified":"2025-10-06T09:41:58","modified_gmt":"2025-10-06T07:41:58","slug":"steampunk-wilderness-material-decorativ-mobila-a3","status":"publish","type":"product","link":"https:\/\/redesignwithjulia.com\/ro\/produs\/steampunk-wilderness-material-decorativ-mobila-a3\/","title":{"rendered":"Steampunk Wilderness \u2013 material decorativ mobil\u0103 &#8211; A3"},"content":{"rendered":"<p>Detalii steampunk captivante \u0219i elegan\u021b\u0103 mecanic\u0103 definesc pachetul exclusiv Steampunk Wilderness A3!<\/p>\n<p>De la c\u0103lu\u021bul de mare complicat, \u00eempodobit cu unelte, la farmecul \u00eendr\u0103zne\u021b \u0219i metalic al unui scarabeu, un \u0219arpe cu flori \u0219i o broasc\u0103 capricioas\u0103, aceast\u0103 colec\u021bie \u00eembin\u0103 minunat minunile naturii cu flerul industrial.<\/p>\n<p>Perfect\u0103 pentru infuzarea aventurii \u0219i a stilului steampunk de epoc\u0103 \u00een proiectele dvs. de materiale mixte, mobilier \u0219i decora\u021biuni interioare, Steampunk Wilderness ofer\u0103 o fuziune unic\u0103 a lumii naturale \u0219i a artei mecanice.<\/p>\n<p>Setul include trei foi uimitoare de 29,7 x 42 cm, exclusiv de la Redesign with Prima. Pentru un finisaj impecabil, combina\u021bi cu Decoupage Gel \u00een varianta mat\u0103 sau lucioas\u0103.<\/p>\n<p>&nbsp;<\/p>","protected":false},"excerpt":{"rendered":"<p>Detalii steampunk captivante \u0219i elegan\u021b\u0103 mecanic\u0103 definesc pachetul exclusiv Steampunk Wilderness A3! De la c\u0103lu\u021bul de mare complicat, \u00eempodobit cu unelte, la farmecul \u00eendr\u0103zne\u021b \u0219i metalic al unui scarabeu, un \u0219arpe cu flori \u0219i o broasc\u0103 capricioas\u0103, aceast\u0103 colec\u021bie \u00eembin\u0103 minunat minunile naturii cu flerul industrial. Perfect\u0103 pentru infuzarea aventurii \u0219i a stilului steampunk de [&hellip;]<\/p>","protected":false},"featured_media":3751,"comment_status":"open","ping_status":"closed","template":"","meta":{"_et_pb_use_builder":"","_et_pb_old_content":"","_et_gb_content_width":""},"product_cat":[67],"product_tag":[],"_links":{"self":[{"href":"https:\/\/redesignwithjulia.com\/ro\/wp-json\/wp\/v2\/product\/3750"}],"collection":[{"href":"https:\/\/redesignwithjulia.com\/ro\/wp-json\/wp\/v2\/product"}],"about":[{"href":"https:\/\/redesignwithjulia.com\/ro\/wp-json\/wp\/v2\/types\/product"}],"replies":[{"embeddable":true,"href":"https:\/\/redesignwithjulia.com\/ro\/wp-json\/wp\/v2\/comments?post=3750"}],"wp:featuredmedia":[{"embeddable":true,"href":"https:\/\/redesignwithjulia.com\/ro\/wp-json\/wp\/v2\/media\/3751"}],"wp:attachment":[{"href":"https:\/\/redesignwithjulia.com\/ro\/wp-json\/wp\/v2\/media?parent=3750"}],"wp:term":[{"taxonomy":"product_cat","embeddable":true,"href":"https:\/\/redesignwithjulia.com\/ro\/wp-json\/wp\/v2\/product_cat?post=3750"},{"taxonomy":"product_tag","embeddable":true,"href":"https:\/\/redesignwithjulia.com\/ro\/wp-json\/wp\/v2\/product_tag?post=3750"}],"curies":[{"name":"wp","href":"https:\/\/api.w.org\/{rel}","templated":true}]}}