{"id":3815,"date":"2025-02-04T10:14:43","date_gmt":"2025-02-04T08:14:43","guid":{"rendered":"https:\/\/redesignwithjulia.com\/?post_type=product&#038;p=3815"},"modified":"2025-02-04T10:15:05","modified_gmt":"2025-02-04T08:15:05","slug":"iepuras-decor","status":"publish","type":"product","link":"https:\/\/redesignwithjulia.com\/ro\/produs\/iepuras-decor\/","title":{"rendered":"Iepura\u0219 decor"},"content":{"rendered":"<p>Iepura\u0219ul este turnat din praf de marmur\u0103 \u0219i se \u00eembin\u0103 una \u00een cealalt\u0103. Se manipuleaz\u0103 cu grij\u0103 deoarece este casant. Se poate colora sau decora cu tehnica \u0219erve\u021belului. Se poate combina cu oul f\u0103cut \u00een aceea\u0219i tehnic\u0103.<\/p>","protected":false},"excerpt":{"rendered":"<p>Iepura\u0219ul este turnat din praf de marmur\u0103 \u0219i se \u00eembin\u0103 una \u00een cealalt\u0103. Se manipuleaz\u0103 cu grij\u0103 deoarece este casant. Se poate colora sau decora cu tehnica \u0219erve\u021belului. Se poate combina cu oul f\u0103cut \u00een aceea\u0219i tehnic\u0103.<\/p>","protected":false},"featured_media":3816,"comment_status":"open","ping_status":"closed","template":"","meta":{"_et_pb_use_builder":"","_et_pb_old_content":"","_et_gb_content_width":""},"product_cat":[80],"product_tag":[],"_links":{"self":[{"href":"https:\/\/redesignwithjulia.com\/ro\/wp-json\/wp\/v2\/product\/3815"}],"collection":[{"href":"https:\/\/redesignwithjulia.com\/ro\/wp-json\/wp\/v2\/product"}],"about":[{"href":"https:\/\/redesignwithjulia.com\/ro\/wp-json\/wp\/v2\/types\/product"}],"replies":[{"embeddable":true,"href":"https:\/\/redesignwithjulia.com\/ro\/wp-json\/wp\/v2\/comments?post=3815"}],"wp:featuredmedia":[{"embeddable":true,"href":"https:\/\/redesignwithjulia.com\/ro\/wp-json\/wp\/v2\/media\/3816"}],"wp:attachment":[{"href":"https:\/\/redesignwithjulia.com\/ro\/wp-json\/wp\/v2\/media?parent=3815"}],"wp:term":[{"taxonomy":"product_cat","embeddable":true,"href":"https:\/\/redesignwithjulia.com\/ro\/wp-json\/wp\/v2\/product_cat?post=3815"},{"taxonomy":"product_tag","embeddable":true,"href":"https:\/\/redesignwithjulia.com\/ro\/wp-json\/wp\/v2\/product_tag?post=3815"}],"curies":[{"name":"wp","href":"https:\/\/api.w.org\/{rel}","templated":true}]}}