{"id":3819,"date":"2025-02-04T10:18:09","date_gmt":"2025-02-04T08:18:09","guid":{"rendered":"https:\/\/redesignwithjulia.com\/?post_type=product&#038;p=3819"},"modified":"2025-04-07T18:57:33","modified_gmt":"2025-04-07T16:57:33","slug":"ou-decor","status":"publish","type":"product","link":"https:\/\/redesignwithjulia.com\/ro\/produs\/ou-decor\/","title":{"rendered":"Ou decor"},"content":{"rendered":"<p>Oul este turnat din praf de marmur\u0103 \u0219i se \u00eembin\u0103 una \u00een cealalt\u0103. Se manipuleaz\u0103 cu grij\u0103 deoarece este casant. Se poate colora sau decora cu tehnica \u0219erve\u021belului. Se poate combina cu iepura\u0219ul f\u0103cut \u00een aceea\u0219i tehnic\u0103.<\/p>","protected":false},"excerpt":{"rendered":"<p>Oul este turnat din praf de marmur\u0103 \u0219i se \u00eembin\u0103 una \u00een cealalt\u0103. Se manipuleaz\u0103 cu grij\u0103 deoarece este casant. Se poate colora sau decora cu tehnica \u0219erve\u021belului. Se poate combina cu iepura\u0219ul f\u0103cut \u00een aceea\u0219i tehnic\u0103.<\/p>","protected":false},"featured_media":3820,"comment_status":"open","ping_status":"closed","template":"","meta":{"_et_pb_use_builder":"","_et_pb_old_content":"","_et_gb_content_width":""},"product_cat":[80],"product_tag":[],"_links":{"self":[{"href":"https:\/\/redesignwithjulia.com\/ro\/wp-json\/wp\/v2\/product\/3819"}],"collection":[{"href":"https:\/\/redesignwithjulia.com\/ro\/wp-json\/wp\/v2\/product"}],"about":[{"href":"https:\/\/redesignwithjulia.com\/ro\/wp-json\/wp\/v2\/types\/product"}],"replies":[{"embeddable":true,"href":"https:\/\/redesignwithjulia.com\/ro\/wp-json\/wp\/v2\/comments?post=3819"}],"wp:featuredmedia":[{"embeddable":true,"href":"https:\/\/redesignwithjulia.com\/ro\/wp-json\/wp\/v2\/media\/3820"}],"wp:attachment":[{"href":"https:\/\/redesignwithjulia.com\/ro\/wp-json\/wp\/v2\/media?parent=3819"}],"wp:term":[{"taxonomy":"product_cat","embeddable":true,"href":"https:\/\/redesignwithjulia.com\/ro\/wp-json\/wp\/v2\/product_cat?post=3819"},{"taxonomy":"product_tag","embeddable":true,"href":"https:\/\/redesignwithjulia.com\/ro\/wp-json\/wp\/v2\/product_tag?post=3819"}],"curies":[{"name":"wp","href":"https:\/\/api.w.org\/{rel}","templated":true}]}}