{"id":3827,"date":"2025-02-04T18:49:57","date_gmt":"2025-02-04T16:49:57","guid":{"rendered":"https:\/\/redesignwithjulia.com\/?post_type=product&#038;p=3827"},"modified":"2025-02-04T19:36:22","modified_gmt":"2025-02-04T17:36:22","slug":"arabian-venus-matrita-silicon-dadarkararts-get-inspired","status":"publish","type":"product","link":"https:\/\/redesignwithjulia.com\/ro\/produs\/arabian-venus-matrita-silicon-dadarkararts-get-inspired\/","title":{"rendered":"Matri\u021b\u0103 silicon Arabian Venus &#8211; Dadarkararts &#8211; Get Inspired"},"content":{"rendered":"<p>Dimensiuni: 25.40 x 25.40 cm.<\/p>\n<p>Matri\u021be din silicon de \u00eenalt\u0103 calitate, perfecte pentru utilizarea cu lut, r\u0103\u0219in\u0103 \u0219i multe alte materiale. Perfecte pentru decor, art\u0103, medii mixte \u0219i aplica\u021bii alimentare. Rezistente la c\u0103ldur\u0103 \u0219i sigure pentru alimente.<\/p>","protected":false},"excerpt":{"rendered":"<p>Dimensiuni: 25.40 x 25.40 cm. Matri\u021be din silicon de \u00eenalt\u0103 calitate, perfecte pentru utilizarea cu lut, r\u0103\u0219in\u0103 \u0219i multe alte materiale. Perfecte pentru decor, art\u0103, medii mixte \u0219i aplica\u021bii alimentare. Rezistente la c\u0103ldur\u0103 \u0219i sigure pentru alimente.<\/p>","protected":false},"featured_media":3828,"comment_status":"open","ping_status":"closed","template":"","meta":{"_et_pb_use_builder":"","_et_pb_old_content":"","_et_gb_content_width":""},"product_cat":[61],"product_tag":[],"_links":{"self":[{"href":"https:\/\/redesignwithjulia.com\/ro\/wp-json\/wp\/v2\/product\/3827"}],"collection":[{"href":"https:\/\/redesignwithjulia.com\/ro\/wp-json\/wp\/v2\/product"}],"about":[{"href":"https:\/\/redesignwithjulia.com\/ro\/wp-json\/wp\/v2\/types\/product"}],"replies":[{"embeddable":true,"href":"https:\/\/redesignwithjulia.com\/ro\/wp-json\/wp\/v2\/comments?post=3827"}],"wp:featuredmedia":[{"embeddable":true,"href":"https:\/\/redesignwithjulia.com\/ro\/wp-json\/wp\/v2\/media\/3828"}],"wp:attachment":[{"href":"https:\/\/redesignwithjulia.com\/ro\/wp-json\/wp\/v2\/media?parent=3827"}],"wp:term":[{"taxonomy":"product_cat","embeddable":true,"href":"https:\/\/redesignwithjulia.com\/ro\/wp-json\/wp\/v2\/product_cat?post=3827"},{"taxonomy":"product_tag","embeddable":true,"href":"https:\/\/redesignwithjulia.com\/ro\/wp-json\/wp\/v2\/product_tag?post=3827"}],"curies":[{"name":"wp","href":"https:\/\/api.w.org\/{rel}","templated":true}]}}